{"id":5747,"date":"2026-05-07T19:17:01","date_gmt":"2026-05-07T19:17:01","guid":{"rendered":"https:\/\/novaluxeurope.com\/producto\/haramain-dehnal-oudh-ateeq-spray-55ml\/"},"modified":"2026-05-07T19:21:07","modified_gmt":"2026-05-07T19:21:07","slug":"haramain-dehnal-oudh-ateeq-spray-55ml","status":"publish","type":"product","link":"https:\/\/novaluxeurope.com\/en\/product\/haramain-dehnal-oudh-ateeq-spray-55ml\/","title":{"rendered":"HARAMAIN DEHNAL OUDH ATEEQ SPRAY 55ML"},"content":{"rendered":"<p>Al Haramain Dehnal Oudh Ateeq Eau de Parfum 55 ml es una fragancia unisex audaz y refinada que captura la profundidad y la riqueza del oud \u00e1rabe tradicional. Perteneciente a la familia olfativa Oriental Amaderada, combina c\u00e1lidas especias, ricas maderas y sutiles notas florales en una composici\u00f3n sofisticada y duradera. La fragancia se abre con notas brillantes y arom\u00e1ticas de geranio, bergamota y naranja, que ofrecen una introducci\u00f3n fresca y animada. El coraz\u00f3n revela la opulenta esencia de la madera de oud mezclada con clavo, azafr\u00e1n y suaves notas florales, creando un n\u00facleo ex\u00f3tico y especiado. Finalmente, la fragancia se asienta en una base c\u00e1lida y sensual de cedro, \u00e1mbar, almizcle y s\u00e1ndalo, dejando tras de s\u00ed una estela elegante y atemporal. Inspirado en el prestigio de la perfumer\u00eda de Oriente Medio, Dehnal Oudh Ateeq encarna el lujo puro, perfecto para la noche y las estaciones m\u00e1s fr\u00edas, cuando su profundidad y calidez brillan de verdad. NOTAS DE PERFUME Notas de salida: Geranio, Bergamota, Naranja Notas medias: Madera de agar, clavo, azafr\u00e1n, notas florales Notas de fondo: Cedro, \u00c1mbar, Almizcle, S\u00e1ndalo<\/p>\n<h4>Pir\u00e1mide olfativa<\/h4>\n<ul>\n<li><strong>Notas de entrada:<\/strong> Geranio, Bergamota, Naranja<\/li>\n<li><strong>Notas de coraz\u00f3n:<\/strong> Madera de agar (oud), Clavo, Azafr\u00e1n, Notas florales<\/li>\n<li><strong>Notas de salida:<\/strong> Cedro, \u00c1mbar, Almizcle, S\u00e1ndalo<\/li>\n<\/ul>","protected":false},"excerpt":{"rendered":"<p>Al Haramain Dehnal Oudh Ateeq Eau de Parfum 55 ml es una fragancia unisex audaz y refinada que captura la profundidad y la riqueza del oud \u00e1rabe tradicional. Perteneciente a la familia olfativa Oriental Amaderada, combina c\u00e1lidas especias, ricas maderas y sutiles notas florales en una composici\u00f3n sofisticada y duradera. La fragancia se abre con [&hellip;]<\/p>\n","protected":false},"featured_media":5746,"comment_status":"open","ping_status":"closed","template":"","meta":[],"product_brand":[718],"product_cat":[225],"product_tag":[59,52,87,102,53,207,131,416,98,333,174],"class_list":{"0":"post-5747","1":"product","2":"type-product","3":"status-publish","4":"has-post-thumbnail","6":"product_brand-al-haramain","7":"product_cat-perfumes-y-fragancias","8":"product_tag-almizcle","9":"product_tag-ambar","10":"product_tag-azafran","11":"product_tag-bergamota","12":"product_tag-cedro","13":"product_tag-clavo","14":"product_tag-geranio","15":"product_tag-madera-de-agar-oud","16":"product_tag-naranja","17":"product_tag-notas-florales","18":"product_tag-sandalo","20":"first","21":"outofstock","22":"taxable","23":"shipping-taxable","24":"product-type-simple"},"_links":{"self":[{"href":"https:\/\/novaluxeurope.com\/en\/wp-json\/wp\/v2\/product\/5747","targetHints":{"allow":["GET"]}}],"collection":[{"href":"https:\/\/novaluxeurope.com\/en\/wp-json\/wp\/v2\/product"}],"about":[{"href":"https:\/\/novaluxeurope.com\/en\/wp-json\/wp\/v2\/types\/product"}],"replies":[{"embeddable":true,"href":"https:\/\/novaluxeurope.com\/en\/wp-json\/wp\/v2\/comments?post=5747"}],"wp:featuredmedia":[{"embeddable":true,"href":"https:\/\/novaluxeurope.com\/en\/wp-json\/wp\/v2\/media\/5746"}],"wp:attachment":[{"href":"https:\/\/novaluxeurope.com\/en\/wp-json\/wp\/v2\/media?parent=5747"}],"wp:term":[{"taxonomy":"product_brand","embeddable":true,"href":"https:\/\/novaluxeurope.com\/en\/wp-json\/wp\/v2\/product_brand?post=5747"},{"taxonomy":"product_cat","embeddable":true,"href":"https:\/\/novaluxeurope.com\/en\/wp-json\/wp\/v2\/product_cat?post=5747"},{"taxonomy":"product_tag","embeddable":true,"href":"https:\/\/novaluxeurope.com\/en\/wp-json\/wp\/v2\/product_tag?post=5747"}],"curies":[{"name":"wp","href":"https:\/\/api.w.org\/{rel}","templated":true}]}}