{"id":5744,"date":"2026-05-07T19:17:00","date_gmt":"2026-05-07T19:17:00","guid":{"rendered":"https:\/\/novaluxeurope.com\/producto\/haramain-ajwa-spray-80ml\/"},"modified":"2026-05-07T19:21:08","modified_gmt":"2026-05-07T19:21:08","slug":"haramain-ajwa-spray-80ml","status":"publish","type":"product","link":"https:\/\/novaluxeurope.com\/en\/product\/haramain-ajwa-spray-80ml\/","title":{"rendered":"HARAMAIN AJWA SPRAY (80ML)"},"content":{"rendered":"<p>Al Haramain Ajwa Eau de Parfum 80 ml es una sofisticada fragancia unisex que mezcla con elegancia notas florales, c\u00edtricas y orientales para una experiencia olfativa duradera y refinada. Pertenece a la familia olfativa Oriental Floral y ofrece una composici\u00f3n armoniosa y vers\u00e1til. La fragancia se abre con brillantes y vigorizantes notas de salida de lim\u00f3n, bergamota, lavanda y azahar, que crean una introducci\u00f3n fresca y estimulante. El coraz\u00f3n revela una delicada mezcla de manzanilla, ylang-ylang, \u00e1mbar y rosa, que aporta riqueza y profundidad floral. El fondo se asienta en c\u00e1lidas y sensuales notas de s\u00e1ndalo, comino, especias, almizcle y azafr\u00e1n, dejando una estela duradera y elegante. Ajwa es ideal tanto para el d\u00eda como para la noche, por lo que es perfecta para cualquiera que busque una fragancia lujosa y atemporal. NOTAS DE PERFUME Notas de salida: Lim\u00f3n, Bergamota, Lavanda, Azahar Notas medias: Manzanilla, Ylang-ylang, \u00c1mbar, Rosa Notas de Fondo: S\u00e1ndalo, Comino, Notas especiadas, Almizcle, Azafr\u00e1n<\/p>\n<h4>Pir\u00e1mide olfativa<\/h4>\n<ul>\n<li><strong>Notas de entrada:<\/strong> Lim\u00f3n, Bergamota, Lavanda, Azahar<\/li>\n<li><strong>Notas de coraz\u00f3n:<\/strong> Manzanilla, Ylang-Ylang, \u00c1mbar, Rosa<\/li>\n<li><strong>Notas de salida:<\/strong> S\u00e1ndalo, Comino, Notas picantes, Almizcle, Azafr\u00e1n<\/li>\n<\/ul>","protected":false},"excerpt":{"rendered":"<p>Al Haramain Ajwa Eau de Parfum 80 ml es una sofisticada fragancia unisex que mezcla con elegancia notas florales, c\u00edtricas y orientales para una experiencia olfativa duradera y refinada. Pertenece a la familia olfativa Oriental Floral y ofrece una composici\u00f3n armoniosa y vers\u00e1til. La fragancia se abre con brillantes y vigorizantes notas de salida de [&hellip;]<\/p>\n","protected":false},"featured_media":5743,"comment_status":"open","ping_status":"closed","template":"","meta":[],"product_brand":[718],"product_cat":[225],"product_tag":[59,52,87,353,102,170,73,140,635,727,49,174,149],"class_list":{"0":"post-5744","1":"product","2":"type-product","3":"status-publish","4":"has-post-thumbnail","6":"product_brand-al-haramain","7":"product_cat-perfumes-y-fragancias","8":"product_tag-almizcle","9":"product_tag-ambar","10":"product_tag-azafran","11":"product_tag-azahar","12":"product_tag-bergamota","13":"product_tag-comino","14":"product_tag-lavanda","15":"product_tag-limon","16":"product_tag-manzanilla","17":"product_tag-notas-picantes","18":"product_tag-rosa","19":"product_tag-sandalo","20":"product_tag-ylang-ylang","22":"first","23":"outofstock","24":"taxable","25":"shipping-taxable","26":"product-type-simple"},"_links":{"self":[{"href":"https:\/\/novaluxeurope.com\/en\/wp-json\/wp\/v2\/product\/5744","targetHints":{"allow":["GET"]}}],"collection":[{"href":"https:\/\/novaluxeurope.com\/en\/wp-json\/wp\/v2\/product"}],"about":[{"href":"https:\/\/novaluxeurope.com\/en\/wp-json\/wp\/v2\/types\/product"}],"replies":[{"embeddable":true,"href":"https:\/\/novaluxeurope.com\/en\/wp-json\/wp\/v2\/comments?post=5744"}],"wp:featuredmedia":[{"embeddable":true,"href":"https:\/\/novaluxeurope.com\/en\/wp-json\/wp\/v2\/media\/5743"}],"wp:attachment":[{"href":"https:\/\/novaluxeurope.com\/en\/wp-json\/wp\/v2\/media?parent=5744"}],"wp:term":[{"taxonomy":"product_brand","embeddable":true,"href":"https:\/\/novaluxeurope.com\/en\/wp-json\/wp\/v2\/product_brand?post=5744"},{"taxonomy":"product_cat","embeddable":true,"href":"https:\/\/novaluxeurope.com\/en\/wp-json\/wp\/v2\/product_cat?post=5744"},{"taxonomy":"product_tag","embeddable":true,"href":"https:\/\/novaluxeurope.com\/en\/wp-json\/wp\/v2\/product_tag?post=5744"}],"curies":[{"name":"wp","href":"https:\/\/api.w.org\/{rel}","templated":true}]}}