{"id":5733,"date":"2026-05-07T19:16:57","date_gmt":"2026-05-07T19:16:57","guid":{"rendered":"https:\/\/novaluxeurope.com\/producto\/al-haramain-royal-musk-100ml-spray\/"},"modified":"2026-05-07T19:21:08","modified_gmt":"2026-05-07T19:21:08","slug":"al-haramain-royal-musk-100ml-spray","status":"publish","type":"product","link":"https:\/\/novaluxeurope.com\/en\/product\/al-haramain-royal-musk-100ml-spray\/","title":{"rendered":"AL HARAMAIN ROYAL MUSK 100ML SPRAY"},"content":{"rendered":"<p>Al Haramain Royal Musk Eau de Parfum 100 ml es una elegante fragancia unisex que mezcla armoniosamente notas florales, almizcladas y c\u00edtricas para un aroma refinado y duradero. Pertenece a la familia olfativa Almizcle Floral y ofrece una composici\u00f3n sofisticada y vers\u00e1til. La fragancia se abre con notas de salida brillantes y vigorizantes de ylang-ylang , bergamota y pimienta , creando una introducci\u00f3n fresca y en\u00e9rgica. El coraz\u00f3n revela un delicado bouquet de lirio, jazm\u00edn y lirio de los valles, que aporta elegancia y profundidad floral. El fondo se asienta en un c\u00e1lido y sensual almizcle y cera de abejas, dejando una estela suave y persistente que destila refinamiento y gracia. Royal Musk es ideal tanto para el d\u00eda como para la noche, por lo que es perfecto para cualquiera que busque una fragancia lujosa y atemporal. NOTAS DE PERFUME Notas de salida: Ylang-ylang, Bergamota, Pimienta Notas medias: Orris, Jazm\u00edn, Lirio de los valles Notas de fondo: Almizcle, Cera de abejas<\/p>\n<h4>Pir\u00e1mide olfativa<\/h4>\n<ul>\n<li><strong>Notas de entrada:<\/strong> Ylang-Ylang, Bergamota, Pimienta<\/li>\n<li><strong>Notas de coraz\u00f3n:<\/strong> Orris, Jazm\u00edn, Lirio de los valles<\/li>\n<li><strong>Notas de salida:<\/strong> Almizcle, Cera de abejas<\/li>\n<\/ul>","protected":false},"excerpt":{"rendered":"<p>Al Haramain Royal Musk Eau de Parfum 100 ml es una elegante fragancia unisex que mezcla armoniosamente notas florales, almizcladas y c\u00edtricas para un aroma refinado y duradero. Pertenece a la familia olfativa Almizcle Floral y ofrece una composici\u00f3n sofisticada y vers\u00e1til. La fragancia se abre con notas de salida brillantes y vigorizantes de ylang-ylang [&hellip;]<\/p>\n","protected":false},"featured_media":5732,"comment_status":"open","ping_status":"closed","template":"","meta":[],"product_brand":[718],"product_cat":[225],"product_tag":[59,102,726,56,85,266,205,149],"class_list":{"0":"post-5733","1":"product","2":"type-product","3":"status-publish","4":"has-post-thumbnail","6":"product_brand-al-haramain","7":"product_cat-perfumes-y-fragancias","8":"product_tag-almizcle","9":"product_tag-bergamota","10":"product_tag-cera-de-abejas","11":"product_tag-jazmin","12":"product_tag-lirio-de-los-valles","13":"product_tag-orris","14":"product_tag-pimienta","15":"product_tag-ylang-ylang","17":"first","18":"outofstock","19":"taxable","20":"shipping-taxable","21":"product-type-simple"},"_links":{"self":[{"href":"https:\/\/novaluxeurope.com\/en\/wp-json\/wp\/v2\/product\/5733","targetHints":{"allow":["GET"]}}],"collection":[{"href":"https:\/\/novaluxeurope.com\/en\/wp-json\/wp\/v2\/product"}],"about":[{"href":"https:\/\/novaluxeurope.com\/en\/wp-json\/wp\/v2\/types\/product"}],"replies":[{"embeddable":true,"href":"https:\/\/novaluxeurope.com\/en\/wp-json\/wp\/v2\/comments?post=5733"}],"wp:featuredmedia":[{"embeddable":true,"href":"https:\/\/novaluxeurope.com\/en\/wp-json\/wp\/v2\/media\/5732"}],"wp:attachment":[{"href":"https:\/\/novaluxeurope.com\/en\/wp-json\/wp\/v2\/media?parent=5733"}],"wp:term":[{"taxonomy":"product_brand","embeddable":true,"href":"https:\/\/novaluxeurope.com\/en\/wp-json\/wp\/v2\/product_brand?post=5733"},{"taxonomy":"product_cat","embeddable":true,"href":"https:\/\/novaluxeurope.com\/en\/wp-json\/wp\/v2\/product_cat?post=5733"},{"taxonomy":"product_tag","embeddable":true,"href":"https:\/\/novaluxeurope.com\/en\/wp-json\/wp\/v2\/product_tag?post=5733"}],"curies":[{"name":"wp","href":"https:\/\/api.w.org\/{rel}","templated":true}]}}