{"id":5725,"date":"2026-05-07T19:16:53","date_gmt":"2026-05-07T19:16:53","guid":{"rendered":"https:\/\/novaluxeurope.com\/producto\/al-haramain-opulent-sapphire-spray-100ml\/"},"modified":"2026-05-07T19:21:08","modified_gmt":"2026-05-07T19:21:08","slug":"al-haramain-opulent-sapphire-spray-100ml","status":"publish","type":"product","link":"https:\/\/novaluxeurope.com\/en\/product\/al-haramain-opulent-sapphire-spray-100ml\/","title":{"rendered":"AL HARAMAIN OPULENT SAPPHIRE SPRAY 100ML"},"content":{"rendered":"<p>Al Haramain Opulent Sapphire Eau de Parfum 100 ml es una refinada fragancia unisex que encarna la frescura, la elegancia y una sutil sofisticaci\u00f3n marina. Perteneciente a la familia olfativa Amaderada Arom\u00e1tica , combina el brillo c\u00edtrico, los florales arom\u00e1ticos y una base amaderada para una composici\u00f3n equilibrada y duradera. La fragancia se abre con vibrantes notas de salida de mirto, lim\u00f3n, bergamota y albahaca, que ofrecen una introducci\u00f3n fresca y vigorizante. El coraz\u00f3n revela una armoniosa mezcla de jazm\u00edn, notas marinas y rosa, que aportan frescura, elegancia floral y un toque de profundidad acu\u00e1tica. El fondo se asienta en el cedro, el enebro y el \u00e1mbar, que aportan calidez, riqueza amaderada y un acabado sofisticado. Opulent Sapphire es perfecto tanto para el d\u00eda como para la noche, ideal para cualquiera que busque una fragancia arom\u00e1tica vers\u00e1til y lujosa. NOTAS DE PERFUME Notas de salida: Mirto, Lim\u00f3n, Bergamota, Albahaca Notas medias: Jazm\u00edn, Notas marinas, Rosa Notas de fondo: Cedro, Enebro, \u00c1mbar<\/p>\n<h4>Pir\u00e1mide olfativa<\/h4>\n<ul>\n<li><strong>Notas de entrada:<\/strong> Myrtle, Lim\u00f3n, Bergamota, Albahaca<\/li>\n<li><strong>Notas de coraz\u00f3n:<\/strong> Jazm\u00edn, Notas de mar, Rosa<\/li>\n<li><strong>Notas de salida:<\/strong> Cedro, Juniper, \u00c1mbar<\/li>\n<\/ul>","protected":false},"excerpt":{"rendered":"<p>Al Haramain Opulent Sapphire Eau de Parfum 100 ml es una refinada fragancia unisex que encarna la frescura, la elegancia y una sutil sofisticaci\u00f3n marina. Perteneciente a la familia olfativa Amaderada Arom\u00e1tica , combina el brillo c\u00edtrico, los florales arom\u00e1ticos y una base amaderada para una composici\u00f3n equilibrada y duradera. La fragancia se abre con [&hellip;]<\/p>\n","protected":false},"featured_media":5724,"comment_status":"open","ping_status":"closed","template":"","meta":[],"product_brand":[718],"product_cat":[225],"product_tag":[184,52,102,53,56,592,140,725,358,49],"class_list":{"0":"post-5725","1":"product","2":"type-product","3":"status-publish","4":"has-post-thumbnail","6":"product_brand-al-haramain","7":"product_cat-perfumes-y-fragancias","8":"product_tag-albahaca","9":"product_tag-ambar","10":"product_tag-bergamota","11":"product_tag-cedro","12":"product_tag-jazmin","13":"product_tag-juniper","14":"product_tag-limon","15":"product_tag-myrtle","16":"product_tag-notas-de-mar","17":"product_tag-rosa","19":"first","20":"outofstock","21":"taxable","22":"shipping-taxable","23":"product-type-simple"},"_links":{"self":[{"href":"https:\/\/novaluxeurope.com\/en\/wp-json\/wp\/v2\/product\/5725","targetHints":{"allow":["GET"]}}],"collection":[{"href":"https:\/\/novaluxeurope.com\/en\/wp-json\/wp\/v2\/product"}],"about":[{"href":"https:\/\/novaluxeurope.com\/en\/wp-json\/wp\/v2\/types\/product"}],"replies":[{"embeddable":true,"href":"https:\/\/novaluxeurope.com\/en\/wp-json\/wp\/v2\/comments?post=5725"}],"wp:featuredmedia":[{"embeddable":true,"href":"https:\/\/novaluxeurope.com\/en\/wp-json\/wp\/v2\/media\/5724"}],"wp:attachment":[{"href":"https:\/\/novaluxeurope.com\/en\/wp-json\/wp\/v2\/media?parent=5725"}],"wp:term":[{"taxonomy":"product_brand","embeddable":true,"href":"https:\/\/novaluxeurope.com\/en\/wp-json\/wp\/v2\/product_brand?post=5725"},{"taxonomy":"product_cat","embeddable":true,"href":"https:\/\/novaluxeurope.com\/en\/wp-json\/wp\/v2\/product_cat?post=5725"},{"taxonomy":"product_tag","embeddable":true,"href":"https:\/\/novaluxeurope.com\/en\/wp-json\/wp\/v2\/product_tag?post=5725"}],"curies":[{"name":"wp","href":"https:\/\/api.w.org\/{rel}","templated":true}]}}