{"id":5717,"date":"2026-05-07T19:16:49","date_gmt":"2026-05-07T19:16:49","guid":{"rendered":"https:\/\/novaluxeurope.com\/producto\/al-haramain-opulent-saffron-spray-100ml\/"},"modified":"2026-05-07T19:21:08","modified_gmt":"2026-05-07T19:21:08","slug":"al-haramain-opulent-saffron-spray-100ml","status":"publish","type":"product","link":"https:\/\/novaluxeurope.com\/en\/product\/al-haramain-opulent-saffron-spray-100ml\/","title":{"rendered":"AL HARAMAIN OPULENT SAFFRON SPRAY 100ML"},"content":{"rendered":"<p>Al Haramain Opulent Saffron Eau de Parfum 100 ml es una elegante fragancia unisex que combina acordes frutales, florales y orientales en una experiencia olfativa lujosa y duradera. Pertenece a la familia olfativa Oriental Floral y aporta sofisticaci\u00f3n y calidez, por lo que es ideal para quienes aprecian las composiciones ricas y opulentas. La fragancia se abre con notas de salida frescas y luminosas de flor de cerezo, ylang-ylang y bergamota, que crean una introducci\u00f3n estimulante y estimulante. El coraz\u00f3n presenta una refinada mezcla de amaretto, heliotropo, rosa y notas empolvadas, que a\u00f1aden profundidad, dulzura y elegancia floral. El fondo, anclado en ante, \u00e1mbar y haba tonka, proporciona un acabado c\u00e1lido, sensual y duradero que perdura maravillosamente en la piel. Opulent Saffron es vers\u00e1til tanto para el d\u00eda como para la noche, perfecto para cualquiera que busque una fragancia sofisticada con un lujoso car\u00e1cter oriental-floral. NOTAS DE PERFUME Notas de salida: Flor de cerezo, Ylang-ylang, Bergamota Notas medias: Amaretto, Heliotropo, Rosa, Notas empolvadas Notas de fondo: Ante, \u00c1mbar, Haba tonka<\/p>\n<h4>Pir\u00e1mide olfativa<\/h4>\n<ul>\n<li><strong>Notas de entrada:<\/strong> Flor de cerezo, Ylang-Ylang, Bergamota<\/li>\n<li><strong>Notas de coraz\u00f3n:<\/strong> Amaretto, Heliotropo, Rosa, Notas empolvadas<\/li>\n<li><strong>Notas de salida:<\/strong> Ante, \u00c1mbar, Haba Tonka<\/li>\n<\/ul>","protected":false},"excerpt":{"rendered":"<p>Al Haramain Opulent Saffron Eau de Parfum 100 ml es una elegante fragancia unisex que combina acordes frutales, florales y orientales en una experiencia olfativa lujosa y duradera. Pertenece a la familia olfativa Oriental Floral y aporta sofisticaci\u00f3n y calidez, por lo que es ideal para quienes aprecian las composiciones ricas y opulentas. La fragancia [&hellip;]<\/p>\n","protected":false},"featured_media":5716,"comment_status":"open","ping_status":"closed","template":"","meta":[],"product_brand":[718],"product_cat":[225],"product_tag":[251,52,479,102,724,79,217,471,49,149],"class_list":{"0":"post-5717","1":"product","2":"type-product","3":"status-publish","4":"has-post-thumbnail","6":"product_brand-al-haramain","7":"product_cat-perfumes-y-fragancias","8":"product_tag-amaretto","9":"product_tag-ambar","10":"product_tag-ante","11":"product_tag-bergamota","12":"product_tag-flor-de-cerezo","13":"product_tag-haba-tonka","14":"product_tag-heliotropo","15":"product_tag-notas-empolvadas","16":"product_tag-rosa","17":"product_tag-ylang-ylang","19":"first","20":"outofstock","21":"taxable","22":"shipping-taxable","23":"product-type-simple"},"_links":{"self":[{"href":"https:\/\/novaluxeurope.com\/en\/wp-json\/wp\/v2\/product\/5717","targetHints":{"allow":["GET"]}}],"collection":[{"href":"https:\/\/novaluxeurope.com\/en\/wp-json\/wp\/v2\/product"}],"about":[{"href":"https:\/\/novaluxeurope.com\/en\/wp-json\/wp\/v2\/types\/product"}],"replies":[{"embeddable":true,"href":"https:\/\/novaluxeurope.com\/en\/wp-json\/wp\/v2\/comments?post=5717"}],"wp:featuredmedia":[{"embeddable":true,"href":"https:\/\/novaluxeurope.com\/en\/wp-json\/wp\/v2\/media\/5716"}],"wp:attachment":[{"href":"https:\/\/novaluxeurope.com\/en\/wp-json\/wp\/v2\/media?parent=5717"}],"wp:term":[{"taxonomy":"product_brand","embeddable":true,"href":"https:\/\/novaluxeurope.com\/en\/wp-json\/wp\/v2\/product_brand?post=5717"},{"taxonomy":"product_cat","embeddable":true,"href":"https:\/\/novaluxeurope.com\/en\/wp-json\/wp\/v2\/product_cat?post=5717"},{"taxonomy":"product_tag","embeddable":true,"href":"https:\/\/novaluxeurope.com\/en\/wp-json\/wp\/v2\/product_tag?post=5717"}],"curies":[{"name":"wp","href":"https:\/\/api.w.org\/{rel}","templated":true}]}}