{"id":5710,"date":"2026-05-07T19:16:47","date_gmt":"2026-05-07T19:16:47","guid":{"rendered":"https:\/\/novaluxeurope.com\/producto\/al-haramain-musk-maliki-100ml-spray\/"},"modified":"2026-05-07T19:21:08","modified_gmt":"2026-05-07T19:21:08","slug":"al-haramain-musk-maliki-100ml-spray","status":"publish","type":"product","link":"https:\/\/novaluxeurope.com\/en\/product\/al-haramain-musk-maliki-100ml-spray\/","title":{"rendered":"AL HARAMAIN MUSK MALIKI 100ML SPRAY"},"content":{"rendered":"<p>Al Haramain Musk Maliki Eau de Parfum 100 ml es una refinada fragancia unisex que combina con maestr\u00eda frescura, flores y almizcle en una sofisticada experiencia olfativa. Pertenece a la familia olfativa Almizcle Floral Amaderado y desprende elegancia y encanto, por lo que es perfecta para cualquiera que busque un aroma de autor que equilibre la vitalidad con la calidez. La fragancia se abre con una animada combinaci\u00f3n de manzana verde, lim\u00f3n y hojas de violeta, ofreciendo una introducci\u00f3n fresca y en\u00e9rgica. El coraz\u00f3n se despliega en un rico bouquet floral de jazm\u00edn marroqu\u00ed, jazm\u00edn italiano, rosa b\u00falgara y geranio, que a\u00f1ade profundidad, sofisticaci\u00f3n y una sutil dulzura. El fondo revela una lujosa mezcla de narciso, almizcle y s\u00e1ndalo, creando un acabado c\u00e1lido, sensual y duradero. Musk Maliki es lo suficientemente vers\u00e1til como para llevarlo tanto de d\u00eda como de noche, dejando una estela elegante y cautivadora. Su equilibrada composici\u00f3n la hace ideal para quienes aprecian las fragancias florales almizcladas refinadas con un toque moderno. NOTAS DE PERFUME Notas de salida: Manzana verde, Lim\u00f3n, Hoja de violeta Notas medias: Jazm\u00edn marroqu\u00ed, jazm\u00edn italiano, rosa b\u00falgara, geranio Notas de fondo: Narciso, Almizcle, S\u00e1ndalo<\/p>\n<h4>Pir\u00e1mide olfativa<\/h4>\n<ul>\n<li><strong>Notas de entrada:<\/strong> Manzana verde, Lim\u00f3n, Hoja violeta<\/li>\n<li><strong>Notas de coraz\u00f3n:<\/strong> Jazm\u00edn marroqu\u00ed, Jazm\u00edn italiano, Rosa b\u00falgara, Geranio<\/li>\n<li><strong>Notas de salida:<\/strong> Narciso, Almizcle, S\u00e1ndalo<\/li>\n<\/ul>","protected":false},"excerpt":{"rendered":"<p>Al Haramain Musk Maliki Eau de Parfum 100 ml es una refinada fragancia unisex que combina con maestr\u00eda frescura, flores y almizcle en una sofisticada experiencia olfativa. Pertenece a la familia olfativa Almizcle Floral Amaderado y desprende elegancia y encanto, por lo que es perfecta para cualquiera que busque un aroma de autor que equilibre [&hellip;]<\/p>\n","protected":false},"featured_media":5709,"comment_status":"open","ping_status":"closed","template":"","meta":[],"product_brand":[718],"product_cat":[225],"product_tag":[59,131,376,722,402,140,123,723,433,174],"class_list":{"0":"post-5710","1":"product","2":"type-product","3":"status-publish","4":"has-post-thumbnail","6":"product_brand-al-haramain","7":"product_cat-perfumes-y-fragancias","8":"product_tag-almizcle","9":"product_tag-geranio","10":"product_tag-hoja-violeta","11":"product_tag-jazmin-italiano","12":"product_tag-jazmin-marroqui","13":"product_tag-limon","14":"product_tag-manzana-verde","15":"product_tag-narciso","16":"product_tag-rosa-bulgara","17":"product_tag-sandalo","19":"first","20":"outofstock","21":"taxable","22":"shipping-taxable","23":"product-type-simple"},"_links":{"self":[{"href":"https:\/\/novaluxeurope.com\/en\/wp-json\/wp\/v2\/product\/5710","targetHints":{"allow":["GET"]}}],"collection":[{"href":"https:\/\/novaluxeurope.com\/en\/wp-json\/wp\/v2\/product"}],"about":[{"href":"https:\/\/novaluxeurope.com\/en\/wp-json\/wp\/v2\/types\/product"}],"replies":[{"embeddable":true,"href":"https:\/\/novaluxeurope.com\/en\/wp-json\/wp\/v2\/comments?post=5710"}],"wp:featuredmedia":[{"embeddable":true,"href":"https:\/\/novaluxeurope.com\/en\/wp-json\/wp\/v2\/media\/5709"}],"wp:attachment":[{"href":"https:\/\/novaluxeurope.com\/en\/wp-json\/wp\/v2\/media?parent=5710"}],"wp:term":[{"taxonomy":"product_brand","embeddable":true,"href":"https:\/\/novaluxeurope.com\/en\/wp-json\/wp\/v2\/product_brand?post=5710"},{"taxonomy":"product_cat","embeddable":true,"href":"https:\/\/novaluxeurope.com\/en\/wp-json\/wp\/v2\/product_cat?post=5710"},{"taxonomy":"product_tag","embeddable":true,"href":"https:\/\/novaluxeurope.com\/en\/wp-json\/wp\/v2\/product_tag?post=5710"}],"curies":[{"name":"wp","href":"https:\/\/api.w.org\/{rel}","templated":true}]}}