{"id":5702,"date":"2026-05-07T19:16:45","date_gmt":"2026-05-07T19:16:45","guid":{"rendered":"https:\/\/novaluxeurope.com\/producto\/al-haramain-musk-collection-100ml-spray\/"},"modified":"2026-05-07T19:21:08","modified_gmt":"2026-05-07T19:21:08","slug":"al-haramain-musk-collection-100ml-spray","status":"publish","type":"product","link":"https:\/\/novaluxeurope.com\/en\/product\/al-haramain-musk-collection-100ml-spray\/","title":{"rendered":"AL HARAMAIN MUSK COLLECTION 100ML SPRAY"},"content":{"rendered":"<p>Al Haramain Musk Collection Eau de Parfum 100 ml es una elegante fragancia unisex que celebra el encanto atemporal del almizcle con un refinado toque moderno. Perteneciente a la familia olfativa Almizcle Amaderado Floral, combina frescura, calidez y sofisticaci\u00f3n, lo que la convierte en una fragancia de autor perfecta tanto para hombres como para mujeres. La fragancia se abre con una chispeante mezcla de lim\u00f3n, menta y suaves flores blancas, ofreciendo una introducci\u00f3n viva y estimulante. El coraz\u00f3n revela una composici\u00f3n floral especiada de jengibre, nuez moscada, jazm\u00edn y lirio de los valles, que aporta profundidad y car\u00e1cter. A medida que se asienta, la base se despliega en una fusi\u00f3n suave y sensual de rosa, almizcle, s\u00e1ndalo, cedro y pachul\u00ed, creando un acabado duradero y aterciopelado. Musk Collection de Al Haramain encarna el lujo discreto, lo bastante fresco para llevarlo a diario, pero rico y seductor para las noches. Es una fragancia vers\u00e1til que deja una estela limpia y reconfortante al tiempo que irradia confianza y elegancia. NOTAS DE PERFUME Notas de salida: Lim\u00f3n, Menta, Flores blancas Notas medias: Jengibre, Nuez moscada, Jazm\u00edn, Lirio de los valles Notas de fondo: Rosa, Almizcle, S\u00e1ndalo, Cedro, Pachul\u00ed<\/p>\n<h4>Pir\u00e1mide olfativa<\/h4>\n<ul>\n<li><strong>Notas de entrada:<\/strong> Lim\u00f3n, Menta, Flores blancas<\/li>\n<li><strong>Notas de coraz\u00f3n:<\/strong> Jengibre, Nuez moscada, Jazm\u00edn, Lirio de los valles (Muguet)<\/li>\n<li><strong>Notas de salida:<\/strong> Rosa, Almizcle, S\u00e1ndalo, Cedro, Pachul\u00ed<\/li>\n<\/ul>","protected":false},"excerpt":{"rendered":"<p>Al Haramain Musk Collection Eau de Parfum 100 ml es una elegante fragancia unisex que celebra el encanto atemporal del almizcle con un refinado toque moderno. Perteneciente a la familia olfativa Almizcle Amaderado Floral, combina frescura, calidez y sofisticaci\u00f3n, lo que la convierte en una fragancia de autor perfecta tanto para hombres como para mujeres. [&hellip;]<\/p>\n","protected":false},"featured_media":5701,"comment_status":"open","ping_status":"closed","template":"","meta":[],"product_brand":[718],"product_cat":[225],"product_tag":[59,53,110,56,180,140,721,194,95,67,49,174],"class_list":{"0":"post-5702","1":"product","2":"type-product","3":"status-publish","4":"has-post-thumbnail","6":"product_brand-al-haramain","7":"product_cat-perfumes-y-fragancias","8":"product_tag-almizcle","9":"product_tag-cedro","10":"product_tag-flores-blancas","11":"product_tag-jazmin","12":"product_tag-jengibre","13":"product_tag-limon","14":"product_tag-lirio-de-los-valles-muguet","15":"product_tag-menta","16":"product_tag-nuez-moscada","17":"product_tag-pachuli","18":"product_tag-rosa","19":"product_tag-sandalo","21":"first","22":"outofstock","23":"taxable","24":"shipping-taxable","25":"product-type-simple"},"_links":{"self":[{"href":"https:\/\/novaluxeurope.com\/en\/wp-json\/wp\/v2\/product\/5702","targetHints":{"allow":["GET"]}}],"collection":[{"href":"https:\/\/novaluxeurope.com\/en\/wp-json\/wp\/v2\/product"}],"about":[{"href":"https:\/\/novaluxeurope.com\/en\/wp-json\/wp\/v2\/types\/product"}],"replies":[{"embeddable":true,"href":"https:\/\/novaluxeurope.com\/en\/wp-json\/wp\/v2\/comments?post=5702"}],"wp:featuredmedia":[{"embeddable":true,"href":"https:\/\/novaluxeurope.com\/en\/wp-json\/wp\/v2\/media\/5701"}],"wp:attachment":[{"href":"https:\/\/novaluxeurope.com\/en\/wp-json\/wp\/v2\/media?parent=5702"}],"wp:term":[{"taxonomy":"product_brand","embeddable":true,"href":"https:\/\/novaluxeurope.com\/en\/wp-json\/wp\/v2\/product_brand?post=5702"},{"taxonomy":"product_cat","embeddable":true,"href":"https:\/\/novaluxeurope.com\/en\/wp-json\/wp\/v2\/product_cat?post=5702"},{"taxonomy":"product_tag","embeddable":true,"href":"https:\/\/novaluxeurope.com\/en\/wp-json\/wp\/v2\/product_tag?post=5702"}],"curies":[{"name":"wp","href":"https:\/\/api.w.org\/{rel}","templated":true}]}}