{"id":5697,"date":"2026-05-07T19:16:44","date_gmt":"2026-05-07T19:16:44","guid":{"rendered":"https:\/\/novaluxeurope.com\/producto\/al-haramain-mukhamria-maliki-silver-30ml\/"},"modified":"2026-05-07T19:21:08","modified_gmt":"2026-05-07T19:21:08","slug":"al-haramain-mukhamria-maliki-silver-30ml","status":"publish","type":"product","link":"https:\/\/novaluxeurope.com\/en\/product\/al-haramain-mukhamria-maliki-silver-30ml\/","title":{"rendered":"AL HARAMAIN MUKHAMRIA MALIKI SILVER 30ML"},"content":{"rendered":"<p>Al Haramain Mukhamria Maliki Silver 30 ml es un lujoso aceite de perfume concentrado unisex que encarna la elegancia y la profundidad de la perfumer\u00eda \u00e1rabe. Perteneciente a la familia Oriental Floral Especiada, proporciona un aroma opulento creado para quienes aprecian la sofisticaci\u00f3n y la riqueza duradera. La fragancia se abre con radiante azafr\u00e1n y rosa, ofreciendo una introducci\u00f3n c\u00e1lida y arom\u00e1tica. En su coraz\u00f3n, las suaves notas de lirio de los valles y vetiver crean un delicado equilibrio verde-floral que resulta refinado y acogedor. Por \u00faltimo, el fondo de almizcle y s\u00e1ndalo aporta suavidad y sensualidad, dejando una estela ex\u00f3tica y duradera en la piel. Presentado en un elegante frasco de 30 ml, Mukhamria Maliki Silver est\u00e1 elaborado a base de aceite, lo que garantiza una impresionante longevidad e intensidad sin alcohol. Ideal tanto para hombres como para mujeres, es una elecci\u00f3n perfecta para quienes buscan un aroma suave y oriental con una profundidad rica y almizclada. NOTAS DE PERFUME Notas altas: Azafr\u00e1n, Rosa Notas medias: Lirio de los valles, Vetiver Notas de fondo: Almizcle, S\u00e1ndalo<\/p>\n<h4>Pir\u00e1mide olfativa<\/h4>\n<ul>\n<li><strong>Notas de entrada:<\/strong> Azafr\u00e1n, Rosa<\/li>\n<li><strong>Notas de coraz\u00f3n:<\/strong> Lirio del valle, Vetiver<\/li>\n<li><strong>Notas de salida:<\/strong> Almizcle, S\u00e1ndalo<\/li>\n<\/ul>","protected":false},"excerpt":{"rendered":"<p>Al Haramain Mukhamria Maliki Silver 30 ml es un lujoso aceite de perfume concentrado unisex que encarna la elegancia y la profundidad de la perfumer\u00eda \u00e1rabe. Perteneciente a la familia Oriental Floral Especiada, proporciona un aroma opulento creado para quienes aprecian la sofisticaci\u00f3n y la riqueza duradera. La fragancia se abre con radiante azafr\u00e1n y [&hellip;]<\/p>\n","protected":false},"featured_media":5696,"comment_status":"open","ping_status":"closed","template":"","meta":[],"product_brand":[718],"product_cat":[225],"product_tag":[59,87,388,49,174,50],"class_list":{"0":"post-5697","1":"product","2":"type-product","3":"status-publish","4":"has-post-thumbnail","6":"product_brand-al-haramain","7":"product_cat-perfumes-y-fragancias","8":"product_tag-almizcle","9":"product_tag-azafran","10":"product_tag-lirio-del-valle","11":"product_tag-rosa","12":"product_tag-sandalo","13":"product_tag-vetiver","15":"first","16":"outofstock","17":"taxable","18":"shipping-taxable","19":"product-type-simple"},"_links":{"self":[{"href":"https:\/\/novaluxeurope.com\/en\/wp-json\/wp\/v2\/product\/5697","targetHints":{"allow":["GET"]}}],"collection":[{"href":"https:\/\/novaluxeurope.com\/en\/wp-json\/wp\/v2\/product"}],"about":[{"href":"https:\/\/novaluxeurope.com\/en\/wp-json\/wp\/v2\/types\/product"}],"replies":[{"embeddable":true,"href":"https:\/\/novaluxeurope.com\/en\/wp-json\/wp\/v2\/comments?post=5697"}],"wp:featuredmedia":[{"embeddable":true,"href":"https:\/\/novaluxeurope.com\/en\/wp-json\/wp\/v2\/media\/5696"}],"wp:attachment":[{"href":"https:\/\/novaluxeurope.com\/en\/wp-json\/wp\/v2\/media?parent=5697"}],"wp:term":[{"taxonomy":"product_brand","embeddable":true,"href":"https:\/\/novaluxeurope.com\/en\/wp-json\/wp\/v2\/product_brand?post=5697"},{"taxonomy":"product_cat","embeddable":true,"href":"https:\/\/novaluxeurope.com\/en\/wp-json\/wp\/v2\/product_cat?post=5697"},{"taxonomy":"product_tag","embeddable":true,"href":"https:\/\/novaluxeurope.com\/en\/wp-json\/wp\/v2\/product_tag?post=5697"}],"curies":[{"name":"wp","href":"https:\/\/api.w.org\/{rel}","templated":true}]}}