{"id":5691,"date":"2026-05-07T19:16:41","date_gmt":"2026-05-07T19:16:41","guid":{"rendered":"https:\/\/novaluxeurope.com\/producto\/al-haramain-manege-blanche-spray-75ml\/"},"modified":"2026-05-07T19:21:08","modified_gmt":"2026-05-07T19:21:08","slug":"al-haramain-manege-blanche-spray-75ml","status":"publish","type":"product","link":"https:\/\/novaluxeurope.com\/en\/product\/al-haramain-manege-blanche-spray-75ml\/","title":{"rendered":"AL HARAMAIN MANEGE BLANCHE SPRAY 75ML"},"content":{"rendered":"<p>Al Haramain Man\u00e8ge Blanche Spray 75ml es un opulento Eau de Parfum para mujer que encarna la riqueza de la perfumer\u00eda de Oriente Medio. Perteneciente a la familia olfativa Ambarina Amaderada, se abre con c\u00e1lidos acordes orientales y vainilla, creando una introducci\u00f3n suave pero acogedora. El coraz\u00f3n revela una lujosa mezcla de azafr\u00e1n y pachul\u00ed, que a\u00f1ade profundidad y complejidad, mientras que el fondo se asienta en una sensual fusi\u00f3n de almizcle y madera de guayaco, dejando una estela duradera y elegante. Esta fragancia est\u00e1 dise\u00f1ada principalmente para mujeres, aunque su sofisticada composici\u00f3n permite un atractivo unisex. Ideal para la noche, las ocasiones formales o el clima m\u00e1s fr\u00edo, Man\u00e8ge Blanche irradia confianza y refinamiento. El perfume se presenta en un elegante frasco de 75 ml inspirado en un carrusel con detalles dorados, que refleja el lujo de su aroma. NOTAS DE PERFUME Notas de salida: Acordes orientales, vainilla Notas medias: Azafr\u00e1n, pachul\u00ed Notas de fondo: Almizcle, madera de Guayaco<\/p>\n<h4>Pir\u00e1mide olfativa<\/h4>\n<ul>\n<li><strong>Notas de entrada:<\/strong> Acuerdos orientales, Vainilla<\/li>\n<li><strong>Notas de coraz\u00f3n:<\/strong> Azafr\u00e1n, Pachul\u00ed<\/li>\n<li><strong>Notas de salida:<\/strong> Almizcle, Madera de guayaco<\/li>\n<\/ul>","protected":false},"excerpt":{"rendered":"<p>Al Haramain Man\u00e8ge Blanche Spray 75ml es un opulento Eau de Parfum para mujer que encarna la riqueza de la perfumer\u00eda de Oriente Medio. Perteneciente a la familia olfativa Ambarina Amaderada, se abre con c\u00e1lidos acordes orientales y vainilla, creando una introducci\u00f3n suave pero acogedora. El coraz\u00f3n revela una lujosa mezcla de azafr\u00e1n y pachul\u00ed, [&hellip;]<\/p>\n","protected":false},"featured_media":5690,"comment_status":"open","ping_status":"closed","template":"","meta":[],"product_brand":[718],"product_cat":[225],"product_tag":[720,59,87,147,67,63],"class_list":{"0":"post-5691","1":"product","2":"type-product","3":"status-publish","4":"has-post-thumbnail","6":"product_brand-al-haramain","7":"product_cat-perfumes-y-fragancias","8":"product_tag-acuerdos-orientales","9":"product_tag-almizcle","10":"product_tag-azafran","11":"product_tag-madera-de-guayaco","12":"product_tag-pachuli","13":"product_tag-vainilla","15":"first","16":"outofstock","17":"taxable","18":"shipping-taxable","19":"product-type-simple"},"_links":{"self":[{"href":"https:\/\/novaluxeurope.com\/en\/wp-json\/wp\/v2\/product\/5691","targetHints":{"allow":["GET"]}}],"collection":[{"href":"https:\/\/novaluxeurope.com\/en\/wp-json\/wp\/v2\/product"}],"about":[{"href":"https:\/\/novaluxeurope.com\/en\/wp-json\/wp\/v2\/types\/product"}],"replies":[{"embeddable":true,"href":"https:\/\/novaluxeurope.com\/en\/wp-json\/wp\/v2\/comments?post=5691"}],"wp:featuredmedia":[{"embeddable":true,"href":"https:\/\/novaluxeurope.com\/en\/wp-json\/wp\/v2\/media\/5690"}],"wp:attachment":[{"href":"https:\/\/novaluxeurope.com\/en\/wp-json\/wp\/v2\/media?parent=5691"}],"wp:term":[{"taxonomy":"product_brand","embeddable":true,"href":"https:\/\/novaluxeurope.com\/en\/wp-json\/wp\/v2\/product_brand?post=5691"},{"taxonomy":"product_cat","embeddable":true,"href":"https:\/\/novaluxeurope.com\/en\/wp-json\/wp\/v2\/product_cat?post=5691"},{"taxonomy":"product_tag","embeddable":true,"href":"https:\/\/novaluxeurope.com\/en\/wp-json\/wp\/v2\/product_tag?post=5691"}],"curies":[{"name":"wp","href":"https:\/\/api.w.org\/{rel}","templated":true}]}}