{"id":5688,"date":"2026-05-07T19:16:40","date_gmt":"2026-05-07T19:16:40","guid":{"rendered":"https:\/\/novaluxeurope.com\/producto\/al-haramain-majmouaati\/"},"modified":"2026-05-07T19:21:08","modified_gmt":"2026-05-07T19:21:08","slug":"al-haramain-majmouaati","status":"publish","type":"product","link":"https:\/\/novaluxeurope.com\/en\/product\/al-haramain-majmouaati\/","title":{"rendered":"AL HARAMAIN MAJMOUAATI"},"content":{"rendered":"<p>Al Haramain Majmouaati Gift Set es una lujosa colecci\u00f3n unisex que captura la riqueza y la elegancia de la perfumer\u00eda \u00e1rabe tradicional. Perteneciente a la familia Oriental Floral, proporciona una fragancia c\u00e1lida, opulenta y duradera, adecuada para cualquier ocasi\u00f3n. Incluye 1 Eau de Parfum de 75 ml y 2 Aceites de Perfume (25 ml y 15 ml), por lo que es ideal para mimos personales o como regalo refinado. El Eau de Parfum se abre con la delicada rosa de Taif y el ylang-ylang, que ofrecen una introducci\u00f3n suave pero ex\u00f3tica. El coraz\u00f3n desvela madera de oud y s\u00e1ndalo, que a\u00f1aden profundidad y sofisticaci\u00f3n. Las notas de fondo de mirra, almizcle, vainilla y \u00e1mbar proporcionan un acabado rico y sensual que perdura con elegancia. Este set de regalo se inspira en el lujo tradicional \u00e1rabe y ofrece una forma accesible de experimentar los aromas opulentos y atemporales de la regi\u00f3n. EL JUEGO INCLUYE Eau de Parfum 75 ml Aceite de Perfume Concentrado 25 ml Aceite de Perfume Concentrado 15 ml NOTAS DE PERFUME: Notas de salida: Rosa de Taif, Ylang-ylang Notas medias: Madera de agar, madera de s\u00e1ndalo Notas de fondo: Mirra, Almizcle, Vainilla, \u00c1mbar<\/p>\n<h4>Pir\u00e1mide olfativa<\/h4>\n<ul>\n<li><strong>Notas de entrada:<\/strong> Rosa Taif, Ylang-Ylang<\/li>\n<li><strong>Notas de coraz\u00f3n:<\/strong> Madera de agar (oud), S\u00e1ndalo<\/li>\n<li><strong>Notas de salida:<\/strong> Mirra, Almizcle, Vainilla, \u00c1mbar<\/li>\n<\/ul>","protected":false},"excerpt":{"rendered":"<p>Al Haramain Majmouaati Gift Set es una lujosa colecci\u00f3n unisex que captura la riqueza y la elegancia de la perfumer\u00eda \u00e1rabe tradicional. Perteneciente a la familia Oriental Floral, proporciona una fragancia c\u00e1lida, opulenta y duradera, adecuada para cualquier ocasi\u00f3n. Incluye 1 Eau de Parfum de 75 ml y 2 Aceites de Perfume (25 ml y [&hellip;]<\/p>\n","protected":false},"featured_media":5687,"comment_status":"open","ping_status":"closed","template":"","meta":[],"product_brand":[718],"product_cat":[225],"product_tag":[59,52,416,210,719,174,63,149],"class_list":{"0":"post-5688","1":"product","2":"type-product","3":"status-publish","4":"has-post-thumbnail","6":"product_brand-al-haramain","7":"product_cat-perfumes-y-fragancias","8":"product_tag-almizcle","9":"product_tag-ambar","10":"product_tag-madera-de-agar-oud","11":"product_tag-mirra","12":"product_tag-rosa-taif","13":"product_tag-sandalo","14":"product_tag-vainilla","15":"product_tag-ylang-ylang","17":"first","18":"outofstock","19":"taxable","20":"shipping-taxable","21":"product-type-simple"},"_links":{"self":[{"href":"https:\/\/novaluxeurope.com\/en\/wp-json\/wp\/v2\/product\/5688","targetHints":{"allow":["GET"]}}],"collection":[{"href":"https:\/\/novaluxeurope.com\/en\/wp-json\/wp\/v2\/product"}],"about":[{"href":"https:\/\/novaluxeurope.com\/en\/wp-json\/wp\/v2\/types\/product"}],"replies":[{"embeddable":true,"href":"https:\/\/novaluxeurope.com\/en\/wp-json\/wp\/v2\/comments?post=5688"}],"wp:featuredmedia":[{"embeddable":true,"href":"https:\/\/novaluxeurope.com\/en\/wp-json\/wp\/v2\/media\/5687"}],"wp:attachment":[{"href":"https:\/\/novaluxeurope.com\/en\/wp-json\/wp\/v2\/media?parent=5688"}],"wp:term":[{"taxonomy":"product_brand","embeddable":true,"href":"https:\/\/novaluxeurope.com\/en\/wp-json\/wp\/v2\/product_brand?post=5688"},{"taxonomy":"product_cat","embeddable":true,"href":"https:\/\/novaluxeurope.com\/en\/wp-json\/wp\/v2\/product_cat?post=5688"},{"taxonomy":"product_tag","embeddable":true,"href":"https:\/\/novaluxeurope.com\/en\/wp-json\/wp\/v2\/product_tag?post=5688"}],"curies":[{"name":"wp","href":"https:\/\/api.w.org\/{rel}","templated":true}]}}