{"id":5684,"date":"2026-05-07T19:16:39","date_gmt":"2026-05-07T19:16:39","guid":{"rendered":"https:\/\/novaluxeurope.com\/producto\/al-haramain-laventure-edp-w-200-ml\/"},"modified":"2026-05-07T20:01:14","modified_gmt":"2026-05-07T20:01:14","slug":"al-haramain-laventure-edp-w-200-ml","status":"publish","type":"product","link":"https:\/\/novaluxeurope.com\/en\/product\/al-haramain-laventure-edp-w-200-ml\/","title":{"rendered":"AL HARAMAIN LAVENTURE  EDP W 200 ML"},"content":{"rendered":"<p>Sum\u00e9rgete en el cautivador encanto de L&#8217;Aventure de Al Haramain, una fragancia para mujer que desprende un atractivo \u00fanico y atemporal. Lanzada en 2016, esta fragancia chipre afrutada es un testimonio del compromiso de Al Haramain con la creaci\u00f3n de fragancias que dejan una impresi\u00f3n duradera. El viaje de L&#8217;Aventure comienza con vigorizantes notas de salida de Elemi, Lim\u00f3n y Bergamota . Estas emocionantes esencias despiertan los sentidos, creando un atractivo instant\u00e1neo dif\u00edcil de resistir. Las notas de coraz\u00f3n presentan una embriagadora mezcla de jazm\u00edn, lirio del valle y notas amaderadas, que a\u00f1aden una capa de complejidad y profundidad a esta exquisita fragancia masculina. A medida que la fragancia se despliega, deja tras de s\u00ed una estela de pachul\u00ed, \u00e1mbar y almizcle. Estas notas de fondo proporcionan un acabado rico y c\u00e1lido, asegurando que la fragancia perdure mucho despu\u00e9s de que usted haya salido de la habitaci\u00f3n. Esta fragancia captura la esencia de la sofisticaci\u00f3n y la elegancia masculinas, lo que la convierte en la elecci\u00f3n perfecta para la mujer moderna. L&#8217;Aventure de Al Haramain, presentado en un generoso vaporizador EDP de 200 ml, es m\u00e1s que una fragancia: es una experiencia. Ya sea para una ocasi\u00f3n especial o para uso diario, este perfume se convertir\u00e1 en un elemento b\u00e1sico de la colecci\u00f3n de fragancias de cualquier hombre. El c\u00f3digo de barras de este producto es 6291100132645. Viva la aventura de su vida con L&#8217;Aventure de Al Haramain. No es s\u00f3lo un perfume, es una declaraci\u00f3n. Una declaraci\u00f3n que dice que usted aprecia la calidad, la sofisticaci\u00f3n y un aroma que deja una impresi\u00f3n duradera. Sum\u00e9rjase en el mundo de Al Haramain y deje que L&#8217;Aventure le lleve a un viaje olfativo inolvidable. NOTAS DE PERFUME Notas de salida: Elemi, Lim\u00f3n, Bergamota Notas medias: Jazm\u00edn, Lirio de los valles, Notas amaderadas Notas de fondo: Pachul\u00ed, \u00c1mbar, Almizcle<\/p>\n<h4>Pir\u00e1mide olfativa<\/h4>\n<ul>\n<li><strong>Notas de entrada:<\/strong> Elemi, Lim\u00f3n, Bergamota<\/li>\n<li><strong>Notas de coraz\u00f3n:<\/strong> Jazm\u00edn, Lirio del valle, Notas de madera<\/li>\n<li><strong>Notas de salida:<\/strong> Pachul\u00ed, \u00c1mbar, Almizcle<\/li>\n<\/ul>","protected":false},"excerpt":{"rendered":"<p>Sum\u00e9rgete en el cautivador encanto de L&#8217;Aventure de Al Haramain, una fragancia para mujer que desprende un atractivo \u00fanico y atemporal. Lanzada en 2016, esta fragancia chipre afrutada es un testimonio del compromiso de Al Haramain con la creaci\u00f3n de fragancias que dejan una impresi\u00f3n duradera. El viaje de L&#8217;Aventure comienza con vigorizantes notas de [&hellip;]<\/p>\n","protected":false},"featured_media":5683,"comment_status":"open","ping_status":"closed","template":"","meta":[],"product_brand":[718],"product_cat":[225],"product_tag":[59,52,102,107,56,140,388,457,67],"class_list":{"0":"post-5684","1":"product","2":"type-product","3":"status-publish","4":"has-post-thumbnail","6":"product_brand-al-haramain","7":"product_cat-perfumes-y-fragancias","8":"product_tag-almizcle","9":"product_tag-ambar","10":"product_tag-bergamota","11":"product_tag-elemi","12":"product_tag-jazmin","13":"product_tag-limon","14":"product_tag-lirio-del-valle","15":"product_tag-notas-de-madera","16":"product_tag-pachuli","18":"first","19":"instock","20":"taxable","21":"shipping-taxable","22":"product-type-simple"},"_links":{"self":[{"href":"https:\/\/novaluxeurope.com\/en\/wp-json\/wp\/v2\/product\/5684","targetHints":{"allow":["GET"]}}],"collection":[{"href":"https:\/\/novaluxeurope.com\/en\/wp-json\/wp\/v2\/product"}],"about":[{"href":"https:\/\/novaluxeurope.com\/en\/wp-json\/wp\/v2\/types\/product"}],"replies":[{"embeddable":true,"href":"https:\/\/novaluxeurope.com\/en\/wp-json\/wp\/v2\/comments?post=5684"}],"wp:featuredmedia":[{"embeddable":true,"href":"https:\/\/novaluxeurope.com\/en\/wp-json\/wp\/v2\/media\/5683"}],"wp:attachment":[{"href":"https:\/\/novaluxeurope.com\/en\/wp-json\/wp\/v2\/media?parent=5684"}],"wp:term":[{"taxonomy":"product_brand","embeddable":true,"href":"https:\/\/novaluxeurope.com\/en\/wp-json\/wp\/v2\/product_brand?post=5684"},{"taxonomy":"product_cat","embeddable":true,"href":"https:\/\/novaluxeurope.com\/en\/wp-json\/wp\/v2\/product_cat?post=5684"},{"taxonomy":"product_tag","embeddable":true,"href":"https:\/\/novaluxeurope.com\/en\/wp-json\/wp\/v2\/product_tag?post=5684"}],"curies":[{"name":"wp","href":"https:\/\/api.w.org\/{rel}","templated":true}]}}