{"id":5662,"date":"2026-05-07T19:16:28","date_gmt":"2026-05-07T19:16:28","guid":{"rendered":"https:\/\/novaluxeurope.com\/producto\/al-haramain-junoon-noir\/"},"modified":"2026-05-07T19:21:08","modified_gmt":"2026-05-07T19:21:08","slug":"al-haramain-junoon-noir","status":"publish","type":"product","link":"https:\/\/novaluxeurope.com\/en\/product\/al-haramain-junoon-noir\/","title":{"rendered":"Al Haramain Junoon Noir"},"content":{"rendered":"<p>\u00a1Sum\u00e9rgete t\u00fa tambi\u00e9n en una fragancia con la que estar\u00e1s de buen humor todo el d\u00eda! El eau de parfum para mujer Al Haramain Junoon Noir es la expresi\u00f3n del optimismo y de una sensaci\u00f3n de felicidad absoluta.<\/p>\n<ul>\n<li>fragancia oriental<\/li>\n<li>fragancia almizclada<\/li>\n<li>resalta la sensualidad de cualquier mujer<\/li>\n<\/ul>\n<h4>Pir\u00e1mide olfativa<\/h4>\n<ul>\n<li><strong>Notas de entrada:<\/strong> naranjo chino, lima<\/li>\n<li><strong>Notas de coraz\u00f3n:<\/strong> ra\u00edz de iris, violeta, jazm\u00edn, lirio de los valles<\/li>\n<li><strong>Notas de salida:<\/strong> vainilla, almizcle, madera de s\u00e1ndalo, cedro<\/li>\n<\/ul>","protected":false},"excerpt":{"rendered":"<p>\u00a1Sum\u00e9rgete t\u00fa tambi\u00e9n en una fragancia con la que estar\u00e1s de buen humor todo el d\u00eda! El eau de parfum para mujer Al Haramain Junoon Noir es la expresi\u00f3n del optimismo y de una sensaci\u00f3n de felicidad absoluta. fragancia oriental fragancia almizclada resalta la sensualidad de cualquier mujer Pir\u00e1mide olfativa Notas de entrada: naranjo chino, [&hellip;]<\/p>\n","protected":false},"featured_media":5661,"comment_status":"open","ping_status":"closed","template":"","meta":[],"product_brand":[718],"product_cat":[225],"product_tag":[59,53,56,467,85,47,425,405,63,51],"class_list":{"0":"post-5662","1":"product","2":"type-product","3":"status-publish","4":"has-post-thumbnail","6":"product_brand-al-haramain","7":"product_cat-perfumes-y-fragancias","8":"product_tag-almizcle","9":"product_tag-cedro","10":"product_tag-jazmin","11":"product_tag-lima","12":"product_tag-lirio-de-los-valles","13":"product_tag-madera-de-sandalo","14":"product_tag-naranjo-chino","15":"product_tag-raiz-de-iris","16":"product_tag-vainilla","17":"product_tag-violeta","19":"first","20":"outofstock","21":"taxable","22":"shipping-taxable","23":"product-type-simple"},"_links":{"self":[{"href":"https:\/\/novaluxeurope.com\/en\/wp-json\/wp\/v2\/product\/5662","targetHints":{"allow":["GET"]}}],"collection":[{"href":"https:\/\/novaluxeurope.com\/en\/wp-json\/wp\/v2\/product"}],"about":[{"href":"https:\/\/novaluxeurope.com\/en\/wp-json\/wp\/v2\/types\/product"}],"replies":[{"embeddable":true,"href":"https:\/\/novaluxeurope.com\/en\/wp-json\/wp\/v2\/comments?post=5662"}],"wp:featuredmedia":[{"embeddable":true,"href":"https:\/\/novaluxeurope.com\/en\/wp-json\/wp\/v2\/media\/5661"}],"wp:attachment":[{"href":"https:\/\/novaluxeurope.com\/en\/wp-json\/wp\/v2\/media?parent=5662"}],"wp:term":[{"taxonomy":"product_brand","embeddable":true,"href":"https:\/\/novaluxeurope.com\/en\/wp-json\/wp\/v2\/product_brand?post=5662"},{"taxonomy":"product_cat","embeddable":true,"href":"https:\/\/novaluxeurope.com\/en\/wp-json\/wp\/v2\/product_cat?post=5662"},{"taxonomy":"product_tag","embeddable":true,"href":"https:\/\/novaluxeurope.com\/en\/wp-json\/wp\/v2\/product_tag?post=5662"}],"curies":[{"name":"wp","href":"https:\/\/api.w.org\/{rel}","templated":true}]}}