{"id":4183,"date":"2026-04-17T01:59:28","date_gmt":"2026-04-17T01:59:28","guid":{"rendered":"https:\/\/novaluxeurope.com\/producto\/maison-alhambra-avant-ruby\/"},"modified":"2026-05-06T16:01:26","modified_gmt":"2026-05-06T16:01:26","slug":"maison-alhambra-avant-ruby","status":"publish","type":"product","link":"https:\/\/novaluxeurope.com\/en\/product\/maison-alhambra-avant-ruby\/","title":{"rendered":"Maison Alhambra Avant Ruby"},"content":{"rendered":"<p>La seducci\u00f3n es un juego y una fragancia irresistible es el arma femenina con la que siempre tendr\u00e1s ventaja. El eau de parfum Maison Alhambra Avant Ruby te envolver\u00e1 en una fragancia sensual y sofisticada siempre que desees brillar. <\/p>\n<ul>\n<li>fragancia c\u00edtrica<\/li>\n<li>fragancia floral<\/li>\n<li>fragancia oriental<\/li>\n<li>fragancia adecuada para uso diario<\/li>\n<\/ul>\n<h4>Pir\u00e1mide olfativa<\/h4>\n<ul>\n<li><strong>Notas de entrada:<\/strong> pimienta rosada, azafr\u00e1n, cereza negra<\/li>\n<li><strong>Notas de coraz\u00f3n:<\/strong> madera de cachemira, violeta, peon\u00eda<\/li>\n<li><strong>Notas de salida:<\/strong> incenso, almizcle, mirra, ambroxan<\/li>\n<\/ul>","protected":false},"excerpt":{"rendered":"<p>La seducci\u00f3n es un juego y una fragancia irresistible es el arma femenina con la que siempre tendr\u00e1s ventaja. El eau de parfum Maison Alhambra Avant Ruby te envolver\u00e1 en una fragancia sensual y sofisticada siempre que desees brillar. fragancia c\u00edtrica fragancia floral fragancia oriental fragancia adecuada para uso diario Pir\u00e1mide olfativa Notas de entrada: [&hellip;]<\/p>\n","protected":false},"featured_media":3692,"comment_status":"open","ping_status":"closed","template":"","meta":[],"product_brand":[628],"product_cat":[225],"product_tag":[59,76,87,427,185,411,210,57,181,51],"class_list":{"0":"post-4183","1":"product","2":"type-product","3":"status-publish","4":"has-post-thumbnail","6":"product_brand-alhambra","7":"product_cat-perfumes-y-fragancias","8":"product_tag-almizcle","9":"product_tag-ambroxan","10":"product_tag-azafran","11":"product_tag-cereza-negra","12":"product_tag-incenso","13":"product_tag-madera-de-cachemira","14":"product_tag-mirra","15":"product_tag-peonia","16":"product_tag-pimienta-rosada","17":"product_tag-violeta","19":"first","20":"instock","21":"taxable","22":"shipping-taxable","23":"product-type-simple"},"_links":{"self":[{"href":"https:\/\/novaluxeurope.com\/en\/wp-json\/wp\/v2\/product\/4183","targetHints":{"allow":["GET"]}}],"collection":[{"href":"https:\/\/novaluxeurope.com\/en\/wp-json\/wp\/v2\/product"}],"about":[{"href":"https:\/\/novaluxeurope.com\/en\/wp-json\/wp\/v2\/types\/product"}],"replies":[{"embeddable":true,"href":"https:\/\/novaluxeurope.com\/en\/wp-json\/wp\/v2\/comments?post=4183"}],"wp:featuredmedia":[{"embeddable":true,"href":"https:\/\/novaluxeurope.com\/en\/wp-json\/wp\/v2\/media\/3692"}],"wp:attachment":[{"href":"https:\/\/novaluxeurope.com\/en\/wp-json\/wp\/v2\/media?parent=4183"}],"wp:term":[{"taxonomy":"product_brand","embeddable":true,"href":"https:\/\/novaluxeurope.com\/en\/wp-json\/wp\/v2\/product_brand?post=4183"},{"taxonomy":"product_cat","embeddable":true,"href":"https:\/\/novaluxeurope.com\/en\/wp-json\/wp\/v2\/product_cat?post=4183"},{"taxonomy":"product_tag","embeddable":true,"href":"https:\/\/novaluxeurope.com\/en\/wp-json\/wp\/v2\/product_tag?post=4183"}],"curies":[{"name":"wp","href":"https:\/\/api.w.org\/{rel}","templated":true}]}}