{"id":4144,"date":"2026-04-17T01:57:40","date_gmt":"2026-04-17T01:57:40","guid":{"rendered":"https:\/\/novaluxeurope.com\/producto\/maison-alhambra-olivia-blossom\/"},"modified":"2026-05-06T00:01:21","modified_gmt":"2026-05-06T00:01:21","slug":"maison-alhambra-olivia-blossom","status":"publish","type":"product","link":"https:\/\/novaluxeurope.com\/en\/product\/maison-alhambra-olivia-blossom\/","title":{"rendered":"Maison Alhambra Olivia Blossom"},"content":{"rendered":"<p>La combinaci\u00f3n de suavidad y fuerza que se esconde dentro de cada mujer se ha materializado en el mundo de las fragancias. El eau de parfum Maison Alhambra Olivia Blossom revelar\u00e1 poco a poco todas las caras de tu personalidad y resaltar\u00e1 a la perfecci\u00f3n tu extraordinario atractivo.<\/p>\n<ul>\n<li>fragancia frutal<\/li>\n<li>fragancia oriental<\/li>\n<li>una elecci\u00f3n ideal para mujeres de mente abierta<\/li>\n<li>fragancia adecuada para uso diario<\/li>\n<\/ul>\n<h4>Pir\u00e1mide olfativa<\/h4>\n<ul>\n<li><strong>Notas de entrada:<\/strong> rosa de Esparta, pimienta rosada, helado<\/li>\n<li><strong>Notas de coraz\u00f3n:<\/strong> pera, grosella negra<\/li>\n<li><strong>Notas de salida:<\/strong> cachemira, pachuli, sal, vainilla<\/li>\n<\/ul>","protected":false},"excerpt":{"rendered":"<p>La combinaci\u00f3n de suavidad y fuerza que se esconde dentro de cada mujer se ha materializado en el mundo de las fragancias. El eau de parfum Maison Alhambra Olivia Blossom revelar\u00e1 poco a poco todas las caras de tu personalidad y resaltar\u00e1 a la perfecci\u00f3n tu extraordinario atractivo. fragancia frutal fragancia oriental una elecci\u00f3n ideal [&hellip;]<\/p>\n","protected":false},"featured_media":3614,"comment_status":"open","ping_status":"closed","template":"","meta":[],"product_brand":[628],"product_cat":[225],"product_tag":[378,111,253,67,112,181,647,142,63],"class_list":{"0":"post-4144","1":"product","2":"type-product","3":"status-publish","4":"has-post-thumbnail","6":"product_brand-alhambra","7":"product_cat-perfumes-y-fragancias","8":"product_tag-cachemira","9":"product_tag-grosella-negra","10":"product_tag-helado","11":"product_tag-pachuli","12":"product_tag-pera","13":"product_tag-pimienta-rosada","14":"product_tag-rosa-de-esparta","15":"product_tag-sal","16":"product_tag-vainilla","18":"first","19":"instock","20":"taxable","21":"shipping-taxable","22":"product-type-simple"},"_links":{"self":[{"href":"https:\/\/novaluxeurope.com\/en\/wp-json\/wp\/v2\/product\/4144","targetHints":{"allow":["GET"]}}],"collection":[{"href":"https:\/\/novaluxeurope.com\/en\/wp-json\/wp\/v2\/product"}],"about":[{"href":"https:\/\/novaluxeurope.com\/en\/wp-json\/wp\/v2\/types\/product"}],"replies":[{"embeddable":true,"href":"https:\/\/novaluxeurope.com\/en\/wp-json\/wp\/v2\/comments?post=4144"}],"wp:featuredmedia":[{"embeddable":true,"href":"https:\/\/novaluxeurope.com\/en\/wp-json\/wp\/v2\/media\/3614"}],"wp:attachment":[{"href":"https:\/\/novaluxeurope.com\/en\/wp-json\/wp\/v2\/media?parent=4144"}],"wp:term":[{"taxonomy":"product_brand","embeddable":true,"href":"https:\/\/novaluxeurope.com\/en\/wp-json\/wp\/v2\/product_brand?post=4144"},{"taxonomy":"product_cat","embeddable":true,"href":"https:\/\/novaluxeurope.com\/en\/wp-json\/wp\/v2\/product_cat?post=4144"},{"taxonomy":"product_tag","embeddable":true,"href":"https:\/\/novaluxeurope.com\/en\/wp-json\/wp\/v2\/product_tag?post=4144"}],"curies":[{"name":"wp","href":"https:\/\/api.w.org\/{rel}","templated":true}]}}