{"id":4119,"date":"2026-04-17T01:57:37","date_gmt":"2026-04-17T01:57:37","guid":{"rendered":"https:\/\/novaluxeurope.com\/producto\/maison-alhambra-camille\/"},"modified":"2026-05-05T16:01:22","modified_gmt":"2026-05-05T16:01:22","slug":"maison-alhambra-camille","status":"publish","type":"product","link":"https:\/\/novaluxeurope.com\/en\/product\/maison-alhambra-camille\/","title":{"rendered":"Maison Alhambra Camille"},"content":{"rendered":"<p>Ligero, fresco y, al mismo tiempo, inconfundible. El eau de parfum para mujer Maison Alhambra Camille te conquistar\u00e1 con su suave y sofisticada composici\u00f3n arom\u00e1tica, perfecta para usar a diario.<\/p>\n<ul>\n<li>fragancia floral<\/li>\n<li>fragancia amaderada<\/li>\n<li>las mujeres con alma rom\u00e1ntica la apreciar\u00e1n<\/li>\n<li>fragancia adecuada para uso diario<\/li>\n<\/ul>\n<h4>Pir\u00e1mide olfativa<\/h4>\n<ul>\n<li><strong>Notas de entrada:<\/strong> almizcle, rosa<\/li>\n<li><strong>Notas de coraz\u00f3n:<\/strong> pachuli, jazm\u00edn<\/li>\n<li><strong>Notas de salida:<\/strong> flores blancas, madera de cedro<\/li>\n<\/ul>","protected":false},"excerpt":{"rendered":"<p>Ligero, fresco y, al mismo tiempo, inconfundible. El eau de parfum para mujer Maison Alhambra Camille te conquistar\u00e1 con su suave y sofisticada composici\u00f3n arom\u00e1tica, perfecta para usar a diario. fragancia floral fragancia amaderada las mujeres con alma rom\u00e1ntica la apreciar\u00e1n fragancia adecuada para uso diario Pir\u00e1mide olfativa Notas de entrada: almizcle, rosa Notas de [&hellip;]<\/p>\n","protected":false},"featured_media":3563,"comment_status":"open","ping_status":"closed","template":"","meta":[],"product_brand":[628],"product_cat":[225],"product_tag":[59,110,56,46,67,49],"class_list":{"0":"post-4119","1":"product","2":"type-product","3":"status-publish","4":"has-post-thumbnail","6":"product_brand-alhambra","7":"product_cat-perfumes-y-fragancias","8":"product_tag-almizcle","9":"product_tag-flores-blancas","10":"product_tag-jazmin","11":"product_tag-madera-de-cedro","12":"product_tag-pachuli","13":"product_tag-rosa","15":"first","16":"instock","17":"taxable","18":"shipping-taxable","19":"product-type-simple"},"_links":{"self":[{"href":"https:\/\/novaluxeurope.com\/en\/wp-json\/wp\/v2\/product\/4119","targetHints":{"allow":["GET"]}}],"collection":[{"href":"https:\/\/novaluxeurope.com\/en\/wp-json\/wp\/v2\/product"}],"about":[{"href":"https:\/\/novaluxeurope.com\/en\/wp-json\/wp\/v2\/types\/product"}],"replies":[{"embeddable":true,"href":"https:\/\/novaluxeurope.com\/en\/wp-json\/wp\/v2\/comments?post=4119"}],"wp:featuredmedia":[{"embeddable":true,"href":"https:\/\/novaluxeurope.com\/en\/wp-json\/wp\/v2\/media\/3563"}],"wp:attachment":[{"href":"https:\/\/novaluxeurope.com\/en\/wp-json\/wp\/v2\/media?parent=4119"}],"wp:term":[{"taxonomy":"product_brand","embeddable":true,"href":"https:\/\/novaluxeurope.com\/en\/wp-json\/wp\/v2\/product_brand?post=4119"},{"taxonomy":"product_cat","embeddable":true,"href":"https:\/\/novaluxeurope.com\/en\/wp-json\/wp\/v2\/product_cat?post=4119"},{"taxonomy":"product_tag","embeddable":true,"href":"https:\/\/novaluxeurope.com\/en\/wp-json\/wp\/v2\/product_tag?post=4119"}],"curies":[{"name":"wp","href":"https:\/\/api.w.org\/{rel}","templated":true}]}}