{"id":4116,"date":"2026-04-17T01:57:37","date_gmt":"2026-04-17T01:57:37","guid":{"rendered":"https:\/\/novaluxeurope.com\/producto\/maison-alhambra-mia-dolcezza-verde\/"},"modified":"2026-04-28T12:00:57","modified_gmt":"2026-04-28T12:00:57","slug":"maison-alhambra-mia-dolcezza-verde","status":"publish","type":"product","link":"https:\/\/novaluxeurope.com\/en\/product\/maison-alhambra-mia-dolcezza-verde\/","title":{"rendered":"Maison Alhambra Mia Dolcezza Verde"},"content":{"rendered":"<p>Envu\u00e9lvete en una fragancia que se fundir\u00e1 perfectamente contigo y se convertir\u00e1 en tu nueva identidad. El eau de parfum unisex Maison Alhambra Mia Dolcezza Verde te conquistar\u00e1 en cuanto lo pruebes y nunca dejar\u00e1 de sorprenderte.<\/p>\n<ul>\n<li>fragancia floral<\/li>\n<li>fragancia amaderada<\/li>\n<li>fragancia c\u00edtrica<\/li>\n<li>para todas aquellas personas que no tienen miedo a destacar<\/li>\n<li>fragancia adecuada para uso diario<\/li>\n<li>fragancia unisex<\/li>\n<\/ul>\n<h4>Pir\u00e1mide olfativa<\/h4>\n<ul>\n<li><strong>Notas de entrada:<\/strong> lim\u00f3n, mandarina, pimienta rosada<\/li>\n<li><strong>Notas de coraz\u00f3n:<\/strong> jazm\u00edn, lirio de los valles, rosa<\/li>\n<li><strong>Notas de salida:<\/strong> \u00e1mbar, madera de cachemira, cedro, almizcle, vainilla<\/li>\n<\/ul>","protected":false},"excerpt":{"rendered":"<p>Envu\u00e9lvete en una fragancia que se fundir\u00e1 perfectamente contigo y se convertir\u00e1 en tu nueva identidad. El eau de parfum unisex Maison Alhambra Mia Dolcezza Verde te conquistar\u00e1 en cuanto lo pruebes y nunca dejar\u00e1 de sorprenderte. fragancia floral fragancia amaderada fragancia c\u00edtrica para todas aquellas personas que no tienen miedo a destacar fragancia adecuada [&hellip;]<\/p>\n","protected":false},"featured_media":3556,"comment_status":"open","ping_status":"closed","template":"","meta":[],"product_brand":[628],"product_cat":[225],"product_tag":[59,52,53,56,140,85,411,99,181,49,63],"class_list":{"0":"post-4116","1":"product","2":"type-product","3":"status-publish","4":"has-post-thumbnail","6":"product_brand-alhambra","7":"product_cat-perfumes-y-fragancias","8":"product_tag-almizcle","9":"product_tag-ambar","10":"product_tag-cedro","11":"product_tag-jazmin","12":"product_tag-limon","13":"product_tag-lirio-de-los-valles","14":"product_tag-madera-de-cachemira","15":"product_tag-mandarina","16":"product_tag-pimienta-rosada","17":"product_tag-rosa","18":"product_tag-vainilla","20":"first","21":"instock","22":"taxable","23":"shipping-taxable","24":"product-type-simple"},"_links":{"self":[{"href":"https:\/\/novaluxeurope.com\/en\/wp-json\/wp\/v2\/product\/4116","targetHints":{"allow":["GET"]}}],"collection":[{"href":"https:\/\/novaluxeurope.com\/en\/wp-json\/wp\/v2\/product"}],"about":[{"href":"https:\/\/novaluxeurope.com\/en\/wp-json\/wp\/v2\/types\/product"}],"replies":[{"embeddable":true,"href":"https:\/\/novaluxeurope.com\/en\/wp-json\/wp\/v2\/comments?post=4116"}],"wp:featuredmedia":[{"embeddable":true,"href":"https:\/\/novaluxeurope.com\/en\/wp-json\/wp\/v2\/media\/3556"}],"wp:attachment":[{"href":"https:\/\/novaluxeurope.com\/en\/wp-json\/wp\/v2\/media?parent=4116"}],"wp:term":[{"taxonomy":"product_brand","embeddable":true,"href":"https:\/\/novaluxeurope.com\/en\/wp-json\/wp\/v2\/product_brand?post=4116"},{"taxonomy":"product_cat","embeddable":true,"href":"https:\/\/novaluxeurope.com\/en\/wp-json\/wp\/v2\/product_cat?post=4116"},{"taxonomy":"product_tag","embeddable":true,"href":"https:\/\/novaluxeurope.com\/en\/wp-json\/wp\/v2\/product_tag?post=4116"}],"curies":[{"name":"wp","href":"https:\/\/api.w.org\/{rel}","templated":true}]}}