{"id":4113,"date":"2026-04-17T01:57:36","date_gmt":"2026-04-17T01:57:36","guid":{"rendered":"https:\/\/novaluxeurope.com\/producto\/maison-alhambra-lava\/"},"modified":"2026-04-24T13:32:01","modified_gmt":"2026-04-24T13:32:01","slug":"maison-alhambra-lava","status":"publish","type":"product","link":"https:\/\/novaluxeurope.com\/en\/product\/maison-alhambra-lava\/","title":{"rendered":"Maison Alhambra Lava"},"content":{"rendered":"<p>\u00bfTienes una cita, vas a una fiesta o has quedado con tus amigos? El eau de parfum unisex Maison Alhambra Lava es perfecto para cualquier ocasi\u00f3n en la que desees brillar. Descubre t\u00fa tambi\u00e9n una fragancia que resaltar\u00e1 a la perfecci\u00f3n tu extraordinario atractivo.<\/p>\n<ul>\n<li>fragancia oriental<\/li>\n<li>para personas con un estilo no convencional<\/li>\n<li>fragancia adecuada para uso diario<\/li>\n<li>fragancia unisex<\/li>\n<\/ul>\n<h4>Pir\u00e1mide olfativa<\/h4>\n<ul>\n<li><strong>Notas de entrada:<\/strong> lavanda, menta<\/li>\n<li><strong>Notas de coraz\u00f3n:<\/strong> madera de cedro, geranio<\/li>\n<li><strong>Notas de salida:<\/strong> musgo de roble, styrax<\/li>\n<\/ul>","protected":false},"excerpt":{"rendered":"<p>\u00bfTienes una cita, vas a una fiesta o has quedado con tus amigos? El eau de parfum unisex Maison Alhambra Lava es perfecto para cualquier ocasi\u00f3n en la que desees brillar. Descubre t\u00fa tambi\u00e9n una fragancia que resaltar\u00e1 a la perfecci\u00f3n tu extraordinario atractivo. fragancia oriental para personas con un estilo no convencional fragancia adecuada [&hellip;]<\/p>\n","protected":false},"featured_media":3549,"comment_status":"open","ping_status":"closed","template":"","meta":[],"product_brand":[628],"product_cat":[225],"product_tag":[131,73,46,194,61,156],"class_list":{"0":"post-4113","1":"product","2":"type-product","3":"status-publish","4":"has-post-thumbnail","6":"product_brand-alhambra","7":"product_cat-perfumes-y-fragancias","8":"product_tag-geranio","9":"product_tag-lavanda","10":"product_tag-madera-de-cedro","11":"product_tag-menta","12":"product_tag-musgo-de-roble","13":"product_tag-styrax","15":"first","16":"instock","17":"taxable","18":"shipping-taxable","19":"product-type-simple"},"_links":{"self":[{"href":"https:\/\/novaluxeurope.com\/en\/wp-json\/wp\/v2\/product\/4113","targetHints":{"allow":["GET"]}}],"collection":[{"href":"https:\/\/novaluxeurope.com\/en\/wp-json\/wp\/v2\/product"}],"about":[{"href":"https:\/\/novaluxeurope.com\/en\/wp-json\/wp\/v2\/types\/product"}],"replies":[{"embeddable":true,"href":"https:\/\/novaluxeurope.com\/en\/wp-json\/wp\/v2\/comments?post=4113"}],"wp:featuredmedia":[{"embeddable":true,"href":"https:\/\/novaluxeurope.com\/en\/wp-json\/wp\/v2\/media\/3549"}],"wp:attachment":[{"href":"https:\/\/novaluxeurope.com\/en\/wp-json\/wp\/v2\/media?parent=4113"}],"wp:term":[{"taxonomy":"product_brand","embeddable":true,"href":"https:\/\/novaluxeurope.com\/en\/wp-json\/wp\/v2\/product_brand?post=4113"},{"taxonomy":"product_cat","embeddable":true,"href":"https:\/\/novaluxeurope.com\/en\/wp-json\/wp\/v2\/product_cat?post=4113"},{"taxonomy":"product_tag","embeddable":true,"href":"https:\/\/novaluxeurope.com\/en\/wp-json\/wp\/v2\/product_tag?post=4113"}],"curies":[{"name":"wp","href":"https:\/\/api.w.org\/{rel}","templated":true}]}}