{"id":4111,"date":"2026-04-17T01:57:36","date_gmt":"2026-04-17T01:57:36","guid":{"rendered":"https:\/\/novaluxeurope.com\/producto\/maison-alhambra-rose-origami\/"},"modified":"2026-05-06T00:01:20","modified_gmt":"2026-05-06T00:01:20","slug":"maison-alhambra-rose-origami","status":"publish","type":"product","link":"https:\/\/novaluxeurope.com\/en\/product\/maison-alhambra-rose-origami\/","title":{"rendered":"Maison Alhambra Rose Origami"},"content":{"rendered":"<p>Cada d\u00eda es una nueva oportunidad para afrontar retos. El eau de parfum unisex Maison Alhambra Rose Origami refresca tu mente para que puedas seguir tu instinto con valent\u00eda. L\u00e1nzate al encuentro de la aventura diaria.<\/p>\n<ul>\n<li>fragancia floral<\/li>\n<li>fragancia amaderada<\/li>\n<li>fragancia especiada<\/li>\n<li>para personas con un estilo no convencional<\/li>\n<li>fragancia c\u00e1lida, ideal para las \u00e9pocas fr\u00edas<\/li>\n<li>fragancia unisex<\/li>\n<\/ul>\n<h4>Pir\u00e1mide olfativa<\/h4>\n<ul>\n<li><strong>Notas de entrada:<\/strong> rosa turca, caf\u00e9<\/li>\n<li><strong>Notas de coraz\u00f3n:<\/strong> rosa b\u00falgara, cardamomo, cilantro, pachuli, ylang-ylang<\/li>\n<li><strong>Notas de salida:<\/strong> madera de s\u00e1ndalo, incienso<\/li>\n<\/ul>","protected":false},"excerpt":{"rendered":"<p>Cada d\u00eda es una nueva oportunidad para afrontar retos. El eau de parfum unisex Maison Alhambra Rose Origami refresca tu mente para que puedas seguir tu instinto con valent\u00eda. L\u00e1nzate al encuentro de la aventura diaria. fragancia floral fragancia amaderada fragancia especiada para personas con un estilo no convencional fragancia c\u00e1lida, ideal para las \u00e9pocas [&hellip;]<\/p>\n","protected":false},"featured_media":3544,"comment_status":"open","ping_status":"closed","template":"","meta":[],"product_brand":[628],"product_cat":[225],"product_tag":[182,77,155,127,47,67,433,434,149],"class_list":{"0":"post-4111","1":"product","2":"type-product","3":"status-publish","4":"has-post-thumbnail","6":"product_brand-alhambra","7":"product_cat-perfumes-y-fragancias","8":"product_tag-cafe","9":"product_tag-cardamomo","10":"product_tag-cilantro","11":"product_tag-incienso","12":"product_tag-madera-de-sandalo","13":"product_tag-pachuli","14":"product_tag-rosa-bulgara","15":"product_tag-rosa-turca","16":"product_tag-ylang-ylang","18":"first","19":"instock","20":"taxable","21":"shipping-taxable","22":"product-type-simple"},"_links":{"self":[{"href":"https:\/\/novaluxeurope.com\/en\/wp-json\/wp\/v2\/product\/4111","targetHints":{"allow":["GET"]}}],"collection":[{"href":"https:\/\/novaluxeurope.com\/en\/wp-json\/wp\/v2\/product"}],"about":[{"href":"https:\/\/novaluxeurope.com\/en\/wp-json\/wp\/v2\/types\/product"}],"replies":[{"embeddable":true,"href":"https:\/\/novaluxeurope.com\/en\/wp-json\/wp\/v2\/comments?post=4111"}],"wp:featuredmedia":[{"embeddable":true,"href":"https:\/\/novaluxeurope.com\/en\/wp-json\/wp\/v2\/media\/3544"}],"wp:attachment":[{"href":"https:\/\/novaluxeurope.com\/en\/wp-json\/wp\/v2\/media?parent=4111"}],"wp:term":[{"taxonomy":"product_brand","embeddable":true,"href":"https:\/\/novaluxeurope.com\/en\/wp-json\/wp\/v2\/product_brand?post=4111"},{"taxonomy":"product_cat","embeddable":true,"href":"https:\/\/novaluxeurope.com\/en\/wp-json\/wp\/v2\/product_cat?post=4111"},{"taxonomy":"product_tag","embeddable":true,"href":"https:\/\/novaluxeurope.com\/en\/wp-json\/wp\/v2\/product_tag?post=4111"}],"curies":[{"name":"wp","href":"https:\/\/api.w.org\/{rel}","templated":true}]}}