{"id":4104,"date":"2026-04-17T01:57:35","date_gmt":"2026-04-17T01:57:35","guid":{"rendered":"https:\/\/novaluxeurope.com\/producto\/maison-alhambra-your-touch-oud\/"},"modified":"2026-05-06T00:01:20","modified_gmt":"2026-05-06T00:01:20","slug":"maison-alhambra-your-touch-oud","status":"publish","type":"product","link":"https:\/\/novaluxeurope.com\/en\/product\/maison-alhambra-your-touch-oud\/","title":{"rendered":"Maison Alhambra Your Touch Oud"},"content":{"rendered":"<p>Para todos. Sin distinci\u00f3n. El eau de parfum unisex Maison Alhambra Your Touch Oud es perfecto tanto para hombre como para mujer y destaca tu personalidad al m\u00e1ximo.<\/p>\n<ul>\n<li>fragancia amaderada<\/li>\n<li>fragancia dulce<\/li>\n<li>para personas con un estilo no convencional<\/li>\n<li>fragancia c\u00e1lida, ideal para las \u00e9pocas fr\u00edas<\/li>\n<li>fragancia unisex<\/li>\n<\/ul>\n<h4>Pir\u00e1mide olfativa<\/h4>\n<ul>\n<li><strong>Notas de entrada:<\/strong> lavanda<\/li>\n<li><strong>Notas de coraz\u00f3n:<\/strong> vainilla<\/li>\n<li><strong>Notas de salida:<\/strong> oud<\/li>\n<\/ul>","protected":false},"excerpt":{"rendered":"<p>Para todos. Sin distinci\u00f3n. El eau de parfum unisex Maison Alhambra Your Touch Oud es perfecto tanto para hombre como para mujer y destaca tu personalidad al m\u00e1ximo. fragancia amaderada fragancia dulce para personas con un estilo no convencional fragancia c\u00e1lida, ideal para las \u00e9pocas fr\u00edas fragancia unisex Pir\u00e1mide olfativa Notas de entrada: lavanda Notas [&hellip;]<\/p>\n","protected":false},"featured_media":3528,"comment_status":"open","ping_status":"closed","template":"","meta":[],"product_brand":[628],"product_cat":[225],"product_tag":[73,48,63],"class_list":{"0":"post-4104","1":"product","2":"type-product","3":"status-publish","4":"has-post-thumbnail","6":"product_brand-alhambra","7":"product_cat-perfumes-y-fragancias","8":"product_tag-lavanda","9":"product_tag-oud","10":"product_tag-vainilla","12":"first","13":"instock","14":"taxable","15":"shipping-taxable","16":"product-type-simple"},"_links":{"self":[{"href":"https:\/\/novaluxeurope.com\/en\/wp-json\/wp\/v2\/product\/4104","targetHints":{"allow":["GET"]}}],"collection":[{"href":"https:\/\/novaluxeurope.com\/en\/wp-json\/wp\/v2\/product"}],"about":[{"href":"https:\/\/novaluxeurope.com\/en\/wp-json\/wp\/v2\/types\/product"}],"replies":[{"embeddable":true,"href":"https:\/\/novaluxeurope.com\/en\/wp-json\/wp\/v2\/comments?post=4104"}],"wp:featuredmedia":[{"embeddable":true,"href":"https:\/\/novaluxeurope.com\/en\/wp-json\/wp\/v2\/media\/3528"}],"wp:attachment":[{"href":"https:\/\/novaluxeurope.com\/en\/wp-json\/wp\/v2\/media?parent=4104"}],"wp:term":[{"taxonomy":"product_brand","embeddable":true,"href":"https:\/\/novaluxeurope.com\/en\/wp-json\/wp\/v2\/product_brand?post=4104"},{"taxonomy":"product_cat","embeddable":true,"href":"https:\/\/novaluxeurope.com\/en\/wp-json\/wp\/v2\/product_cat?post=4104"},{"taxonomy":"product_tag","embeddable":true,"href":"https:\/\/novaluxeurope.com\/en\/wp-json\/wp\/v2\/product_tag?post=4104"}],"curies":[{"name":"wp","href":"https:\/\/api.w.org\/{rel}","templated":true}]}}