{"id":4099,"date":"2026-04-17T01:57:34","date_gmt":"2026-04-17T01:57:34","guid":{"rendered":"https:\/\/novaluxeurope.com\/producto\/maison-alhambra-your-touch-tobacco\/"},"modified":"2026-05-06T20:01:09","modified_gmt":"2026-05-06T20:01:09","slug":"maison-alhambra-your-touch-tobacco","status":"publish","type":"product","link":"https:\/\/novaluxeurope.com\/en\/product\/maison-alhambra-your-touch-tobacco\/","title":{"rendered":"Maison Alhambra Your Touch Tobacco"},"content":{"rendered":"<p>Olv\u00eddate de las reglas, los l\u00edmites y los obst\u00e1culos. El eau de parfum unisex Maison Alhambra Your Touch Tobacco es perfecto para cualquier persona que no tenga miedo a destacar.<\/p>\n<ul>\n<li>fragancia especiada<\/li>\n<li>fragancia c\u00edtrica<\/li>\n<li>fragancia alegre que no dejar\u00e1 de gustarte<\/li>\n<li>fragancia c\u00e1lida, ideal para las \u00e9pocas fr\u00edas<\/li>\n<li>fragancia unisex<\/li>\n<\/ul>\n<h4>Pir\u00e1mide olfativa<\/h4>\n<ul>\n<li><strong>Notas de entrada:<\/strong> c\u00edtricos<\/li>\n<li><strong>Notas de coraz\u00f3n:<\/strong> canela, nuez moscada<\/li>\n<li><strong>Notas de salida:<\/strong> tabaco, vainilla, cacao<\/li>\n<\/ul>","protected":false},"excerpt":{"rendered":"<p>Olv\u00eddate de las reglas, los l\u00edmites y los obst\u00e1culos. El eau de parfum unisex Maison Alhambra Your Touch Tobacco es perfecto para cualquier persona que no tenga miedo a destacar. fragancia especiada fragancia c\u00edtrica fragancia alegre que no dejar\u00e1 de gustarte fragancia c\u00e1lida, ideal para las \u00e9pocas fr\u00edas fragancia unisex Pir\u00e1mide olfativa Notas de entrada: [&hellip;]<\/p>\n","protected":false},"featured_media":3517,"comment_status":"open","ping_status":"closed","template":"","meta":[],"product_brand":[628],"product_cat":[225],"product_tag":[259,94,158,95,163,63],"class_list":{"0":"post-4099","1":"product","2":"type-product","3":"status-publish","4":"has-post-thumbnail","6":"product_brand-alhambra","7":"product_cat-perfumes-y-fragancias","8":"product_tag-cacao","9":"product_tag-canela","10":"product_tag-citricos","11":"product_tag-nuez-moscada","12":"product_tag-tabaco","13":"product_tag-vainilla","15":"first","16":"instock","17":"taxable","18":"shipping-taxable","19":"product-type-simple"},"_links":{"self":[{"href":"https:\/\/novaluxeurope.com\/en\/wp-json\/wp\/v2\/product\/4099","targetHints":{"allow":["GET"]}}],"collection":[{"href":"https:\/\/novaluxeurope.com\/en\/wp-json\/wp\/v2\/product"}],"about":[{"href":"https:\/\/novaluxeurope.com\/en\/wp-json\/wp\/v2\/types\/product"}],"replies":[{"embeddable":true,"href":"https:\/\/novaluxeurope.com\/en\/wp-json\/wp\/v2\/comments?post=4099"}],"wp:featuredmedia":[{"embeddable":true,"href":"https:\/\/novaluxeurope.com\/en\/wp-json\/wp\/v2\/media\/3517"}],"wp:attachment":[{"href":"https:\/\/novaluxeurope.com\/en\/wp-json\/wp\/v2\/media?parent=4099"}],"wp:term":[{"taxonomy":"product_brand","embeddable":true,"href":"https:\/\/novaluxeurope.com\/en\/wp-json\/wp\/v2\/product_brand?post=4099"},{"taxonomy":"product_cat","embeddable":true,"href":"https:\/\/novaluxeurope.com\/en\/wp-json\/wp\/v2\/product_cat?post=4099"},{"taxonomy":"product_tag","embeddable":true,"href":"https:\/\/novaluxeurope.com\/en\/wp-json\/wp\/v2\/product_tag?post=4099"}],"curies":[{"name":"wp","href":"https:\/\/api.w.org\/{rel}","templated":true}]}}