{"id":3486,"date":"2026-04-11T10:16:51","date_gmt":"2026-04-11T10:16:51","guid":{"rendered":"https:\/\/novaluxeurope.com\/producto\/maison-alhambra-tonic-malt\/"},"modified":"2026-05-05T16:01:21","modified_gmt":"2026-05-05T16:01:21","slug":"maison-alhambra-tonic-malt","status":"publish","type":"product","link":"https:\/\/novaluxeurope.com\/en\/product\/maison-alhambra-tonic-malt\/","title":{"rendered":"Maison Alhambra Tonic Malt"},"content":{"rendered":"<p>El eau de parfum para hombre Maison Alhambra Tonic Malt te ayudar\u00e1 a descubrir la virilidad, la fuerza y el valor que se ocultan en tu interior. La fragancia rebosa masculinidad y acentuar\u00e1 perfectamente tu car\u00e1cter a cada paso.<\/p>\n<ul>\n<li>fragancia arom\u00e1tica con notas herbales<\/li>\n<li>la elecci\u00f3n ideal para aventureros valientes<\/li>\n<li>fragancia adecuada para uso diario<\/li>\n<\/ul>\n<h4>Pir\u00e1mide olfativa<\/h4>\n<ul>\n<li><strong>Notas de entrada:<\/strong> cardamomo, lavanda, menta<\/li>\n<li><strong>Notas de coraz\u00f3n:<\/strong> clary sage, flor de naranjo, romero<\/li>\n<li><strong>Notas de salida:<\/strong> benju\u00ed, haba tonka, cacao<\/li>\n<\/ul>","protected":false},"excerpt":{"rendered":"<p>El eau de parfum para hombre Maison Alhambra Tonic Malt te ayudar\u00e1 a descubrir la virilidad, la fuerza y el valor que se ocultan en tu interior. La fragancia rebosa masculinidad y acentuar\u00e1 perfectamente tu car\u00e1cter a cada paso. fragancia arom\u00e1tica con notas herbales la elecci\u00f3n ideal para aventureros valientes fragancia adecuada para uso diario [&hellip;]<\/p>\n","protected":false},"featured_media":3400,"comment_status":"open","ping_status":"closed","template":"","meta":[],"product_brand":[628],"product_cat":[225],"product_tag":[126,259,77,345,84,79,73,194,187],"class_list":{"0":"post-3486","1":"product","2":"type-product","3":"status-publish","4":"has-post-thumbnail","6":"product_brand-alhambra","7":"product_cat-perfumes-y-fragancias","8":"product_tag-benjui","9":"product_tag-cacao","10":"product_tag-cardamomo","11":"product_tag-clary-sage","12":"product_tag-flor-de-naranjo","13":"product_tag-haba-tonka","14":"product_tag-lavanda","15":"product_tag-menta","16":"product_tag-romero","18":"first","19":"instock","20":"taxable","21":"shipping-taxable","22":"product-type-simple"},"_links":{"self":[{"href":"https:\/\/novaluxeurope.com\/en\/wp-json\/wp\/v2\/product\/3486","targetHints":{"allow":["GET"]}}],"collection":[{"href":"https:\/\/novaluxeurope.com\/en\/wp-json\/wp\/v2\/product"}],"about":[{"href":"https:\/\/novaluxeurope.com\/en\/wp-json\/wp\/v2\/types\/product"}],"replies":[{"embeddable":true,"href":"https:\/\/novaluxeurope.com\/en\/wp-json\/wp\/v2\/comments?post=3486"}],"wp:featuredmedia":[{"embeddable":true,"href":"https:\/\/novaluxeurope.com\/en\/wp-json\/wp\/v2\/media\/3400"}],"wp:attachment":[{"href":"https:\/\/novaluxeurope.com\/en\/wp-json\/wp\/v2\/media?parent=3486"}],"wp:term":[{"taxonomy":"product_brand","embeddable":true,"href":"https:\/\/novaluxeurope.com\/en\/wp-json\/wp\/v2\/product_brand?post=3486"},{"taxonomy":"product_cat","embeddable":true,"href":"https:\/\/novaluxeurope.com\/en\/wp-json\/wp\/v2\/product_cat?post=3486"},{"taxonomy":"product_tag","embeddable":true,"href":"https:\/\/novaluxeurope.com\/en\/wp-json\/wp\/v2\/product_tag?post=3486"}],"curies":[{"name":"wp","href":"https:\/\/api.w.org\/{rel}","templated":true}]}}