{"id":3352,"date":"2026-04-11T00:02:38","date_gmt":"2026-04-11T00:02:38","guid":{"rendered":"https:\/\/novaluxeurope.com\/producto\/fragrance-world-inizio-for-him-edp-m-100-ml\/"},"modified":"2026-05-07T16:01:23","modified_gmt":"2026-05-07T16:01:23","slug":"fragrance-world-inizio-for-him-edp-m-100-ml","status":"publish","type":"product","link":"https:\/\/novaluxeurope.com\/en\/product\/fragrance-world-inizio-for-him-edp-m-100-ml\/","title":{"rendered":"Fragrance World Inizio for Him"},"content":{"rendered":"<p>Inizio For Him 100 ml por Fragrance World es un Eau de Parfum refinado creado para el hombre contempor\u00e1neo que valora una fusi\u00f3n equilibrada de frescura, especias y profundidad sensual. Lanzada en 2025, esta fragancia ofrece una experiencia olfativa vers\u00e1til que pasa sin esfuerzo del d\u00eda a la noche. La fragancia se abre con una animada combinaci\u00f3n de bergamota , cardamomo y neroli , produciendo una introducci\u00f3n brillante y energizante que despierta los sentidos y establece el tono para el viaje de la fragancia. En su coraz\u00f3n, emerge una mezcla matizada de hoja de clavo, salvia esclarea, lavanda y manzana, que aporta calidez herbal y un sutil brillo afrutado que enriquece el car\u00e1cter general. Finalmente, la fragancia se asienta en una base rica y duradera de pachul\u00ed, \u00e1mbar y almizcle, ofreciendo una base c\u00e1lida y terrosa que perdura con gracia en la piel, dejando una estela sofisticada y memorable. NOTAS DE PERFUME Notas de salida: Bergamota, Cardamomo, Neroli Notas medias: Hoja de Clavo, Salvia Esclarea, Lavanda, Manzana Notas de Fondo: Pachul\u00ed, \u00c1mbar, Almizcle<\/p>\n<h4>Pir\u00e1mide olfativa<\/h4>\n<ul>\n<li><strong>Notas de entrada:<\/strong> Bergamota, Cardamomo, Neroli<\/li>\n<li><strong>Notas de coraz\u00f3n:<\/strong> Hoja de clavo, Salvia sclarea, Extracto de lavanda, Manzana<\/li>\n<li><strong>Notas de salida:<\/strong> Pachul\u00ed, \u00c1mbar, Almizcle<\/li>\n<\/ul>","protected":false},"excerpt":{"rendered":"<p>Inizio For Him 100 ml por Fragrance World es un Eau de Parfum refinado creado para el hombre contempor\u00e1neo que valora una fusi\u00f3n equilibrada de frescura, especias y profundidad sensual. Lanzada en 2025, esta fragancia ofrece una experiencia olfativa vers\u00e1til que pasa sin esfuerzo del d\u00eda a la noche. La fragancia se abre con una [&hellip;]<\/p>\n","protected":false},"featured_media":3351,"comment_status":"open","ping_status":"closed","template":"","meta":[],"product_brand":[535],"product_cat":[225],"product_tag":[59,52,102,77,625,626,88,148,67,206],"class_list":{"0":"post-3352","1":"product","2":"type-product","3":"status-publish","4":"has-post-thumbnail","6":"product_brand-armaf","7":"product_cat-perfumes-y-fragancias","8":"product_tag-almizcle","9":"product_tag-ambar","10":"product_tag-bergamota","11":"product_tag-cardamomo","12":"product_tag-extracto-de-lavanda","13":"product_tag-hoja-de-clavo","14":"product_tag-manzana","15":"product_tag-neroli","16":"product_tag-pachuli","17":"product_tag-salvia-sclarea","19":"first","20":"instock","21":"taxable","22":"shipping-taxable","23":"product-type-simple"},"_links":{"self":[{"href":"https:\/\/novaluxeurope.com\/en\/wp-json\/wp\/v2\/product\/3352","targetHints":{"allow":["GET"]}}],"collection":[{"href":"https:\/\/novaluxeurope.com\/en\/wp-json\/wp\/v2\/product"}],"about":[{"href":"https:\/\/novaluxeurope.com\/en\/wp-json\/wp\/v2\/types\/product"}],"replies":[{"embeddable":true,"href":"https:\/\/novaluxeurope.com\/en\/wp-json\/wp\/v2\/comments?post=3352"}],"wp:featuredmedia":[{"embeddable":true,"href":"https:\/\/novaluxeurope.com\/en\/wp-json\/wp\/v2\/media\/3351"}],"wp:attachment":[{"href":"https:\/\/novaluxeurope.com\/en\/wp-json\/wp\/v2\/media?parent=3352"}],"wp:term":[{"taxonomy":"product_brand","embeddable":true,"href":"https:\/\/novaluxeurope.com\/en\/wp-json\/wp\/v2\/product_brand?post=3352"},{"taxonomy":"product_cat","embeddable":true,"href":"https:\/\/novaluxeurope.com\/en\/wp-json\/wp\/v2\/product_cat?post=3352"},{"taxonomy":"product_tag","embeddable":true,"href":"https:\/\/novaluxeurope.com\/en\/wp-json\/wp\/v2\/product_tag?post=3352"}],"curies":[{"name":"wp","href":"https:\/\/api.w.org\/{rel}","templated":true}]}}