{"id":3345,"date":"2026-04-11T00:02:36","date_gmt":"2026-04-11T00:02:36","guid":{"rendered":"https:\/\/novaluxeurope.com\/producto\/armaf-uniq-oud-forever-edp-u-100-ml\/"},"modified":"2026-04-24T13:31:58","modified_gmt":"2026-04-24T13:31:58","slug":"armaf-uniq-oud-forever-edp-u-100-ml","status":"publish","type":"product","link":"https:\/\/novaluxeurope.com\/en\/product\/armaf-uniq-oud-forever-edp-u-100-ml\/","title":{"rendered":"Armaf Uniq Oud Forever"},"content":{"rendered":"<p>Armaf, una casa de perfumes famosa por sus creaciones audaces y atractivas, presenta Uniq Oud Forever . Esta intrigante fragancia unisex, inspirada en el lujoso Alexandria II de Xerjoff, es una mezcla magistral de c\u00e1lidas especias, suave oud y delicadas flores, que crean una experiencia olfativa sofisticada y duradera. Ambos perfumes comparten un car\u00e1cter c\u00e1lido y especiado similar, centrado en la cautivadora mezcla de oud, especias y maderas. Sin embargo, Uniq Oud Forever se distingue por un coraz\u00f3n floral m\u00e1s pronunciado, que muestra la delicada dulzura del osmanthus y el jazm\u00edn. La nota de oud tambi\u00e9n es m\u00e1s suave y menos intensa. As\u00ed se crea una fragancia m\u00e1s accesible y vers\u00e1til. En primer lugar, la fragancia se abre con una mezcla vibrante y especiada de pimienta rosa, bergamota, cardamomo y azafr\u00e1n. La pimienta rosa a\u00f1ade un toque chispeante y en\u00e9rgico, mientras que la bergamota aporta un matiz c\u00edtrico picante y refrescante. El cardamomo aporta una faceta c\u00e1lida y arom\u00e1tica, mientras que el azafr\u00e1n a\u00f1ade un toque de lujosa especia y un sutil matiz de cuero. En segundo lugar, el coraz\u00f3n de la fragancia florece con una cautivadora mezcla de chipriol, osmanthus y jazm\u00edn. El chipriol, una planta herb\u00e1cea con un aroma amaderado y terroso, aporta profundidad y complejidad. El osmanthus aporta una nota floral dulce y afrutada con matices de albaricoque, mientras que el jazm\u00edn a\u00f1ade un toque de embriagadora dulzura floral. Por \u00faltimo, el fondo proporciona una base c\u00e1lida y sensual con notas de ambroxan, ambrocenida, pachul\u00ed y cachemira . El ambroxan y el ambrocenide aportan una faceta ambarina moderna y seductora, mientras que el pachul\u00ed a\u00f1ade un toque terroso y enraizante. El cachemir, con su aroma c\u00e1lido y amaderado. Por ejemplo, crea un fondo seco calmante y sensual. NOTAS DE PERFUME Notas de salida: Pimienta rosa, Bergamota, Cardamomo, Azafr\u00e1n Notas medias: Cypriol, Osmanthus, Jazm\u00edn Notas de Fondo: Ambroxan, Ambrocenide, Patchouli, Cashmeran<\/p>\n<h4>Pir\u00e1mide olfativa<\/h4>\n<ul>\n<li><strong>Notas de entrada:<\/strong> Pimienta rosa, Bergamota, Cardamomo, Azafr\u00e1n<\/li>\n<li><strong>Notas de coraz\u00f3n:<\/strong> Cypriol, Osmanthus, Jazm\u00edn<\/li>\n<li><strong>Notas de salida:<\/strong> Ambroxan, Ambrocenida, Pachul\u00ed, Cashmeran<\/li>\n<\/ul>","protected":false},"excerpt":{"rendered":"<p>Armaf, una casa de perfumes famosa por sus creaciones audaces y atractivas, presenta Uniq Oud Forever . Esta intrigante fragancia unisex, inspirada en el lujoso Alexandria II de Xerjoff, es una mezcla magistral de c\u00e1lidas especias, suave oud y delicadas flores, que crean una experiencia olfativa sofisticada y duradera. Ambos perfumes comparten un car\u00e1cter c\u00e1lido [&hellip;]<\/p>\n","protected":false},"featured_media":3344,"comment_status":"open","ping_status":"closed","template":"","meta":[],"product_brand":[535],"product_cat":[225],"product_tag":[624,76,87,102,77,121,435,56,392,67,141],"class_list":{"0":"post-3345","1":"product","2":"type-product","3":"status-publish","4":"has-post-thumbnail","6":"product_brand-armaf","7":"product_cat-perfumes-y-fragancias","8":"product_tag-ambrocenida","9":"product_tag-ambroxan","10":"product_tag-azafran","11":"product_tag-bergamota","12":"product_tag-cardamomo","13":"product_tag-cashmeran","14":"product_tag-cypriol","15":"product_tag-jazmin","16":"product_tag-osmanthus","17":"product_tag-pachuli","18":"product_tag-pimienta-rosa","20":"first","21":"instock","22":"taxable","23":"shipping-taxable","24":"product-type-simple"},"_links":{"self":[{"href":"https:\/\/novaluxeurope.com\/en\/wp-json\/wp\/v2\/product\/3345","targetHints":{"allow":["GET"]}}],"collection":[{"href":"https:\/\/novaluxeurope.com\/en\/wp-json\/wp\/v2\/product"}],"about":[{"href":"https:\/\/novaluxeurope.com\/en\/wp-json\/wp\/v2\/types\/product"}],"replies":[{"embeddable":true,"href":"https:\/\/novaluxeurope.com\/en\/wp-json\/wp\/v2\/comments?post=3345"}],"wp:featuredmedia":[{"embeddable":true,"href":"https:\/\/novaluxeurope.com\/en\/wp-json\/wp\/v2\/media\/3344"}],"wp:attachment":[{"href":"https:\/\/novaluxeurope.com\/en\/wp-json\/wp\/v2\/media?parent=3345"}],"wp:term":[{"taxonomy":"product_brand","embeddable":true,"href":"https:\/\/novaluxeurope.com\/en\/wp-json\/wp\/v2\/product_brand?post=3345"},{"taxonomy":"product_cat","embeddable":true,"href":"https:\/\/novaluxeurope.com\/en\/wp-json\/wp\/v2\/product_cat?post=3345"},{"taxonomy":"product_tag","embeddable":true,"href":"https:\/\/novaluxeurope.com\/en\/wp-json\/wp\/v2\/product_tag?post=3345"}],"curies":[{"name":"wp","href":"https:\/\/api.w.org\/{rel}","templated":true}]}}