{"id":3339,"date":"2026-04-11T00:02:32","date_gmt":"2026-04-11T00:02:32","guid":{"rendered":"https:\/\/novaluxeurope.com\/producto\/armaf-the-pride-of-armaf-admiral\/"},"modified":"2026-05-06T12:01:22","modified_gmt":"2026-05-06T12:01:22","slug":"armaf-the-pride-of-armaf-admiral","status":"publish","type":"product","link":"https:\/\/novaluxeurope.com\/en\/product\/armaf-the-pride-of-armaf-admiral\/","title":{"rendered":"Armaf The Pride Of Armaf Admiral"},"content":{"rendered":"<p dir=\"ltr\"><strong>Habla por ti mismo<\/strong><\/p>\n<p dir=\"ltr\">\u00bfTe gustar\u00eda dejar una huella inolvidable? En ese caso, tienes que probar el eau de parfum Armaf The Pride Of Armaf Admiral. Har\u00e1 que cualquier ocasi\u00f3n sea perfecta y convertir\u00e1 los momentos cotidianos en un instante irrepetible.\u00a0<\/p>\n<ul>\n<li value=\"1\">composici\u00f3n amaderada con acordes especiados<\/li>\n<li value=\"2\">fragancia unisex adecuada tanto para hombre como para mujer\u00a0<\/li>\n<li value=\"3\">dise\u00f1ada con precisi\u00f3n para aquellas personas que buscan una fragancia atemporal e intensa<\/li>\n<\/ul>\n<p dir=\"ltr\"><strong>Composici\u00f3n de la fragancia<\/strong><br \/>La fragancia se abre con el frescor del cardamomo y un ligero toque a pimienta rosa, que llama la atenci\u00f3n de inmediato. Las notas de coraz\u00f3n de la fragancia revelan la arom\u00e1tica lavanda y el misterioso incienso, que aportan profundidad y sofisticaci\u00f3n a la composici\u00f3n. A continuaci\u00f3n, las notas de fondo de vainilla, haba tonka, \u00e1mbar y pachuli dejan una huella c\u00e1lida, sensual y duradera que te acompa\u00f1ar\u00e1 durante todo el d\u00eda.<\/p>\n<p dir=\"ltr\"><strong>Historia de la fragancia<\/strong><br \/>El frasco rinde homenaje al estilo de un caballero moderno, que combina osad\u00eda y elegancia. Cada detalle de la fragancia Armaf The Pride Of Armaf Admiral ha sido dise\u00f1ado para expresar la fuerza del car\u00e1cter y la sofisticaci\u00f3n de quien la lleva. Esta fragancia es todo un s\u00edmbolo de orgullo y de lujo atemporal, dejando una huella inolvidable, igual que un capit\u00e1n que sujeta firmemente el tim\u00f3n de su vida.<\/p>\n<h4>Pir\u00e1mide olfativa<\/h4>\n<ul>\n<li><strong>Notas de entrada:<\/strong> cardamomo, pimienta rosada<\/li>\n<li><strong>Notas de coraz\u00f3n:<\/strong> lavanda, incenso<\/li>\n<li><strong>Notas de salida:<\/strong> vainilla, haba tonka, \u00e1mbar, pachuli<\/li>\n<\/ul>","protected":false},"excerpt":{"rendered":"<p>Habla por ti mismo \u00bfTe gustar\u00eda dejar una huella inolvidable? En ese caso, tienes que probar el eau de parfum Armaf The Pride Of Armaf Admiral. Har\u00e1 que cualquier ocasi\u00f3n sea perfecta y convertir\u00e1 los momentos cotidianos en un instante irrepetible.\u00a0 composici\u00f3n amaderada con acordes especiados fragancia unisex adecuada tanto para hombre como para mujer\u00a0 [&hellip;]<\/p>\n","protected":false},"featured_media":3338,"comment_status":"open","ping_status":"closed","template":"","meta":[],"product_brand":[535],"product_cat":[225],"product_tag":[52,77,79,185,73,67,181,63],"class_list":{"0":"post-3339","1":"product","2":"type-product","3":"status-publish","4":"has-post-thumbnail","6":"product_brand-armaf","7":"product_cat-perfumes-y-fragancias","8":"product_tag-ambar","9":"product_tag-cardamomo","10":"product_tag-haba-tonka","11":"product_tag-incenso","12":"product_tag-lavanda","13":"product_tag-pachuli","14":"product_tag-pimienta-rosada","15":"product_tag-vainilla","17":"first","18":"outofstock","19":"taxable","20":"shipping-taxable","21":"product-type-simple"},"_links":{"self":[{"href":"https:\/\/novaluxeurope.com\/en\/wp-json\/wp\/v2\/product\/3339","targetHints":{"allow":["GET"]}}],"collection":[{"href":"https:\/\/novaluxeurope.com\/en\/wp-json\/wp\/v2\/product"}],"about":[{"href":"https:\/\/novaluxeurope.com\/en\/wp-json\/wp\/v2\/types\/product"}],"replies":[{"embeddable":true,"href":"https:\/\/novaluxeurope.com\/en\/wp-json\/wp\/v2\/comments?post=3339"}],"wp:featuredmedia":[{"embeddable":true,"href":"https:\/\/novaluxeurope.com\/en\/wp-json\/wp\/v2\/media\/3338"}],"wp:attachment":[{"href":"https:\/\/novaluxeurope.com\/en\/wp-json\/wp\/v2\/media?parent=3339"}],"wp:term":[{"taxonomy":"product_brand","embeddable":true,"href":"https:\/\/novaluxeurope.com\/en\/wp-json\/wp\/v2\/product_brand?post=3339"},{"taxonomy":"product_cat","embeddable":true,"href":"https:\/\/novaluxeurope.com\/en\/wp-json\/wp\/v2\/product_cat?post=3339"},{"taxonomy":"product_tag","embeddable":true,"href":"https:\/\/novaluxeurope.com\/en\/wp-json\/wp\/v2\/product_tag?post=3339"}],"curies":[{"name":"wp","href":"https:\/\/api.w.org\/{rel}","templated":true}]}}