{"id":3336,"date":"2026-04-11T00:02:30","date_gmt":"2026-04-11T00:02:30","guid":{"rendered":"https:\/\/novaluxeurope.com\/producto\/armaf-tag-him-uomo-rosso\/"},"modified":"2026-05-04T08:01:14","modified_gmt":"2026-05-04T08:01:14","slug":"armaf-tag-him-uomo-rosso","status":"publish","type":"product","link":"https:\/\/novaluxeurope.com\/en\/product\/armaf-tag-him-uomo-rosso\/","title":{"rendered":"Armaf Tag Him Uomo Rosso"},"content":{"rendered":"<p>Demu\u00e9strate a ti mismo y a los que te rodean que tu energ\u00eda es casi inagotable. No te detengas, traspasa tus l\u00edmites, supera todos los desaf\u00edos. El eau de parfum para hombre Armaf Tag Him Uomo Rosso te seguir\u00e1 siempre el ritmo.<\/p>\n<ul>\n<li>fragancia especiada<\/li>\n<li>para hombres activos llenos de energ\u00eda<\/li>\n<li>fragancia adecuada para uso diario<\/li>\n<\/ul>\n<h4>Pir\u00e1mide olfativa<\/h4>\n<ul>\n<li><strong>Notas de entrada:<\/strong> lavanda, cardamomo, notas arom\u00e1ticas<\/li>\n<li><strong>Notas de coraz\u00f3n:<\/strong> notas especiadas, pimienta negra<\/li>\n<li><strong>Notas de salida:<\/strong> incienso, pachuli, vainilla, haba tonka<\/li>\n<\/ul>","protected":false},"excerpt":{"rendered":"<p>Demu\u00e9strate a ti mismo y a los que te rodean que tu energ\u00eda es casi inagotable. No te detengas, traspasa tus l\u00edmites, supera todos los desaf\u00edos. El eau de parfum para hombre Armaf Tag Him Uomo Rosso te seguir\u00e1 siempre el ritmo. fragancia especiada para hombres activos llenos de energ\u00eda fragancia adecuada para uso diario [&hellip;]<\/p>\n","protected":false},"featured_media":3335,"comment_status":"open","ping_status":"closed","template":"","meta":[],"product_brand":[535],"product_cat":[225],"product_tag":[77,79,127,73,623,462,67,323,63],"class_list":{"0":"post-3336","1":"product","2":"type-product","3":"status-publish","4":"has-post-thumbnail","6":"product_brand-armaf","7":"product_cat-perfumes-y-fragancias","8":"product_tag-cardamomo","9":"product_tag-haba-tonka","10":"product_tag-incienso","11":"product_tag-lavanda","12":"product_tag-notas-aromaticas","13":"product_tag-notas-especiadas","14":"product_tag-pachuli","15":"product_tag-pimienta-negra","16":"product_tag-vainilla","18":"first","19":"instock","20":"taxable","21":"shipping-taxable","22":"product-type-simple"},"_links":{"self":[{"href":"https:\/\/novaluxeurope.com\/en\/wp-json\/wp\/v2\/product\/3336","targetHints":{"allow":["GET"]}}],"collection":[{"href":"https:\/\/novaluxeurope.com\/en\/wp-json\/wp\/v2\/product"}],"about":[{"href":"https:\/\/novaluxeurope.com\/en\/wp-json\/wp\/v2\/types\/product"}],"replies":[{"embeddable":true,"href":"https:\/\/novaluxeurope.com\/en\/wp-json\/wp\/v2\/comments?post=3336"}],"wp:featuredmedia":[{"embeddable":true,"href":"https:\/\/novaluxeurope.com\/en\/wp-json\/wp\/v2\/media\/3335"}],"wp:attachment":[{"href":"https:\/\/novaluxeurope.com\/en\/wp-json\/wp\/v2\/media?parent=3336"}],"wp:term":[{"taxonomy":"product_brand","embeddable":true,"href":"https:\/\/novaluxeurope.com\/en\/wp-json\/wp\/v2\/product_brand?post=3336"},{"taxonomy":"product_cat","embeddable":true,"href":"https:\/\/novaluxeurope.com\/en\/wp-json\/wp\/v2\/product_cat?post=3336"},{"taxonomy":"product_tag","embeddable":true,"href":"https:\/\/novaluxeurope.com\/en\/wp-json\/wp\/v2\/product_tag?post=3336"}],"curies":[{"name":"wp","href":"https:\/\/api.w.org\/{rel}","templated":true}]}}