{"id":3329,"date":"2026-04-11T00:02:26","date_gmt":"2026-04-11T00:02:26","guid":{"rendered":"https:\/\/novaluxeurope.com\/producto\/armaf-red-velvet-edp-u-70-ml\/"},"modified":"2026-04-24T13:31:58","modified_gmt":"2026-04-24T13:31:58","slug":"armaf-red-velvet-edp-u-70-ml","status":"publish","type":"product","link":"https:\/\/novaluxeurope.com\/en\/product\/armaf-red-velvet-edp-u-70-ml\/","title":{"rendered":"Armaf Red Velvet"},"content":{"rendered":"<p>Armaf Red Velvet Eau de Parfum 70 ml es una fragancia unisex juguetona e indulgente que transforma la dulzura en una firma moderna e irresistible. Creada para quienes disfrutan de los aromas gourmand con un toque c\u00e1lido y reconfortante, esta composici\u00f3n mezcla el brillo afrutado con acordes cremosos de az\u00facar y una base sensual. Perteneciente a la familia olfativa floral gourmand-oriental, Red Velvet resulta alegre, acogedora y encantadora sin esfuerzo, y atrae tanto a mujeres como a hombres que se sienten atra\u00eddos por los perfumes dulces pero equilibrados. La fragancia se abre con un animado contraste de aceite de lim\u00f3n y fresa, que proporciona un fresco destello c\u00edtrico suavizado por la jugosa dulzura de la fruta. Esta apertura se siente brillante y acogedora, estableciendo un tono alegre sin brusquedad. A medida que la fragancia se despliega, el coraz\u00f3n revela su personalidad golosa a trav\u00e9s del Az\u00facar batido y la Rodaja de fresa, que crean una suavidad cremosa, similar a la de los postres. El Frangipani a\u00f1ade un suave matiz floral, aportando suavidad y elegancia que mantiene la dulzura refinada y ponible. Al secarse, la Vainilla, el \u00c1mbar y el Almizcle forman una base c\u00e1lida y reconfortante que perdura maravillosamente en la piel. La base es suave, ligeramente sensual y acogedora, y envuelve la composici\u00f3n en una suave dulzura con una sutil profundidad. Armaf Red Velvet Eau de Parfum es ideal para llevar durante el d\u00eda, en veladas relajadas o en momentos en los que se desea una fragancia divertida, moderna y acogedora. Con su equilibrado perfil gourmand y su atractivo unisex, es una deliciosa elecci\u00f3n para cualquiera que ame los aromas dulces con calidez y personalidad. NOTAS DE PERFUME Notas de salida: Aceite de lim\u00f3n, fresa Notas medias: Az\u00facar batido, Rodaja de fresa, Frangipani Notas de Fondo: Vainilla, \u00c1mbar, Almizcle<\/p>\n<h4>Pir\u00e1mide olfativa<\/h4>\n<ul>\n<li><strong>Notas de entrada:<\/strong> Aceite de lim\u00f3n, Fresa<\/li>\n<li><strong>Notas de coraz\u00f3n:<\/strong> Az\u00facar batido, Rodaja de ar\u00e1ndanos, Frangipani<\/li>\n<li><strong>Notas de salida:<\/strong> Vainilla, Almizcle, \u00c1mbar<\/li>\n<\/ul>","protected":false},"excerpt":{"rendered":"<p>Armaf Red Velvet Eau de Parfum 70 ml es una fragancia unisex juguetona e indulgente que transforma la dulzura en una firma moderna e irresistible. Creada para quienes disfrutan de los aromas gourmand con un toque c\u00e1lido y reconfortante, esta composici\u00f3n mezcla el brillo afrutado con acordes cremosos de az\u00facar y una base sensual. Perteneciente [&hellip;]<\/p>\n","protected":false},"featured_media":3328,"comment_status":"open","ping_status":"closed","template":"","meta":[],"product_brand":[535],"product_cat":[225],"product_tag":[620,59,52,621,391,165,622,63],"class_list":{"0":"post-3329","1":"product","2":"type-product","3":"status-publish","4":"has-post-thumbnail","6":"product_brand-armaf","7":"product_cat-perfumes-y-fragancias","8":"product_tag-aceite-de-limon","9":"product_tag-almizcle","10":"product_tag-ambar","11":"product_tag-azucar-batido","12":"product_tag-frangipani","13":"product_tag-fresa","14":"product_tag-rodaja-de-arandanos","15":"product_tag-vainilla","17":"first","18":"instock","19":"taxable","20":"shipping-taxable","21":"product-type-simple"},"_links":{"self":[{"href":"https:\/\/novaluxeurope.com\/en\/wp-json\/wp\/v2\/product\/3329","targetHints":{"allow":["GET"]}}],"collection":[{"href":"https:\/\/novaluxeurope.com\/en\/wp-json\/wp\/v2\/product"}],"about":[{"href":"https:\/\/novaluxeurope.com\/en\/wp-json\/wp\/v2\/types\/product"}],"replies":[{"embeddable":true,"href":"https:\/\/novaluxeurope.com\/en\/wp-json\/wp\/v2\/comments?post=3329"}],"wp:featuredmedia":[{"embeddable":true,"href":"https:\/\/novaluxeurope.com\/en\/wp-json\/wp\/v2\/media\/3328"}],"wp:attachment":[{"href":"https:\/\/novaluxeurope.com\/en\/wp-json\/wp\/v2\/media?parent=3329"}],"wp:term":[{"taxonomy":"product_brand","embeddable":true,"href":"https:\/\/novaluxeurope.com\/en\/wp-json\/wp\/v2\/product_brand?post=3329"},{"taxonomy":"product_cat","embeddable":true,"href":"https:\/\/novaluxeurope.com\/en\/wp-json\/wp\/v2\/product_cat?post=3329"},{"taxonomy":"product_tag","embeddable":true,"href":"https:\/\/novaluxeurope.com\/en\/wp-json\/wp\/v2\/product_tag?post=3329"}],"curies":[{"name":"wp","href":"https:\/\/api.w.org\/{rel}","templated":true}]}}