{"id":3327,"date":"2026-04-11T00:02:25","date_gmt":"2026-04-11T00:02:25","guid":{"rendered":"https:\/\/novaluxeurope.com\/producto\/armaf-club-de-nuit-precieux-iv\/"},"modified":"2026-05-05T08:01:36","modified_gmt":"2026-05-05T08:01:36","slug":"armaf-club-de-nuit-precieux-iv","status":"publish","type":"product","link":"https:\/\/novaluxeurope.com\/en\/product\/armaf-club-de-nuit-precieux-iv\/","title":{"rendered":"Armaf Club de Nuit Precieux IV"},"content":{"rendered":"<p dir=\"ltr\"><strong>Una fragancia sofisticada para hombre y mujer<\/strong><\/p>\n<p dir=\"ltr\">Algunas fragancias tienen el poder de atraerte desde el principio. Una de ellas es el extracto de perfume unisex Armaf Club de Nuit Precieux IV, que representa un equilibrio perfecto entre la elegancia casual y el carisma moderno.<\/p>\n<ul>\n<li value=\"1\">composici\u00f3n arom\u00e1tica floral con notas frutales y de vainilla<\/li>\n<li value=\"2\">ideal para llevar de d\u00eda y de noche en todas las estaciones del a\u00f1o<\/li>\n<li value=\"3\">se lanz\u00f3 al mercado en el a\u00f1o 2025<\/li>\n<\/ul>\n<p dir=\"ltr\"><strong>Composici\u00f3n de la fragancia:<\/strong><br \/>Los acordes superiores del extracto de perfume Armaf Club de Nuit Precieux IV revelan el tr\u00edo de bergamota, manzana y sal marina. Con las notas de coraz\u00f3n surge el ylang-ylang, el jazm\u00edn, el lirio blanco y las bayas rojas, y el concierto arom\u00e1tico culmina con nata montada, vainilla, haba tonka, almizcle y pachuli.<\/p>\n<h4>Pir\u00e1mide olfativa<\/h4>\n<ul>\n<li><strong>Notas de entrada:<\/strong> bergamota, mandarina, pimienta rosada<\/li>\n<li><strong>Notas de coraz\u00f3n:<\/strong> jazm\u00edn, rosa, pachuli<\/li>\n<li><strong>Notas de salida:<\/strong> \u00e1mbar, madera de cedro, almizcle, vainilla<\/li>\n<\/ul>","protected":false},"excerpt":{"rendered":"<p>Una fragancia sofisticada para hombre y mujer Algunas fragancias tienen el poder de atraerte desde el principio. Una de ellas es el extracto de perfume unisex Armaf Club de Nuit Precieux IV, que representa un equilibrio perfecto entre la elegancia casual y el carisma moderno. composici\u00f3n arom\u00e1tica floral con notas frutales y de vainilla ideal [&hellip;]<\/p>\n","protected":false},"featured_media":3326,"comment_status":"open","ping_status":"closed","template":"","meta":[],"product_brand":[535],"product_cat":[225],"product_tag":[59,52,102,56,46,99,67,181,49,63],"class_list":{"0":"post-3327","1":"product","2":"type-product","3":"status-publish","4":"has-post-thumbnail","6":"product_brand-armaf","7":"product_cat-perfumes-y-fragancias","8":"product_tag-almizcle","9":"product_tag-ambar","10":"product_tag-bergamota","11":"product_tag-jazmin","12":"product_tag-madera-de-cedro","13":"product_tag-mandarina","14":"product_tag-pachuli","15":"product_tag-pimienta-rosada","16":"product_tag-rosa","17":"product_tag-vainilla","19":"first","20":"instock","21":"taxable","22":"shipping-taxable","23":"product-type-simple"},"_links":{"self":[{"href":"https:\/\/novaluxeurope.com\/en\/wp-json\/wp\/v2\/product\/3327","targetHints":{"allow":["GET"]}}],"collection":[{"href":"https:\/\/novaluxeurope.com\/en\/wp-json\/wp\/v2\/product"}],"about":[{"href":"https:\/\/novaluxeurope.com\/en\/wp-json\/wp\/v2\/types\/product"}],"replies":[{"embeddable":true,"href":"https:\/\/novaluxeurope.com\/en\/wp-json\/wp\/v2\/comments?post=3327"}],"wp:featuredmedia":[{"embeddable":true,"href":"https:\/\/novaluxeurope.com\/en\/wp-json\/wp\/v2\/media\/3326"}],"wp:attachment":[{"href":"https:\/\/novaluxeurope.com\/en\/wp-json\/wp\/v2\/media?parent=3327"}],"wp:term":[{"taxonomy":"product_brand","embeddable":true,"href":"https:\/\/novaluxeurope.com\/en\/wp-json\/wp\/v2\/product_brand?post=3327"},{"taxonomy":"product_cat","embeddable":true,"href":"https:\/\/novaluxeurope.com\/en\/wp-json\/wp\/v2\/product_cat?post=3327"},{"taxonomy":"product_tag","embeddable":true,"href":"https:\/\/novaluxeurope.com\/en\/wp-json\/wp\/v2\/product_tag?post=3327"}],"curies":[{"name":"wp","href":"https:\/\/api.w.org\/{rel}","templated":true}]}}