{"id":3320,"date":"2026-04-11T00:02:22","date_gmt":"2026-04-11T00:02:22","guid":{"rendered":"https:\/\/novaluxeurope.com\/producto\/armaf-perle-dor-edp-u-75-ml\/"},"modified":"2026-04-24T13:13:45","modified_gmt":"2026-04-24T13:13:45","slug":"armaf-perle-dor-edp-u-75-ml","status":"publish","type":"product","link":"https:\/\/novaluxeurope.com\/en\/product\/armaf-perle-dor-edp-u-75-ml\/","title":{"rendered":"Armaf Perle D\u00b4or"},"content":{"rendered":"<p>Explore la lujosa Armaf Perle D&#8217;or Eau de Parfum 75 ml , una fragancia unisex que mezcla con elegancia notas florales, dulces y c\u00e1lidas orientales. Se abre con una explosi\u00f3n refrescante y arom\u00e1tica de salvia sclarea , bergamota y pimienta rosa , creando una introducci\u00f3n vibrante y vigorizante. El coraz\u00f3n revela un bouquet suave y goloso de azahar, leche de coco, caramelo y sutiles notas acu\u00e1ticas, que a\u00f1aden profundidad, cremosidad y un toque de dulzura. El fondo se asienta en un final c\u00e1lido y sensual con almizcle blanco, vainilla, pachul\u00ed y \u00e1mbar, dejando una estela refinada y duradera. En un frasco sofisticado y de dise\u00f1o elegante, Perle D&#8217;or refleja a la vez lujo y modernidad, por lo que es ideal para llevar de d\u00eda o de noche. Su armoniosa combinaci\u00f3n de elementos florales, gourmand y orientales garantiza un aroma vers\u00e1til y cautivador para cualquier ocasi\u00f3n. NOTAS DE PERFUME Notas de salida: Salvia sclarea, Bergamota, Pimienta rosa Notas medias: Azahar, Leche de Coco, Caramelo, Notas Acu\u00e1ticas Notas de Fondo: Almizcle blanco, Vainilla, Pachul\u00ed, \u00c1mbar<\/p>\n<h4>Pir\u00e1mide olfativa<\/h4>\n<ul>\n<li><strong>Notas de entrada:<\/strong> Salvia sclarea, Bergamota, Pimienta rosa<\/li>\n<li><strong>Notas de coraz\u00f3n:<\/strong> Azahar, Leche de coco, Caramelo, Notas acu\u00e1ticas<\/li>\n<li><strong>Notas de salida:<\/strong> Almizcle blanco, Vainilla, Pachul\u00ed, \u00c1mbar<\/li>\n<\/ul>","protected":false},"excerpt":{"rendered":"<p>Explore la lujosa Armaf Perle D&#8217;or Eau de Parfum 75 ml , una fragancia unisex que mezcla con elegancia notas florales, dulces y c\u00e1lidas orientales. Se abre con una explosi\u00f3n refrescante y arom\u00e1tica de salvia sclarea , bergamota y pimienta rosa , creando una introducci\u00f3n vibrante y vigorizante. El coraz\u00f3n revela un bouquet suave y [&hellip;]<\/p>\n","protected":false},"featured_media":3319,"comment_status":"open","ping_status":"closed","template":"","meta":[],"product_brand":[535],"product_cat":[225],"product_tag":[169,52,353,102,60,115,595,67,141,206,63],"class_list":{"0":"post-3320","1":"product","2":"type-product","3":"status-publish","4":"has-post-thumbnail","6":"product_brand-armaf","7":"product_cat-perfumes-y-fragancias","8":"product_tag-almizcle-blanco","9":"product_tag-ambar","10":"product_tag-azahar","11":"product_tag-bergamota","12":"product_tag-caramelo","13":"product_tag-leche-de-coco","14":"product_tag-notas-acuaticas","15":"product_tag-pachuli","16":"product_tag-pimienta-rosa","17":"product_tag-salvia-sclarea","18":"product_tag-vainilla","20":"first","21":"outofstock","22":"taxable","23":"shipping-taxable","24":"product-type-simple"},"_links":{"self":[{"href":"https:\/\/novaluxeurope.com\/en\/wp-json\/wp\/v2\/product\/3320","targetHints":{"allow":["GET"]}}],"collection":[{"href":"https:\/\/novaluxeurope.com\/en\/wp-json\/wp\/v2\/product"}],"about":[{"href":"https:\/\/novaluxeurope.com\/en\/wp-json\/wp\/v2\/types\/product"}],"replies":[{"embeddable":true,"href":"https:\/\/novaluxeurope.com\/en\/wp-json\/wp\/v2\/comments?post=3320"}],"wp:featuredmedia":[{"embeddable":true,"href":"https:\/\/novaluxeurope.com\/en\/wp-json\/wp\/v2\/media\/3319"}],"wp:attachment":[{"href":"https:\/\/novaluxeurope.com\/en\/wp-json\/wp\/v2\/media?parent=3320"}],"wp:term":[{"taxonomy":"product_brand","embeddable":true,"href":"https:\/\/novaluxeurope.com\/en\/wp-json\/wp\/v2\/product_brand?post=3320"},{"taxonomy":"product_cat","embeddable":true,"href":"https:\/\/novaluxeurope.com\/en\/wp-json\/wp\/v2\/product_cat?post=3320"},{"taxonomy":"product_tag","embeddable":true,"href":"https:\/\/novaluxeurope.com\/en\/wp-json\/wp\/v2\/product_tag?post=3320"}],"curies":[{"name":"wp","href":"https:\/\/api.w.org\/{rel}","templated":true}]}}