{"id":3314,"date":"2026-04-11T00:02:20","date_gmt":"2026-04-11T00:02:20","guid":{"rendered":"https:\/\/novaluxeurope.com\/producto\/armaf-ombre-dor-edp-m-75-ml\/"},"modified":"2026-04-24T13:13:45","modified_gmt":"2026-04-24T13:13:45","slug":"armaf-ombre-dor-edp-m-75-ml","status":"publish","type":"product","link":"https:\/\/novaluxeurope.com\/en\/product\/armaf-ombre-dor-edp-m-75-ml\/","title":{"rendered":"Armaf Ombre D\u00b4or"},"content":{"rendered":"<p>Armaf Ombre d&#8217;Or es una lujosa fragancia masculina que fusiona una chispeante frescura con una rica profundidad floral y especiada. Se abre con notas especiadas, un suave velo de almizcle y lima vibrante, creando una introducci\u00f3n en\u00e9rgica pero suave. El coraz\u00f3n revela una refinada mezcla de azafr\u00e1n, intrigantes notas met\u00e1licas, la rom\u00e1ntica dulzura de la rosa de Damasco y un iris empolvado. Esta combinaci\u00f3n logra un equilibrio perfecto entre elegancia y sofisticaci\u00f3n moderna. En el fondo, se despliegan el \u00e1mbar c\u00e1lido, el incienso m\u00edstico y las aterciopeladas notas amaderadas, que confieren a la fragancia un car\u00e1cter duradero y sensual. Ombre d&#8217;Or ofrece una composici\u00f3n equilibrada que funciona a la perfecci\u00f3n tanto para la elegancia diurna como para el encanto nocturno. NOTAS DE PERFUME Notas de salida: Notas especiadas, almizcle, lima Notas medias: Azafr\u00e1n, Notas Met\u00e1licas, Rosa de Damasco, Iris Notas de Fondo: \u00c1mbar, incienso, notas amaderadas<\/p>\n<h4>Pir\u00e1mide olfativa<\/h4>\n<ul>\n<li><strong>Notas de entrada:<\/strong> Picante, Almizcle, Cal<\/li>\n<li><strong>Notas de coraz\u00f3n:<\/strong> Azafr\u00e1n, Notas met\u00e1licas, Rosa de Damasco, Iris<\/li>\n<li><strong>Notas de salida:<\/strong> \u00c1mbar, Incienso, Notas de madera<\/li>\n<\/ul>","protected":false},"excerpt":{"rendered":"<p>Armaf Ombre d&#8217;Or es una lujosa fragancia masculina que fusiona una chispeante frescura con una rica profundidad floral y especiada. Se abre con notas especiadas, un suave velo de almizcle y lima vibrante, creando una introducci\u00f3n en\u00e9rgica pero suave. El coraz\u00f3n revela una refinada mezcla de azafr\u00e1n, intrigantes notas met\u00e1licas, la rom\u00e1ntica dulzura de la [&hellip;]<\/p>\n","protected":false},"featured_media":3313,"comment_status":"open","ping_status":"closed","template":"","meta":[],"product_brand":[535],"product_cat":[225],"product_tag":[59,52,87,477,127,55,457,618,550,619],"class_list":{"0":"post-3314","1":"product","2":"type-product","3":"status-publish","4":"has-post-thumbnail","6":"product_brand-armaf","7":"product_cat-perfumes-y-fragancias","8":"product_tag-almizcle","9":"product_tag-ambar","10":"product_tag-azafran","11":"product_tag-cal","12":"product_tag-incienso","13":"product_tag-iris","14":"product_tag-notas-de-madera","15":"product_tag-notas-metalicas","16":"product_tag-picante","17":"product_tag-rosa-de-damasco","19":"first","20":"outofstock","21":"taxable","22":"shipping-taxable","23":"product-type-simple"},"_links":{"self":[{"href":"https:\/\/novaluxeurope.com\/en\/wp-json\/wp\/v2\/product\/3314","targetHints":{"allow":["GET"]}}],"collection":[{"href":"https:\/\/novaluxeurope.com\/en\/wp-json\/wp\/v2\/product"}],"about":[{"href":"https:\/\/novaluxeurope.com\/en\/wp-json\/wp\/v2\/types\/product"}],"replies":[{"embeddable":true,"href":"https:\/\/novaluxeurope.com\/en\/wp-json\/wp\/v2\/comments?post=3314"}],"wp:featuredmedia":[{"embeddable":true,"href":"https:\/\/novaluxeurope.com\/en\/wp-json\/wp\/v2\/media\/3313"}],"wp:attachment":[{"href":"https:\/\/novaluxeurope.com\/en\/wp-json\/wp\/v2\/media?parent=3314"}],"wp:term":[{"taxonomy":"product_brand","embeddable":true,"href":"https:\/\/novaluxeurope.com\/en\/wp-json\/wp\/v2\/product_brand?post=3314"},{"taxonomy":"product_cat","embeddable":true,"href":"https:\/\/novaluxeurope.com\/en\/wp-json\/wp\/v2\/product_cat?post=3314"},{"taxonomy":"product_tag","embeddable":true,"href":"https:\/\/novaluxeurope.com\/en\/wp-json\/wp\/v2\/product_tag?post=3314"}],"curies":[{"name":"wp","href":"https:\/\/api.w.org\/{rel}","templated":true}]}}