{"id":3311,"date":"2026-04-11T00:02:19","date_gmt":"2026-04-11T00:02:19","guid":{"rendered":"https:\/\/novaluxeurope.com\/producto\/armaf-odyssey-toffee-coffee\/"},"modified":"2026-05-09T11:19:12","modified_gmt":"2026-05-09T11:19:12","slug":"armaf-odyssey-toffee-coffee","status":"publish","type":"product","link":"https:\/\/novaluxeurope.com\/en\/product\/armaf-odyssey-toffee-coffee\/","title":{"rendered":"Armaf Odyssey Toffee Coffee"},"content":{"rendered":"<p>\u00bfTienes una cita, vas a una fiesta o has quedado con tus amigos? El eau de parfum unisex Armaf Odyssey Toffee Coffee es perfecto para cualquier ocasi\u00f3n en la que desees brillar. Descubre t\u00fa tambi\u00e9n una fragancia que resaltar\u00e1 a la perfecci\u00f3n tu extraordinario atractivo.<\/p>\n<ul>\n<li>fragancia gourmand<\/li>\n<li>fragancia oriental<\/li>\n<li>fragancia amaderada<\/li>\n<li>para personas con un estilo no convencional<\/li>\n<li>fragancia c\u00e1lida, ideal para las \u00e9pocas fr\u00edas<\/li>\n<li>fragancia original para las ocasiones especiales<\/li>\n<\/ul>\n<h4>Pir\u00e1mide olfativa<\/h4>\n<ul>\n<li><strong>Notas de entrada:<\/strong> caf\u00e9, Dulce de leche, miel, azafr\u00e1n, bergamota<\/li>\n<li><strong>Notas de coraz\u00f3n:<\/strong> rosa b\u00falgara, leche, musgo de roble, Toffee, flores<\/li>\n<li><strong>Notas de salida:<\/strong> \u00e1mbar, ca\u00f1a de az\u00facar, almizcle blanco, madera, vainilla<\/li>\n<\/ul>","protected":false},"excerpt":{"rendered":"<p>\u00bfTienes una cita, vas a una fiesta o has quedado con tus amigos? El eau de parfum unisex Armaf Odyssey Toffee Coffee es perfecto para cualquier ocasi\u00f3n en la que desees brillar. Descubre t\u00fa tambi\u00e9n una fragancia que resaltar\u00e1 a la perfecci\u00f3n tu extraordinario atractivo. fragancia gourmand fragancia oriental fragancia amaderada para personas con un [&hellip;]<\/p>\n","protected":false},"featured_media":3310,"comment_status":"open","ping_status":"closed","template":"","meta":[],"product_brand":[535],"product_cat":[225],"product_tag":[169,52,87,102,182,176,341,246,146,66,200,61,433,75,63],"class_list":{"0":"post-3311","1":"product","2":"type-product","3":"status-publish","4":"has-post-thumbnail","6":"product_brand-armaf","7":"product_cat-perfumes-y-fragancias","8":"product_tag-almizcle-blanco","9":"product_tag-ambar","10":"product_tag-azafran","11":"product_tag-bergamota","12":"product_tag-cafe","13":"product_tag-cana-de-azucar","14":"product_tag-dulce-de-leche","15":"product_tag-flores","16":"product_tag-leche","17":"product_tag-madera","18":"product_tag-miel","19":"product_tag-musgo-de-roble","20":"product_tag-rosa-bulgara","21":"product_tag-toffee","22":"product_tag-vainilla","24":"first","25":"instock","26":"taxable","27":"shipping-taxable","28":"product-type-simple"},"_links":{"self":[{"href":"https:\/\/novaluxeurope.com\/en\/wp-json\/wp\/v2\/product\/3311","targetHints":{"allow":["GET"]}}],"collection":[{"href":"https:\/\/novaluxeurope.com\/en\/wp-json\/wp\/v2\/product"}],"about":[{"href":"https:\/\/novaluxeurope.com\/en\/wp-json\/wp\/v2\/types\/product"}],"replies":[{"embeddable":true,"href":"https:\/\/novaluxeurope.com\/en\/wp-json\/wp\/v2\/comments?post=3311"}],"wp:featuredmedia":[{"embeddable":true,"href":"https:\/\/novaluxeurope.com\/en\/wp-json\/wp\/v2\/media\/3310"}],"wp:attachment":[{"href":"https:\/\/novaluxeurope.com\/en\/wp-json\/wp\/v2\/media?parent=3311"}],"wp:term":[{"taxonomy":"product_brand","embeddable":true,"href":"https:\/\/novaluxeurope.com\/en\/wp-json\/wp\/v2\/product_brand?post=3311"},{"taxonomy":"product_cat","embeddable":true,"href":"https:\/\/novaluxeurope.com\/en\/wp-json\/wp\/v2\/product_cat?post=3311"},{"taxonomy":"product_tag","embeddable":true,"href":"https:\/\/novaluxeurope.com\/en\/wp-json\/wp\/v2\/product_tag?post=3311"}],"curies":[{"name":"wp","href":"https:\/\/api.w.org\/{rel}","templated":true}]}}