{"id":3299,"date":"2026-04-11T00:02:14","date_gmt":"2026-04-11T00:02:14","guid":{"rendered":"https:\/\/novaluxeurope.com\/producto\/armaf-odyssey-marshmallow-edp-u-100-ml\/"},"modified":"2026-05-09T11:19:12","modified_gmt":"2026-05-09T11:19:12","slug":"armaf-odyssey-marshmallow-edp-u-100-ml","status":"publish","type":"product","link":"https:\/\/novaluxeurope.com\/en\/product\/armaf-odyssey-marshmallow-edp-u-100-ml\/","title":{"rendered":"Armaf Odyssey Marshmallow"},"content":{"rendered":"<p>Descubra la juguetona e indulgente Armaf Odyssey Marshmallow Eau de Parfum 100 ml , una fragancia unisex que equilibra a la perfecci\u00f3n la frescura afrutada con las dulces delicias gourmand. Se abre con una mezcla brillante y acogedora de manzana rosa, coco, lim\u00f3n, peon\u00eda y lirio de los valles, creando una introducci\u00f3n en\u00e9rgica y estimulante. El coraz\u00f3n revela un exquisito bouquet de fresa, melocot\u00f3n, frambuesa, malvavisco, albaricoque y azahar, que aporta riqueza y un dulzor cremoso. La base se asienta en un final c\u00e1lido y reconfortante con almizcle rosa, mascarpone, vainilla, \u00e1mbar, pralin\u00e9 y haba tonka, dejando una estela suave y duradera. Presentado en un frasco vibrante de inspiraci\u00f3n tropical, Odyssey Marshmallow refleja diversi\u00f3n y sofisticaci\u00f3n, por lo que es perfecto tanto para el d\u00eda como para la noche. Su armoniosa combinaci\u00f3n de notas afrutadas, florales y gourmand garantiza un aroma vers\u00e1til adecuado para cualquier ocasi\u00f3n. NOTAS DE PERFUME Notas de salida: Manzana rosa, coco, lim\u00f3n, peon\u00eda, lirio de los valles Notas medias: Fresa, Melocot\u00f3n, Frambuesa, Malvavisco, Albaricoque, Azahar Notas de Fondo: Almizcle Rosa, Mascarpone, Vainilla, \u00c1mbar, Pralin\u00e9, Haba Tonka<\/p>\n<h4>Pir\u00e1mide olfativa<\/h4>\n<ul>\n<li><strong>Notas de entrada:<\/strong> Manzana rosa, Coco, Lim\u00f3n, Peon\u00eda, Lirio del valle<\/li>\n<li><strong>Notas de coraz\u00f3n:<\/strong> Fresa, Melocot\u00f3n, Frambuesa, Malvavisco, Albaricoque, Azahar<\/li>\n<li><strong>Notas de salida:<\/strong> Almizcle rosa, Mascarpone, Vainilla, \u00c1mbar, Pralin\u00e9, Haba Tonka<\/li>\n<\/ul>","protected":false},"excerpt":{"rendered":"<p>Descubra la juguetona e indulgente Armaf Odyssey Marshmallow Eau de Parfum 100 ml , una fragancia unisex que equilibra a la perfecci\u00f3n la frescura afrutada con las dulces delicias gourmand. Se abre con una mezcla brillante y acogedora de manzana rosa, coco, lim\u00f3n, peon\u00eda y lirio de los valles, creando una introducci\u00f3n en\u00e9rgica y estimulante. [&hellip;]<\/p>\n","protected":false},"featured_media":3298,"comment_status":"open","ping_status":"closed","template":"","meta":[],"product_brand":[535],"product_cat":[225],"product_tag":[399,615,52,353,144,97,165,79,140,388,403,616,617,186,57,159,63],"class_list":{"0":"post-3299","1":"product","2":"type-product","3":"status-publish","4":"has-post-thumbnail","6":"product_brand-armaf","7":"product_cat-perfumes-y-fragancias","8":"product_tag-albaricoque","9":"product_tag-almizcle-rosa","10":"product_tag-ambar","11":"product_tag-azahar","12":"product_tag-coco","13":"product_tag-frambuesa","14":"product_tag-fresa","15":"product_tag-haba-tonka","16":"product_tag-limon","17":"product_tag-lirio-del-valle","18":"product_tag-malvavisco","19":"product_tag-manzana-rosa","20":"product_tag-mascarpone","21":"product_tag-melocoton","22":"product_tag-peonia","23":"product_tag-praline","24":"product_tag-vainilla","26":"first","27":"instock","28":"taxable","29":"shipping-taxable","30":"product-type-simple"},"_links":{"self":[{"href":"https:\/\/novaluxeurope.com\/en\/wp-json\/wp\/v2\/product\/3299","targetHints":{"allow":["GET"]}}],"collection":[{"href":"https:\/\/novaluxeurope.com\/en\/wp-json\/wp\/v2\/product"}],"about":[{"href":"https:\/\/novaluxeurope.com\/en\/wp-json\/wp\/v2\/types\/product"}],"replies":[{"embeddable":true,"href":"https:\/\/novaluxeurope.com\/en\/wp-json\/wp\/v2\/comments?post=3299"}],"wp:featuredmedia":[{"embeddable":true,"href":"https:\/\/novaluxeurope.com\/en\/wp-json\/wp\/v2\/media\/3298"}],"wp:attachment":[{"href":"https:\/\/novaluxeurope.com\/en\/wp-json\/wp\/v2\/media?parent=3299"}],"wp:term":[{"taxonomy":"product_brand","embeddable":true,"href":"https:\/\/novaluxeurope.com\/en\/wp-json\/wp\/v2\/product_brand?post=3299"},{"taxonomy":"product_cat","embeddable":true,"href":"https:\/\/novaluxeurope.com\/en\/wp-json\/wp\/v2\/product_cat?post=3299"},{"taxonomy":"product_tag","embeddable":true,"href":"https:\/\/novaluxeurope.com\/en\/wp-json\/wp\/v2\/product_tag?post=3299"}],"curies":[{"name":"wp","href":"https:\/\/api.w.org\/{rel}","templated":true}]}}