{"id":3294,"date":"2026-04-11T00:02:13","date_gmt":"2026-04-11T00:02:13","guid":{"rendered":"https:\/\/novaluxeurope.com\/producto\/armaf-odyssey-mango-edp-u-100-ml\/"},"modified":"2026-04-24T13:13:45","modified_gmt":"2026-04-24T13:13:45","slug":"armaf-odyssey-mango-edp-u-100-ml","status":"publish","type":"product","link":"https:\/\/novaluxeurope.com\/en\/product\/armaf-odyssey-mango-edp-u-100-ml\/","title":{"rendered":"Armaf Odyssey Mango"},"content":{"rendered":"<p>Descubra la vibrante y ex\u00f3tica Armaf Odyssey Go Mango Eau de Parfum 100 ml , una fragancia unisex que combina magistralmente acordes especiados, afrutados y amaderados. Se abre con una explosi\u00f3n de pimienta rosa, jengibre, lim\u00f3n y delicadas flores blancas, creando una introducci\u00f3n vigorizante y juguetona. El coraz\u00f3n desvela una jugosa nota de mango armonizada con haba tonka y sutiles maderas secas, que a\u00f1aden profundidad y calidez tropical. El fondo se asienta en una sensual y persistente mezcla de notas de frutos secos, madera de guayaco, vainilla, \u00e1mbar y almizcle, dejando una estela cautivadora y memorable. Presentado en un frasco amarillo brillante adornado con motivos tropicales, Odyssey Go Mango refleja a la vez energ\u00eda y sofisticaci\u00f3n, por lo que es ideal para llevar a diario o en ocasiones especiales. Su combinaci\u00f3n \u00fanica de elementos especiados, afrutados y amaderados garantiza un aroma vers\u00e1til y encantador para cualquier entusiasta de las fragancias unisex. NOTAS DE PERFUME Notas de salida: Pimienta rosa, jengibre, lim\u00f3n, flores blancas Notas medias: Mango, haba tonka, madera seca Notas de fondo: Notas de nuez, madera de guayaco, vainilla, \u00e1mbar, almizcle<\/p>\n<h4>Pir\u00e1mide olfativa<\/h4>\n<ul>\n<li><strong>Notas de entrada:<\/strong> Pimienta rosa, Jengibre, Lim\u00f3n, Flores blancas<\/li>\n<li><strong>Notas de coraz\u00f3n:<\/strong> Mango, Haba Tonka, Madera seca<\/li>\n<li><strong>Notas de salida:<\/strong> Notas de frutos secos, Madera de Guayac\u00e1n, Vainilla, \u00c1mbar, Almizcle<\/li>\n<\/ul>","protected":false},"excerpt":{"rendered":"<p>Descubra la vibrante y ex\u00f3tica Armaf Odyssey Go Mango Eau de Parfum 100 ml , una fragancia unisex que combina magistralmente acordes especiados, afrutados y amaderados. Se abre con una explosi\u00f3n de pimienta rosa, jengibre, lim\u00f3n y delicadas flores blancas, creando una introducci\u00f3n vigorizante y juguetona. El coraz\u00f3n desvela una jugosa nota de mango armonizada [&hellip;]<\/p>\n","protected":false},"featured_media":3293,"comment_status":"open","ping_status":"closed","template":"","meta":[],"product_brand":[535],"product_cat":[225],"product_tag":[59,52,110,79,180,140,128,212,190,614,141,63],"class_list":{"0":"post-3294","1":"product","2":"type-product","3":"status-publish","4":"has-post-thumbnail","6":"product_brand-armaf","7":"product_cat-perfumes-y-fragancias","8":"product_tag-almizcle","9":"product_tag-ambar","10":"product_tag-flores-blancas","11":"product_tag-haba-tonka","12":"product_tag-jengibre","13":"product_tag-limon","14":"product_tag-madera-de-guayacan","15":"product_tag-madera-seca","16":"product_tag-mango","17":"product_tag-notas-de-frutos-secos","18":"product_tag-pimienta-rosa","19":"product_tag-vainilla","21":"first","22":"outofstock","23":"taxable","24":"shipping-taxable","25":"product-type-simple"},"_links":{"self":[{"href":"https:\/\/novaluxeurope.com\/en\/wp-json\/wp\/v2\/product\/3294","targetHints":{"allow":["GET"]}}],"collection":[{"href":"https:\/\/novaluxeurope.com\/en\/wp-json\/wp\/v2\/product"}],"about":[{"href":"https:\/\/novaluxeurope.com\/en\/wp-json\/wp\/v2\/types\/product"}],"replies":[{"embeddable":true,"href":"https:\/\/novaluxeurope.com\/en\/wp-json\/wp\/v2\/comments?post=3294"}],"wp:featuredmedia":[{"embeddable":true,"href":"https:\/\/novaluxeurope.com\/en\/wp-json\/wp\/v2\/media\/3293"}],"wp:attachment":[{"href":"https:\/\/novaluxeurope.com\/en\/wp-json\/wp\/v2\/media?parent=3294"}],"wp:term":[{"taxonomy":"product_brand","embeddable":true,"href":"https:\/\/novaluxeurope.com\/en\/wp-json\/wp\/v2\/product_brand?post=3294"},{"taxonomy":"product_cat","embeddable":true,"href":"https:\/\/novaluxeurope.com\/en\/wp-json\/wp\/v2\/product_cat?post=3294"},{"taxonomy":"product_tag","embeddable":true,"href":"https:\/\/novaluxeurope.com\/en\/wp-json\/wp\/v2\/product_tag?post=3294"}],"curies":[{"name":"wp","href":"https:\/\/api.w.org\/{rel}","templated":true}]}}