{"id":3291,"date":"2026-04-11T00:02:13","date_gmt":"2026-04-11T00:02:13","guid":{"rendered":"https:\/\/novaluxeurope.com\/producto\/armaf-odyssey-homme-white-edition-2\/"},"modified":"2026-04-24T13:13:45","modified_gmt":"2026-04-24T13:13:45","slug":"armaf-odyssey-homme-white-edition-2","status":"publish","type":"product","link":"https:\/\/novaluxeurope.com\/en\/product\/armaf-odyssey-homme-white-edition-2\/","title":{"rendered":"Armaf Odyssey Homme White Edition"},"content":{"rendered":"<p>No dejes que nada te detenga y disfruta de los est\u00edmulos en cualquier situaci\u00f3n. El eau de parfum para hombre Armaf Odyssey Homme White Edition te garantiza un torrente instant\u00e1neo de energ\u00eda a nivel sensorial. Te estimular\u00e1 de tal forma que podr\u00e1s conseguirlo todo con facilidad y perspectiva.<\/p>\n<ul>\n<li>fragancia amaderada<\/li>\n<li>fragancia fresca y pura<\/li>\n<li>fragancia acu\u00e1tica con notas marinas<\/li>\n<li>para hombres activos llenos de energ\u00eda<\/li>\n<li>fragancia fresca, ideal para las \u00e9pocas c\u00e1lidas<\/li>\n<\/ul>\n<h4>Pir\u00e1mide olfativa<\/h4>\n<ul>\n<li><strong>Notas de entrada:<\/strong> yuzu, pomelo, pimienta rosada<\/li>\n<li><strong>Notas de coraz\u00f3n:<\/strong> notas marinas, p\u00e9talo de violeta<\/li>\n<li><strong>Notas de salida:<\/strong> \u00e1mbar gris, madera \u00e1mbar, madera de guayaco<\/li>\n<\/ul>","protected":false},"excerpt":{"rendered":"<p>No dejes que nada te detenga y disfruta de los est\u00edmulos en cualquier situaci\u00f3n. El eau de parfum para hombre Armaf Odyssey Homme White Edition te garantiza un torrente instant\u00e1neo de energ\u00eda a nivel sensorial. Te estimular\u00e1 de tal forma que podr\u00e1s conseguirlo todo con facilidad y perspectiva. fragancia amaderada fragancia fresca y pura fragancia [&hellip;]<\/p>\n","protected":false},"featured_media":3288,"comment_status":"open","ping_status":"closed","template":"","meta":[],"product_brand":[535],"product_cat":[225],"product_tag":[64,219,147,312,96,181,245,578],"class_list":{"0":"post-3291","1":"product","2":"type-product","3":"status-publish","4":"has-post-thumbnail","6":"product_brand-armaf","7":"product_cat-perfumes-y-fragancias","8":"product_tag-ambar-gris","9":"product_tag-madera-ambar","10":"product_tag-madera-de-guayaco","11":"product_tag-notas-marinas","12":"product_tag-petalo-de-violeta","13":"product_tag-pimienta-rosada","14":"product_tag-pomelo","15":"product_tag-yuzu","17":"first","18":"outofstock","19":"taxable","20":"shipping-taxable","21":"product-type-simple"},"_links":{"self":[{"href":"https:\/\/novaluxeurope.com\/en\/wp-json\/wp\/v2\/product\/3291","targetHints":{"allow":["GET"]}}],"collection":[{"href":"https:\/\/novaluxeurope.com\/en\/wp-json\/wp\/v2\/product"}],"about":[{"href":"https:\/\/novaluxeurope.com\/en\/wp-json\/wp\/v2\/types\/product"}],"replies":[{"embeddable":true,"href":"https:\/\/novaluxeurope.com\/en\/wp-json\/wp\/v2\/comments?post=3291"}],"wp:featuredmedia":[{"embeddable":true,"href":"https:\/\/novaluxeurope.com\/en\/wp-json\/wp\/v2\/media\/3288"}],"wp:attachment":[{"href":"https:\/\/novaluxeurope.com\/en\/wp-json\/wp\/v2\/media?parent=3291"}],"wp:term":[{"taxonomy":"product_brand","embeddable":true,"href":"https:\/\/novaluxeurope.com\/en\/wp-json\/wp\/v2\/product_brand?post=3291"},{"taxonomy":"product_cat","embeddable":true,"href":"https:\/\/novaluxeurope.com\/en\/wp-json\/wp\/v2\/product_cat?post=3291"},{"taxonomy":"product_tag","embeddable":true,"href":"https:\/\/novaluxeurope.com\/en\/wp-json\/wp\/v2\/product_tag?post=3291"}],"curies":[{"name":"wp","href":"https:\/\/api.w.org\/{rel}","templated":true}]}}