{"id":3284,"date":"2026-04-11T00:02:09","date_gmt":"2026-04-11T00:02:09","guid":{"rendered":"https:\/\/novaluxeurope.com\/producto\/armaf-odyssey-homme-body-spray-200-ml\/"},"modified":"2026-04-24T13:13:45","modified_gmt":"2026-04-24T13:13:45","slug":"armaf-odyssey-homme-body-spray-200-ml","status":"publish","type":"product","link":"https:\/\/novaluxeurope.com\/en\/product\/armaf-odyssey-homme-body-spray-200-ml\/","title":{"rendered":"Armaf Odyssey Homme body spray"},"content":{"rendered":"<p>Armaf Odyssey Homme Body Spray 200 ml es una fragancia sofisticada dise\u00f1ada para hombres que aprecian los aromas atrevidos, c\u00e1lidos y refinados. Perteneciente a la familia olfativa Ambarina Fougere, este spray corporal combina elementos ricos, especiados y amaderados para crear una fragancia vers\u00e1til, adecuada tanto para el d\u00eda como para la noche. Su tama\u00f1o de 200 ml garantiza un frescor duradero y una presencia segura durante todo el d\u00eda. La fragancia se abre con unas c\u00e1lidas y acogedoras notas de salida de vainilla y \u00e1mbar, que proporcionan una introducci\u00f3n rica, acogedora y ligeramente dulce que atrae inmediatamente la atenci\u00f3n. El coraz\u00f3n revela una compleja mezcla de especias orientales, iris y cuero, que a\u00f1aden profundidad, refinamiento y una sutil sofisticaci\u00f3n arom\u00e1tica que realza el car\u00e1cter de la composici\u00f3n. La base se asienta en una mezcla suave y duradera de vainilla , cuero y jazm\u00edn , dejando una estela rica, sensual y cautivadora. Armaf Odyssey Homme Body Spray ofrece un equilibrio armonioso de calidez, especias y elegancia, por lo que es ideal para los hombres que buscan un aroma audaz pero refinado que se destaca sin dejar de ser sofisticado. NOTAS DE PERFUME Notas altas: Vainilla, \u00c1mbar Notas medias: Especias Orientales, Iris, Cuero Notas de Fondo: Vainilla, Cuero, Jazm\u00edn<\/p>\n<h4>Pir\u00e1mide olfativa<\/h4>\n<ul>\n<li><strong>Notas de entrada:<\/strong> Vainilla, \u00c1mbar<\/li>\n<li><strong>Notas de coraz\u00f3n:<\/strong> Especias orientales, Iris, Piel<\/li>\n<li><strong>Notas de salida:<\/strong> Vainilla, Piel, Jazm\u00edn<\/li>\n<\/ul>","protected":false},"excerpt":{"rendered":"<p>Armaf Odyssey Homme Body Spray 200 ml es una fragancia sofisticada dise\u00f1ada para hombres que aprecian los aromas atrevidos, c\u00e1lidos y refinados. Perteneciente a la familia olfativa Ambarina Fougere, este spray corporal combina elementos ricos, especiados y amaderados para crear una fragancia vers\u00e1til, adecuada tanto para el d\u00eda como para la noche. Su tama\u00f1o de [&hellip;]<\/p>\n","protected":false},"featured_media":3283,"comment_status":"open","ping_status":"closed","template":"","meta":[],"product_brand":[535],"product_cat":[225],"product_tag":[52,589,55,56,137,63],"class_list":{"0":"post-3284","1":"product","2":"type-product","3":"status-publish","4":"has-post-thumbnail","6":"product_brand-armaf","7":"product_cat-perfumes-y-fragancias","8":"product_tag-ambar","9":"product_tag-especias-orientales","10":"product_tag-iris","11":"product_tag-jazmin","12":"product_tag-piel","13":"product_tag-vainilla","15":"first","16":"outofstock","17":"taxable","18":"shipping-taxable","19":"product-type-simple"},"_links":{"self":[{"href":"https:\/\/novaluxeurope.com\/en\/wp-json\/wp\/v2\/product\/3284","targetHints":{"allow":["GET"]}}],"collection":[{"href":"https:\/\/novaluxeurope.com\/en\/wp-json\/wp\/v2\/product"}],"about":[{"href":"https:\/\/novaluxeurope.com\/en\/wp-json\/wp\/v2\/types\/product"}],"replies":[{"embeddable":true,"href":"https:\/\/novaluxeurope.com\/en\/wp-json\/wp\/v2\/comments?post=3284"}],"wp:featuredmedia":[{"embeddable":true,"href":"https:\/\/novaluxeurope.com\/en\/wp-json\/wp\/v2\/media\/3283"}],"wp:attachment":[{"href":"https:\/\/novaluxeurope.com\/en\/wp-json\/wp\/v2\/media?parent=3284"}],"wp:term":[{"taxonomy":"product_brand","embeddable":true,"href":"https:\/\/novaluxeurope.com\/en\/wp-json\/wp\/v2\/product_brand?post=3284"},{"taxonomy":"product_cat","embeddable":true,"href":"https:\/\/novaluxeurope.com\/en\/wp-json\/wp\/v2\/product_cat?post=3284"},{"taxonomy":"product_tag","embeddable":true,"href":"https:\/\/novaluxeurope.com\/en\/wp-json\/wp\/v2\/product_tag?post=3284"}],"curies":[{"name":"wp","href":"https:\/\/api.w.org\/{rel}","templated":true}]}}