{"id":3279,"date":"2026-04-11T00:02:06","date_gmt":"2026-04-11T00:02:06","guid":{"rendered":"https:\/\/novaluxeurope.com\/producto\/armaf-odyssey-candee-body-spray-200-ml\/"},"modified":"2026-04-24T13:13:45","modified_gmt":"2026-04-24T13:13:45","slug":"armaf-odyssey-candee-body-spray-200-ml","status":"publish","type":"product","link":"https:\/\/novaluxeurope.com\/en\/product\/armaf-odyssey-candee-body-spray-200-ml\/","title":{"rendered":"Armaf Odyssey Candee body spray"},"content":{"rendered":"<p>Armaf Odyssey Candee Body Spray 200 ml es una fragancia juguetona y femenina dise\u00f1ada para las mujeres que disfrutan con los aromas vibrantes, dulces y juveniles. Perteneciente a la familia olfativa Frutal Gourmand y lanzada en 2024, este spray corporal ofrece un aroma en\u00e9rgico y alegre que puede alegrar los momentos cotidianos. Su tama\u00f1o de 200 ml lo hace ideal para el uso diario, proporcionando un aroma refrescante y duradero que realza la confianza y el encanto. La fragancia se abre con jugosas notas de salida de fresa, frambuesa y melocot\u00f3n, realzadas por la sabrosa bergamota y un sutil toque floral de geranio, creando una introducci\u00f3n brillante, afrutada y acogedora. El coraz\u00f3n se despliega con una mezcla cremosa y golosa de caramelo, jazm\u00edn y fruta de la pasi\u00f3n, que aporta riqueza, calidez y un suave dulzor floral que equilibra la vibrante salida. La base se desarrolla en una sensual base de \u00e1mbar, almizcle y pachul\u00ed, que aporta profundidad, calidez y una estela duradera. Odyssey Candee es perfecta para llevar a diario, ya que ofrece un aroma vivo y femenino que deja una impresi\u00f3n memorable y mantiene a quien la lleva fresca, segura y alegre durante todo el d\u00eda. NOTAS DE PERFUME Notas de salida: Fresa, Frambuesa, Melocot\u00f3n, Bergamota, Geranio Notas medias: Caramelo, Jazm\u00edn, Maracuy\u00e1 Notas de Fondo: \u00c1mbar, Almizcle, Pachul\u00ed<\/p>\n<h4>Pir\u00e1mide olfativa<\/h4>\n<ul>\n<li><strong>Notas de entrada:<\/strong> Fresa, Frambuesa, Melocot\u00f3n, Bergamota, Geranio<\/li>\n<li><strong>Notas de coraz\u00f3n:<\/strong> Caramelo, Jazm\u00edn, Fruta de la pasi\u00f3n<\/li>\n<li><strong>Notas de salida:<\/strong> \u00c1mbar, Almizcle, Pachul\u00ed<\/li>\n<\/ul>","protected":false},"excerpt":{"rendered":"<p>Armaf Odyssey Candee Body Spray 200 ml es una fragancia juguetona y femenina dise\u00f1ada para las mujeres que disfrutan con los aromas vibrantes, dulces y juveniles. Perteneciente a la familia olfativa Frutal Gourmand y lanzada en 2024, este spray corporal ofrece un aroma en\u00e9rgico y alegre que puede alegrar los momentos cotidianos. Su tama\u00f1o de [&hellip;]<\/p>\n","protected":false},"featured_media":3278,"comment_status":"open","ping_status":"closed","template":"","meta":[],"product_brand":[535],"product_cat":[225],"product_tag":[59,52,102,60,97,165,532,131,56,186,67],"class_list":{"0":"post-3279","1":"product","2":"type-product","3":"status-publish","4":"has-post-thumbnail","6":"product_brand-armaf","7":"product_cat-perfumes-y-fragancias","8":"product_tag-almizcle","9":"product_tag-ambar","10":"product_tag-bergamota","11":"product_tag-caramelo","12":"product_tag-frambuesa","13":"product_tag-fresa","14":"product_tag-fruta-de-la-pasion","15":"product_tag-geranio","16":"product_tag-jazmin","17":"product_tag-melocoton","18":"product_tag-pachuli","20":"first","21":"outofstock","22":"taxable","23":"shipping-taxable","24":"product-type-simple"},"_links":{"self":[{"href":"https:\/\/novaluxeurope.com\/en\/wp-json\/wp\/v2\/product\/3279","targetHints":{"allow":["GET"]}}],"collection":[{"href":"https:\/\/novaluxeurope.com\/en\/wp-json\/wp\/v2\/product"}],"about":[{"href":"https:\/\/novaluxeurope.com\/en\/wp-json\/wp\/v2\/types\/product"}],"replies":[{"embeddable":true,"href":"https:\/\/novaluxeurope.com\/en\/wp-json\/wp\/v2\/comments?post=3279"}],"wp:featuredmedia":[{"embeddable":true,"href":"https:\/\/novaluxeurope.com\/en\/wp-json\/wp\/v2\/media\/3278"}],"wp:attachment":[{"href":"https:\/\/novaluxeurope.com\/en\/wp-json\/wp\/v2\/media?parent=3279"}],"wp:term":[{"taxonomy":"product_brand","embeddable":true,"href":"https:\/\/novaluxeurope.com\/en\/wp-json\/wp\/v2\/product_brand?post=3279"},{"taxonomy":"product_cat","embeddable":true,"href":"https:\/\/novaluxeurope.com\/en\/wp-json\/wp\/v2\/product_cat?post=3279"},{"taxonomy":"product_tag","embeddable":true,"href":"https:\/\/novaluxeurope.com\/en\/wp-json\/wp\/v2\/product_tag?post=3279"}],"curies":[{"name":"wp","href":"https:\/\/api.w.org\/{rel}","templated":true}]}}