{"id":3275,"date":"2026-04-11T00:02:05","date_gmt":"2026-04-11T00:02:05","guid":{"rendered":"https:\/\/novaluxeurope.com\/producto\/armaf-magnum-oud-rouge-pour-homme-body-spray-200-ml\/"},"modified":"2026-04-24T13:13:45","modified_gmt":"2026-04-24T13:13:45","slug":"armaf-magnum-oud-rouge-pour-homme-body-spray-200-ml","status":"publish","type":"product","link":"https:\/\/novaluxeurope.com\/en\/product\/armaf-magnum-oud-rouge-pour-homme-body-spray-200-ml\/","title":{"rendered":"Armaf Magnum Oud Rouge pour Homme Body spray"},"content":{"rendered":"<p>D\u00e9 rienda suelta a la sofisticaci\u00f3n que lleva dentro con Armaf Magnum Oud Rouge pour Homme Body spray 200 ml. Este spray corporal de primera calidad combina la cautivadora esencia del oud con una intrincada mezcla de c\u00e1lidas especias y delicadas notas florales , dando como resultado una fragancia rica y ex\u00f3tica que es a la vez audaz y acogedora. Dise\u00f1ado para el hombre moderno, Oud Rouge ofrece un frescor duradero y una eficaz protecci\u00f3n contra el olor, por lo que es ideal para cualquier ocasi\u00f3n, desde salidas informales a eventos formales. Eleve su rutina de aseo personal con Magnum Body Spray Homme 200ml &#8211; Oud Rouge y deje una impresi\u00f3n duradera con cada pulverizaci\u00f3n. Experimente el encanto de esta lujosa fragancia y disfrute de la confianza que aporta.<\/p>","protected":false},"excerpt":{"rendered":"<p>D\u00e9 rienda suelta a la sofisticaci\u00f3n que lleva dentro con Armaf Magnum Oud Rouge pour Homme Body spray 200 ml. Este spray corporal de primera calidad combina la cautivadora esencia del oud con una intrincada mezcla de c\u00e1lidas especias y delicadas notas florales , dando como resultado una fragancia rica y ex\u00f3tica que es a [&hellip;]<\/p>\n","protected":false},"featured_media":3274,"comment_status":"open","ping_status":"closed","template":"","meta":[],"product_brand":[535],"product_cat":[225],"product_tag":[],"class_list":{"0":"post-3275","1":"product","2":"type-product","3":"status-publish","4":"has-post-thumbnail","6":"product_brand-armaf","7":"product_cat-perfumes-y-fragancias","9":"first","10":"outofstock","11":"taxable","12":"shipping-taxable","13":"product-type-simple"},"_links":{"self":[{"href":"https:\/\/novaluxeurope.com\/en\/wp-json\/wp\/v2\/product\/3275","targetHints":{"allow":["GET"]}}],"collection":[{"href":"https:\/\/novaluxeurope.com\/en\/wp-json\/wp\/v2\/product"}],"about":[{"href":"https:\/\/novaluxeurope.com\/en\/wp-json\/wp\/v2\/types\/product"}],"replies":[{"embeddable":true,"href":"https:\/\/novaluxeurope.com\/en\/wp-json\/wp\/v2\/comments?post=3275"}],"wp:featuredmedia":[{"embeddable":true,"href":"https:\/\/novaluxeurope.com\/en\/wp-json\/wp\/v2\/media\/3274"}],"wp:attachment":[{"href":"https:\/\/novaluxeurope.com\/en\/wp-json\/wp\/v2\/media?parent=3275"}],"wp:term":[{"taxonomy":"product_brand","embeddable":true,"href":"https:\/\/novaluxeurope.com\/en\/wp-json\/wp\/v2\/product_brand?post=3275"},{"taxonomy":"product_cat","embeddable":true,"href":"https:\/\/novaluxeurope.com\/en\/wp-json\/wp\/v2\/product_cat?post=3275"},{"taxonomy":"product_tag","embeddable":true,"href":"https:\/\/novaluxeurope.com\/en\/wp-json\/wp\/v2\/product_tag?post=3275"}],"curies":[{"name":"wp","href":"https:\/\/api.w.org\/{rel}","templated":true}]}}