{"id":3271,"date":"2026-04-11T00:02:04","date_gmt":"2026-04-11T00:02:04","guid":{"rendered":"https:\/\/novaluxeurope.com\/producto\/armaf-magnum-oud-noir-pour-homme-body-spray-200-ml\/"},"modified":"2026-04-24T13:13:45","modified_gmt":"2026-04-24T13:13:45","slug":"armaf-magnum-oud-noir-pour-homme-body-spray-200-ml","status":"publish","type":"product","link":"https:\/\/novaluxeurope.com\/en\/product\/armaf-magnum-oud-noir-pour-homme-body-spray-200-ml\/","title":{"rendered":"Armaf Magnum Oud Noir pour Homme Body spray"},"content":{"rendered":"<p>El desodorante Armaf Magnum Oud Noir pour Homme Body Spray 200 ml te mantiene fresco y seguro de ti mismo durante todo el d\u00eda. Apto para todo tipo de piel, ofrece una fragancia de larga duraci\u00f3n que cautiva a las personas que te rodean con su seductor aroma. Esta mezcla \u00fanica de fragancias inigualables no s\u00f3lo refresca tu mente, sino que llena de vida cada momento, dejando una impresi\u00f3n duradera all\u00e1 donde vayas. Utilizar s\u00f3lo como se indica. Mantenga el bote a 15 cm de la axila y pulverice. Evite pulverizar cerca de los ojos, la cara o sobre piel irritada o agrietada. No pulverizar ni aplicar sobre superficies pintadas o pulidas. Mantener fuera del alcance de los ni\u00f1os. Este es un envase presurizado-prot\u00e9jalo de la luz solar y no lo exponga a temperaturas superiores a 50\u00b0C. No perforar ni quemar, incluso despu\u00e9s de su uso. No pulverizar sobre una llama desnuda o cualquier material incandescente. Mantener alejado de fuentes de ignici\u00f3n. No fumar durante o poco despu\u00e9s del uso. Utilizar en lugares bien ventilados y evitar pulverizaciones prolongadas. No reutilizar el envase. No inhalar directamente. S\u00f3lo para uso externo. Conservar en lugar fresco.<\/p>","protected":false},"excerpt":{"rendered":"<p>El desodorante Armaf Magnum Oud Noir pour Homme Body Spray 200 ml te mantiene fresco y seguro de ti mismo durante todo el d\u00eda. Apto para todo tipo de piel, ofrece una fragancia de larga duraci\u00f3n que cautiva a las personas que te rodean con su seductor aroma. Esta mezcla \u00fanica de fragancias inigualables no [&hellip;]<\/p>\n","protected":false},"featured_media":3270,"comment_status":"open","ping_status":"closed","template":"","meta":[],"product_brand":[535],"product_cat":[225],"product_tag":[],"class_list":{"0":"post-3271","1":"product","2":"type-product","3":"status-publish","4":"has-post-thumbnail","6":"product_brand-armaf","7":"product_cat-perfumes-y-fragancias","9":"first","10":"outofstock","11":"taxable","12":"shipping-taxable","13":"product-type-simple"},"_links":{"self":[{"href":"https:\/\/novaluxeurope.com\/en\/wp-json\/wp\/v2\/product\/3271","targetHints":{"allow":["GET"]}}],"collection":[{"href":"https:\/\/novaluxeurope.com\/en\/wp-json\/wp\/v2\/product"}],"about":[{"href":"https:\/\/novaluxeurope.com\/en\/wp-json\/wp\/v2\/types\/product"}],"replies":[{"embeddable":true,"href":"https:\/\/novaluxeurope.com\/en\/wp-json\/wp\/v2\/comments?post=3271"}],"wp:featuredmedia":[{"embeddable":true,"href":"https:\/\/novaluxeurope.com\/en\/wp-json\/wp\/v2\/media\/3270"}],"wp:attachment":[{"href":"https:\/\/novaluxeurope.com\/en\/wp-json\/wp\/v2\/media?parent=3271"}],"wp:term":[{"taxonomy":"product_brand","embeddable":true,"href":"https:\/\/novaluxeurope.com\/en\/wp-json\/wp\/v2\/product_brand?post=3271"},{"taxonomy":"product_cat","embeddable":true,"href":"https:\/\/novaluxeurope.com\/en\/wp-json\/wp\/v2\/product_cat?post=3271"},{"taxonomy":"product_tag","embeddable":true,"href":"https:\/\/novaluxeurope.com\/en\/wp-json\/wp\/v2\/product_tag?post=3271"}],"curies":[{"name":"wp","href":"https:\/\/api.w.org\/{rel}","templated":true}]}}