{"id":3264,"date":"2026-04-11T00:02:02","date_gmt":"2026-04-11T00:02:02","guid":{"rendered":"https:\/\/novaluxeurope.com\/producto\/armaf-legesi-edp-w-100-ml\/"},"modified":"2026-04-24T13:13:45","modified_gmt":"2026-04-24T13:13:45","slug":"armaf-legesi-edp-w-100-ml","status":"publish","type":"product","link":"https:\/\/novaluxeurope.com\/en\/product\/armaf-legesi-edp-w-100-ml\/","title":{"rendered":"Armaf Legesi"},"content":{"rendered":"<p>Presentamos Legesi EDP Spray de Armaf, una cautivadora fragancia femenina que proporciona una exquisita experiencia olfativa. Lanzado por la renombrada casa de dise\u00f1o Armaf, este perfume es una encantadora mezcla perfecta para la mujer moderna que aprecia las cosas buenas de la vida. Enam\u00f3rese de las notas de salida de melocot\u00f3n, lim\u00f3n, lichi y bergamota, que le dan la bienvenida con un aroma refrescante y vigorizante. A medida que estas notas iniciales se suavizan, se adentra en un coraz\u00f3n de canela, manzana, jazm\u00edn y lirio de los valles. Estas notas de coraz\u00f3n ricas, florales y especiadas crean una mezcla armoniosa que resulta seductora y reconfortante. A medida que el viaje de esta fragancia contin\u00faa, se asienta en las notas de fondo de cedro, s\u00e1ndalo y almizcle. Estos tonos terrosos proporcionan un final c\u00e1lido y relajante, dejando una impresi\u00f3n duradera que es a la vez cautivadora y memorable. Legesi de Armaf es m\u00e1s que una fragancia, es una declaraci\u00f3n de elegancia y sofisticaci\u00f3n. Envasado en un elegante frasco vaporizador EDP de 100 ml, es perfecto tanto para el uso diario como para ocasiones especiales. El c\u00f3digo de barras 6294015107098 garantiza su autenticidad, d\u00e1ndole tranquilidad con cada compra. Experimente el encanto de Armaf Ladies Legesi EDP Spray. Una fragancia que desprende encanto y elegancia, es el complemento perfecto para su colecci\u00f3n de perfumes. Esta deliciosa fragancia es un testimonio de la dedicaci\u00f3n de Armaf a la creaci\u00f3n de perfumes que son tan \u00fanicos y hermosos como las mujeres que los usan. NOTAS DE PERFUME Notas de salida: Melocot\u00f3n, Lim\u00f3n, Litchi, Bergamota Notas medias: Canela, Manzana, Jazm\u00edn, Lirio de los valles Notas de Fondo: Cedro, S\u00e1ndalo, Almizcle<\/p>\n<h4>Pir\u00e1mide olfativa<\/h4>\n<ul>\n<li><strong>Notas de entrada:<\/strong> Melocot\u00f3n, Lim\u00f3n, Litchi, Bergamota<\/li>\n<li><strong>Notas de coraz\u00f3n:<\/strong> Canela, Manzana, Jazm\u00edn, Lirio de los valles<\/li>\n<li><strong>Notas de salida:<\/strong> Cedro, S\u00e1ndalo, Almizcle<\/li>\n<\/ul>","protected":false},"excerpt":{"rendered":"<p>Presentamos Legesi EDP Spray de Armaf, una cautivadora fragancia femenina que proporciona una exquisita experiencia olfativa. Lanzado por la renombrada casa de dise\u00f1o Armaf, este perfume es una encantadora mezcla perfecta para la mujer moderna que aprecia las cosas buenas de la vida. Enam\u00f3rese de las notas de salida de melocot\u00f3n, lim\u00f3n, lichi y bergamota, [&hellip;]<\/p>\n","protected":false},"featured_media":3263,"comment_status":"open","ping_status":"closed","template":"","meta":[],"product_brand":[535],"product_cat":[225],"product_tag":[59,102,94,53,56,140,85,361,88,186,174],"class_list":{"0":"post-3264","1":"product","2":"type-product","3":"status-publish","4":"has-post-thumbnail","6":"product_brand-armaf","7":"product_cat-perfumes-y-fragancias","8":"product_tag-almizcle","9":"product_tag-bergamota","10":"product_tag-canela","11":"product_tag-cedro","12":"product_tag-jazmin","13":"product_tag-limon","14":"product_tag-lirio-de-los-valles","15":"product_tag-litchi","16":"product_tag-manzana","17":"product_tag-melocoton","18":"product_tag-sandalo","20":"first","21":"outofstock","22":"taxable","23":"shipping-taxable","24":"product-type-simple"},"_links":{"self":[{"href":"https:\/\/novaluxeurope.com\/en\/wp-json\/wp\/v2\/product\/3264","targetHints":{"allow":["GET"]}}],"collection":[{"href":"https:\/\/novaluxeurope.com\/en\/wp-json\/wp\/v2\/product"}],"about":[{"href":"https:\/\/novaluxeurope.com\/en\/wp-json\/wp\/v2\/types\/product"}],"replies":[{"embeddable":true,"href":"https:\/\/novaluxeurope.com\/en\/wp-json\/wp\/v2\/comments?post=3264"}],"wp:featuredmedia":[{"embeddable":true,"href":"https:\/\/novaluxeurope.com\/en\/wp-json\/wp\/v2\/media\/3263"}],"wp:attachment":[{"href":"https:\/\/novaluxeurope.com\/en\/wp-json\/wp\/v2\/media?parent=3264"}],"wp:term":[{"taxonomy":"product_brand","embeddable":true,"href":"https:\/\/novaluxeurope.com\/en\/wp-json\/wp\/v2\/product_brand?post=3264"},{"taxonomy":"product_cat","embeddable":true,"href":"https:\/\/novaluxeurope.com\/en\/wp-json\/wp\/v2\/product_cat?post=3264"},{"taxonomy":"product_tag","embeddable":true,"href":"https:\/\/novaluxeurope.com\/en\/wp-json\/wp\/v2\/product_tag?post=3264"}],"curies":[{"name":"wp","href":"https:\/\/api.w.org\/{rel}","templated":true}]}}