{"id":3260,"date":"2026-04-11T00:02:00","date_gmt":"2026-04-11T00:02:00","guid":{"rendered":"https:\/\/novaluxeurope.com\/producto\/armaf-le-parfait-pour-femme-panache\/"},"modified":"2026-05-08T12:01:35","modified_gmt":"2026-05-08T12:01:35","slug":"armaf-le-parfait-pour-femme-panache","status":"publish","type":"product","link":"https:\/\/novaluxeurope.com\/en\/product\/armaf-le-parfait-pour-femme-panache\/","title":{"rendered":"Armaf Le Parfait Pour Femme Panache"},"content":{"rendered":"<p>Disfruta de una fragancia con la que no pasar\u00e1s desapercibida en ning\u00fan evento. El eau de parfum para mujer Armaf Le Parfait Pour Femme Panache es la materializaci\u00f3n del lujo y la exclusividad. Su sofisticada composici\u00f3n arom\u00e1tica deleitar\u00e1 hasta a las personas m\u00e1s exigentes.<\/p>\n<ul>\n<li>fragancia floral<\/li>\n<\/ul>\n<h4>Pir\u00e1mide olfativa<\/h4>\n<ul>\n<li><strong>Notas de entrada:<\/strong> flores<\/li>\n<li><strong>Notas de coraz\u00f3n:<\/strong> pimienta rosada, pachuli<\/li>\n<li><strong>Notas de salida:<\/strong> vainilla, almizcle<\/li>\n<\/ul>","protected":false},"excerpt":{"rendered":"<p>Disfruta de una fragancia con la que no pasar\u00e1s desapercibida en ning\u00fan evento. El eau de parfum para mujer Armaf Le Parfait Pour Femme Panache es la materializaci\u00f3n del lujo y la exclusividad. Su sofisticada composici\u00f3n arom\u00e1tica deleitar\u00e1 hasta a las personas m\u00e1s exigentes. fragancia floral Pir\u00e1mide olfativa Notas de entrada: flores Notas de coraz\u00f3n: [&hellip;]<\/p>\n","protected":false},"featured_media":3259,"comment_status":"open","ping_status":"closed","template":"","meta":[],"product_brand":[535],"product_cat":[225],"product_tag":[59,246,67,181,63],"class_list":{"0":"post-3260","1":"product","2":"type-product","3":"status-publish","4":"has-post-thumbnail","6":"product_brand-armaf","7":"product_cat-perfumes-y-fragancias","8":"product_tag-almizcle","9":"product_tag-flores","10":"product_tag-pachuli","11":"product_tag-pimienta-rosada","12":"product_tag-vainilla","14":"first","15":"instock","16":"taxable","17":"shipping-taxable","18":"product-type-simple"},"_links":{"self":[{"href":"https:\/\/novaluxeurope.com\/en\/wp-json\/wp\/v2\/product\/3260","targetHints":{"allow":["GET"]}}],"collection":[{"href":"https:\/\/novaluxeurope.com\/en\/wp-json\/wp\/v2\/product"}],"about":[{"href":"https:\/\/novaluxeurope.com\/en\/wp-json\/wp\/v2\/types\/product"}],"replies":[{"embeddable":true,"href":"https:\/\/novaluxeurope.com\/en\/wp-json\/wp\/v2\/comments?post=3260"}],"wp:featuredmedia":[{"embeddable":true,"href":"https:\/\/novaluxeurope.com\/en\/wp-json\/wp\/v2\/media\/3259"}],"wp:attachment":[{"href":"https:\/\/novaluxeurope.com\/en\/wp-json\/wp\/v2\/media?parent=3260"}],"wp:term":[{"taxonomy":"product_brand","embeddable":true,"href":"https:\/\/novaluxeurope.com\/en\/wp-json\/wp\/v2\/product_brand?post=3260"},{"taxonomy":"product_cat","embeddable":true,"href":"https:\/\/novaluxeurope.com\/en\/wp-json\/wp\/v2\/product_cat?post=3260"},{"taxonomy":"product_tag","embeddable":true,"href":"https:\/\/novaluxeurope.com\/en\/wp-json\/wp\/v2\/product_tag?post=3260"}],"curies":[{"name":"wp","href":"https:\/\/api.w.org\/{rel}","templated":true}]}}