{"id":3255,"date":"2026-04-11T00:01:56","date_gmt":"2026-04-11T00:01:56","guid":{"rendered":"https:\/\/novaluxeurope.com\/producto\/armaf-hunter-intense\/"},"modified":"2026-04-24T13:13:45","modified_gmt":"2026-04-24T13:13:45","slug":"armaf-hunter-intense","status":"publish","type":"product","link":"https:\/\/novaluxeurope.com\/en\/product\/armaf-hunter-intense\/","title":{"rendered":"Armaf Hunter Intense"},"content":{"rendered":"<p>El eau de toilette para hombre Armaf Hunter Intense te ayudar\u00e1 a descubrir la virilidad, la fuerza y el valor que se ocultan en tu interior. La fragancia rebosa masculinidad y acentuar\u00e1 perfectamente tu car\u00e1cter a cada paso.<\/p>\n<ul>\n<li>fragancia amaderada<\/li>\n<li>fragancia arom\u00e1tica con notas herbales<\/li>\n<li>para hombres din\u00e1micos con personalidad de l\u00edder<\/li>\n<li>fragancia adecuada para uso diario<\/li>\n<\/ul>\n<h4>Pir\u00e1mide olfativa<\/h4>\n<ul>\n<li><strong>Notas de entrada:<\/strong> bergamota, cidro, pomelo, mandarina<\/li>\n<li><strong>Notas de coraz\u00f3n:<\/strong> cardamomo, lavanda, pelargonio, tuberosa, ylang-ylang, pimienta negra<\/li>\n<li><strong>Notas de salida:<\/strong> cedro, l\u00e1dano, pachuli, almizcle, vetiver<\/li>\n<\/ul>","protected":false},"excerpt":{"rendered":"<p>El eau de toilette para hombre Armaf Hunter Intense te ayudar\u00e1 a descubrir la virilidad, la fuerza y el valor que se ocultan en tu interior. La fragancia rebosa masculinidad y acentuar\u00e1 perfectamente tu car\u00e1cter a cada paso. fragancia amaderada fragancia arom\u00e1tica con notas herbales para hombres din\u00e1micos con personalidad de l\u00edder fragancia adecuada para [&hellip;]<\/p>\n","protected":false},"featured_media":3254,"comment_status":"open","ping_status":"closed","template":"","meta":[],"product_brand":[535],"product_cat":[225],"product_tag":[59,102,77,53,545,70,73,99,67,329,323,245,203,50,149],"class_list":{"0":"post-3255","1":"product","2":"type-product","3":"status-publish","4":"has-post-thumbnail","6":"product_brand-armaf","7":"product_cat-perfumes-y-fragancias","8":"product_tag-almizcle","9":"product_tag-bergamota","10":"product_tag-cardamomo","11":"product_tag-cedro","12":"product_tag-cidro","13":"product_tag-ladano","14":"product_tag-lavanda","15":"product_tag-mandarina","16":"product_tag-pachuli","17":"product_tag-pelargonio","18":"product_tag-pimienta-negra","19":"product_tag-pomelo","20":"product_tag-tuberosa","21":"product_tag-vetiver","22":"product_tag-ylang-ylang","24":"first","25":"outofstock","26":"taxable","27":"shipping-taxable","28":"product-type-simple"},"_links":{"self":[{"href":"https:\/\/novaluxeurope.com\/en\/wp-json\/wp\/v2\/product\/3255","targetHints":{"allow":["GET"]}}],"collection":[{"href":"https:\/\/novaluxeurope.com\/en\/wp-json\/wp\/v2\/product"}],"about":[{"href":"https:\/\/novaluxeurope.com\/en\/wp-json\/wp\/v2\/types\/product"}],"replies":[{"embeddable":true,"href":"https:\/\/novaluxeurope.com\/en\/wp-json\/wp\/v2\/comments?post=3255"}],"wp:featuredmedia":[{"embeddable":true,"href":"https:\/\/novaluxeurope.com\/en\/wp-json\/wp\/v2\/media\/3254"}],"wp:attachment":[{"href":"https:\/\/novaluxeurope.com\/en\/wp-json\/wp\/v2\/media?parent=3255"}],"wp:term":[{"taxonomy":"product_brand","embeddable":true,"href":"https:\/\/novaluxeurope.com\/en\/wp-json\/wp\/v2\/product_brand?post=3255"},{"taxonomy":"product_cat","embeddable":true,"href":"https:\/\/novaluxeurope.com\/en\/wp-json\/wp\/v2\/product_cat?post=3255"},{"taxonomy":"product_tag","embeddable":true,"href":"https:\/\/novaluxeurope.com\/en\/wp-json\/wp\/v2\/product_tag?post=3255"}],"curies":[{"name":"wp","href":"https:\/\/api.w.org\/{rel}","templated":true}]}}