{"id":3249,"date":"2026-04-11T00:01:54","date_gmt":"2026-04-11T00:01:54","guid":{"rendered":"https:\/\/novaluxeurope.com\/producto\/armaf-excellus-edp-m-100-ml\/"},"modified":"2026-04-24T13:13:45","modified_gmt":"2026-04-24T13:13:45","slug":"armaf-excellus-edp-m-100-ml","status":"publish","type":"product","link":"https:\/\/novaluxeurope.com\/en\/product\/armaf-excellus-edp-m-100-ml\/","title":{"rendered":"Armaf Excellus"},"content":{"rendered":"<p>Descubra el exquisito encanto de Armaf Men&#8217;s Excellus EDP Spray, una cautivadora fragancia lanzada en 2019. Elaborado por la renombrada casa de dise\u00f1o de Oriente Medio, Armaf, este frasco de lujo de 100 ml encierra un mundo de sofisticaci\u00f3n y encanto. Excellus pertenece a la distinguida familia olfativa Cuero , ofreciendo un aroma que es a la vez audaz y refinado. Las notas de salida de neroli, bergamota y pomelo crean una introducci\u00f3n refrescante y vigorizante, perfecta para el hombre moderno. A medida que la fragancia se despliega, las notas de coraz\u00f3n de nuez moscada, jazm\u00edn y notas amaderadas a\u00f1aden profundidad y complejidad. Esta armoniosa mezcla proporciona una experiencia rica y arom\u00e1tica que resulta tentadora y memorable. Las notas de fondo de cuero, \u00e1mbar, vetiver y s\u00e1ndalo cimentan la fragancia con un acabado c\u00e1lido y sensual. Estos elementos garantizan que Excellus deje una impresi\u00f3n duradera, convirti\u00e9ndolo en la elecci\u00f3n ideal para cualquier ocasi\u00f3n. Dise\u00f1ado para hombres que aprecian la elegancia y la clase, Armaf Excellus es m\u00e1s que una fragancia: es una expresi\u00f3n de estilo y personalidad. El formato EDP en spray garantiza un aroma duradero que le mantendr\u00e1 fresco y seguro durante todo el d\u00eda. NOTAS DE PERFUME Notas de salida: Neroli, Bergamota, Pomelo Notas medias: Nuez moscada, Jazm\u00edn, Notas amaderadas Notas de fondo: S\u00e1ndalo, Cuero, \u00c1mbar, Vetiver<\/p>\n<h4>Pir\u00e1mide olfativa<\/h4>\n<ul>\n<li><strong>Notas de entrada:<\/strong> Neroli, Bergamota, Pomelo<\/li>\n<li><strong>Notas de coraz\u00f3n:<\/strong> Nuez moscada, Jazm\u00edn, Notas amaderadas<\/li>\n<li><strong>Notas de salida:<\/strong> S\u00e1ndalo, Piel, \u00c1mbar, Vetiver<\/li>\n<\/ul>","protected":false},"excerpt":{"rendered":"<p>Descubra el exquisito encanto de Armaf Men&#8217;s Excellus EDP Spray, una cautivadora fragancia lanzada en 2019. Elaborado por la renombrada casa de dise\u00f1o de Oriente Medio, Armaf, este frasco de lujo de 100 ml encierra un mundo de sofisticaci\u00f3n y encanto. Excellus pertenece a la distinguida familia olfativa Cuero , ofreciendo un aroma que es [&hellip;]<\/p>\n","protected":false},"featured_media":3248,"comment_status":"open","ping_status":"closed","template":"","meta":[],"product_brand":[535],"product_cat":[225],"product_tag":[52,102,56,148,179,95,137,245,174,50],"class_list":{"0":"post-3249","1":"product","2":"type-product","3":"status-publish","4":"has-post-thumbnail","6":"product_brand-armaf","7":"product_cat-perfumes-y-fragancias","8":"product_tag-ambar","9":"product_tag-bergamota","10":"product_tag-jazmin","11":"product_tag-neroli","12":"product_tag-notas-amaderadas","13":"product_tag-nuez-moscada","14":"product_tag-piel","15":"product_tag-pomelo","16":"product_tag-sandalo","17":"product_tag-vetiver","19":"first","20":"outofstock","21":"taxable","22":"shipping-taxable","23":"product-type-simple"},"_links":{"self":[{"href":"https:\/\/novaluxeurope.com\/en\/wp-json\/wp\/v2\/product\/3249","targetHints":{"allow":["GET"]}}],"collection":[{"href":"https:\/\/novaluxeurope.com\/en\/wp-json\/wp\/v2\/product"}],"about":[{"href":"https:\/\/novaluxeurope.com\/en\/wp-json\/wp\/v2\/types\/product"}],"replies":[{"embeddable":true,"href":"https:\/\/novaluxeurope.com\/en\/wp-json\/wp\/v2\/comments?post=3249"}],"wp:featuredmedia":[{"embeddable":true,"href":"https:\/\/novaluxeurope.com\/en\/wp-json\/wp\/v2\/media\/3248"}],"wp:attachment":[{"href":"https:\/\/novaluxeurope.com\/en\/wp-json\/wp\/v2\/media?parent=3249"}],"wp:term":[{"taxonomy":"product_brand","embeddable":true,"href":"https:\/\/novaluxeurope.com\/en\/wp-json\/wp\/v2\/product_brand?post=3249"},{"taxonomy":"product_cat","embeddable":true,"href":"https:\/\/novaluxeurope.com\/en\/wp-json\/wp\/v2\/product_cat?post=3249"},{"taxonomy":"product_tag","embeddable":true,"href":"https:\/\/novaluxeurope.com\/en\/wp-json\/wp\/v2\/product_tag?post=3249"}],"curies":[{"name":"wp","href":"https:\/\/api.w.org\/{rel}","templated":true}]}}