{"id":3246,"date":"2026-04-11T00:01:52","date_gmt":"2026-04-11T00:01:52","guid":{"rendered":"https:\/\/novaluxeurope.com\/producto\/armaf-ego-tigre\/"},"modified":"2026-05-08T12:01:35","modified_gmt":"2026-05-08T12:01:35","slug":"armaf-ego-tigre","status":"publish","type":"product","link":"https:\/\/novaluxeurope.com\/en\/product\/armaf-ego-tigre\/","title":{"rendered":"Armaf Ego Tigre"},"content":{"rendered":"<p>Demu\u00e9strate a ti mismo y a los que te rodean que tu energ\u00eda es casi inagotable. No te detengas, traspasa tus l\u00edmites, supera todos los desaf\u00edos. El eau de parfum para hombre Armaf Ego Tigre te seguir\u00e1 siempre el ritmo.<\/p>\n<ul>\n<li>fragancia c\u00edtrica<\/li>\n<li>fragancia especiada<\/li>\n<li>fragancia amaderada<\/li>\n<\/ul>\n<h4>Pir\u00e1mide olfativa<\/h4>\n<ul>\n<li><strong>Notas de entrada:<\/strong> bergamota, manzana, pi\u00f1a, notas acu\u00e1ticas<\/li>\n<li><strong>Notas de coraz\u00f3n:<\/strong> rosa, jazm\u00edn, pachuli<\/li>\n<li><strong>Notas de salida:<\/strong> \u00e1mbar, musgo de roble, almizcle, \u00e1mbar gris, vainilla<\/li>\n<\/ul>","protected":false},"excerpt":{"rendered":"<p>Demu\u00e9strate a ti mismo y a los que te rodean que tu energ\u00eda es casi inagotable. No te detengas, traspasa tus l\u00edmites, supera todos los desaf\u00edos. El eau de parfum para hombre Armaf Ego Tigre te seguir\u00e1 siempre el ritmo. fragancia c\u00edtrica fragancia especiada fragancia amaderada Pir\u00e1mide olfativa Notas de entrada: bergamota, manzana, pi\u00f1a, notas [&hellip;]<\/p>\n","protected":false},"featured_media":3245,"comment_status":"open","ping_status":"closed","template":"","meta":[],"product_brand":[535],"product_cat":[225],"product_tag":[59,52,64,102,56,88,61,595,67,101,49,63],"class_list":{"0":"post-3246","1":"product","2":"type-product","3":"status-publish","4":"has-post-thumbnail","6":"product_brand-armaf","7":"product_cat-perfumes-y-fragancias","8":"product_tag-almizcle","9":"product_tag-ambar","10":"product_tag-ambar-gris","11":"product_tag-bergamota","12":"product_tag-jazmin","13":"product_tag-manzana","14":"product_tag-musgo-de-roble","15":"product_tag-notas-acuaticas","16":"product_tag-pachuli","17":"product_tag-pina","18":"product_tag-rosa","19":"product_tag-vainilla","21":"first","22":"instock","23":"taxable","24":"shipping-taxable","25":"product-type-simple"},"_links":{"self":[{"href":"https:\/\/novaluxeurope.com\/en\/wp-json\/wp\/v2\/product\/3246","targetHints":{"allow":["GET"]}}],"collection":[{"href":"https:\/\/novaluxeurope.com\/en\/wp-json\/wp\/v2\/product"}],"about":[{"href":"https:\/\/novaluxeurope.com\/en\/wp-json\/wp\/v2\/types\/product"}],"replies":[{"embeddable":true,"href":"https:\/\/novaluxeurope.com\/en\/wp-json\/wp\/v2\/comments?post=3246"}],"wp:featuredmedia":[{"embeddable":true,"href":"https:\/\/novaluxeurope.com\/en\/wp-json\/wp\/v2\/media\/3245"}],"wp:attachment":[{"href":"https:\/\/novaluxeurope.com\/en\/wp-json\/wp\/v2\/media?parent=3246"}],"wp:term":[{"taxonomy":"product_brand","embeddable":true,"href":"https:\/\/novaluxeurope.com\/en\/wp-json\/wp\/v2\/product_brand?post=3246"},{"taxonomy":"product_cat","embeddable":true,"href":"https:\/\/novaluxeurope.com\/en\/wp-json\/wp\/v2\/product_cat?post=3246"},{"taxonomy":"product_tag","embeddable":true,"href":"https:\/\/novaluxeurope.com\/en\/wp-json\/wp\/v2\/product_tag?post=3246"}],"curies":[{"name":"wp","href":"https:\/\/api.w.org\/{rel}","templated":true}]}}