{"id":3239,"date":"2026-04-11T00:01:49","date_gmt":"2026-04-11T00:01:49","guid":{"rendered":"https:\/\/novaluxeurope.com\/producto\/armaf-effects-of-uniq-edp-u-100-ml\/"},"modified":"2026-05-07T16:01:23","modified_gmt":"2026-05-07T16:01:23","slug":"armaf-effects-of-uniq-edp-u-100-ml","status":"publish","type":"product","link":"https:\/\/novaluxeurope.com\/en\/product\/armaf-effects-of-uniq-edp-u-100-ml\/","title":{"rendered":"Armaf Effects of Uniq"},"content":{"rendered":"<p>Experimente el cautivador encanto de Armaf Men&#8217;s Uniq Effects EDP Spray, una sofisticada fragancia unisex creada para dejar una impresi\u00f3n duradera. Procedente de la renombrada casa de dise\u00f1o Armaf, este Eau de Parfum de 100 ml es un verdadero testimonio del lujo de Oriente Medio, meticulosamente creado en los Emiratos \u00c1rabes Unidos. Uniq Effects se abre con vibrantes notas de salida de mandarina y pera, que crean una vigorizante primera impresi\u00f3n. A medida que la fragancia evoluciona, las notas de coraz\u00f3n de azahar, vainilla y flores blancas adquieren protagonismo, a\u00f1adiendo un toque de elegancia y calidez. El viaje concluye con las ricas notas de fondo de madera de cedro, pachul\u00ed, almizcle blanco, caf\u00e9 y caramelo, que dejan una estela fascinante que perdura durante todo el d\u00eda. Esta fragancia masculina es m\u00e1s que un aroma: es una experiencia. Perfecta para el hombre moderno que aprecia las cosas buenas de la vida, Armaf Uniq Effects est\u00e1 dise\u00f1ada para complementar su estilo y carisma \u00fanicos. Tanto si se dirige a una reuni\u00f3n de negocios como a una salida informal, este EDP Spray le garantiza que destacar\u00e1 con confianza y sofisticaci\u00f3n. Con su exquisita mezcla de notas y su lujosa herencia de Oriente Medio, Armaf Uniq Effects es un complemento imprescindible en cualquier colecci\u00f3n de fragancias. El frasco de 100 ml es ideal para el uso diario, ya que proporciona una fragancia duradera que cautiva y encanta. NOTAS DE PERFUME Notas de salida: Mandarina, Pera Notas medias: Azahar, vainilla, flores blancas Notas de fondo: Cedro, Pachul\u00ed, Almizcle blanco, Caf\u00e9, Caramelo<\/p>\n<h4>Pir\u00e1mide olfativa<\/h4>\n<ul>\n<li><strong>Notas de entrada:<\/strong> Mandar\u00edn, Pera<\/li>\n<li><strong>Notas de coraz\u00f3n:<\/strong> Azahar, Vainilla, Flores blancas<\/li>\n<li><strong>Notas de salida:<\/strong> Madera de cedro, Pachul\u00ed, Almizcle blanco, Caf\u00e9, Caramelo<\/li>\n<\/ul>","protected":false},"excerpt":{"rendered":"<p>Experimente el cautivador encanto de Armaf Men&#8217;s Uniq Effects EDP Spray, una sofisticada fragancia unisex creada para dejar una impresi\u00f3n duradera. Procedente de la renombrada casa de dise\u00f1o Armaf, este Eau de Parfum de 100 ml es un verdadero testimonio del lujo de Oriente Medio, meticulosamente creado en los Emiratos \u00c1rabes Unidos. Uniq Effects se [&hellip;]<\/p>\n","protected":false},"featured_media":3238,"comment_status":"open","ping_status":"closed","template":"","meta":[],"product_brand":[535],"product_cat":[225],"product_tag":[169,353,182,60,110,46,122,67,112,63],"class_list":{"0":"post-3239","1":"product","2":"type-product","3":"status-publish","4":"has-post-thumbnail","6":"product_brand-armaf","7":"product_cat-perfumes-y-fragancias","8":"product_tag-almizcle-blanco","9":"product_tag-azahar","10":"product_tag-cafe","11":"product_tag-caramelo","12":"product_tag-flores-blancas","13":"product_tag-madera-de-cedro","14":"product_tag-mandarin","15":"product_tag-pachuli","16":"product_tag-pera","17":"product_tag-vainilla","19":"first","20":"instock","21":"taxable","22":"shipping-taxable","23":"product-type-simple"},"_links":{"self":[{"href":"https:\/\/novaluxeurope.com\/en\/wp-json\/wp\/v2\/product\/3239","targetHints":{"allow":["GET"]}}],"collection":[{"href":"https:\/\/novaluxeurope.com\/en\/wp-json\/wp\/v2\/product"}],"about":[{"href":"https:\/\/novaluxeurope.com\/en\/wp-json\/wp\/v2\/types\/product"}],"replies":[{"embeddable":true,"href":"https:\/\/novaluxeurope.com\/en\/wp-json\/wp\/v2\/comments?post=3239"}],"wp:featuredmedia":[{"embeddable":true,"href":"https:\/\/novaluxeurope.com\/en\/wp-json\/wp\/v2\/media\/3238"}],"wp:attachment":[{"href":"https:\/\/novaluxeurope.com\/en\/wp-json\/wp\/v2\/media?parent=3239"}],"wp:term":[{"taxonomy":"product_brand","embeddable":true,"href":"https:\/\/novaluxeurope.com\/en\/wp-json\/wp\/v2\/product_brand?post=3239"},{"taxonomy":"product_cat","embeddable":true,"href":"https:\/\/novaluxeurope.com\/en\/wp-json\/wp\/v2\/product_cat?post=3239"},{"taxonomy":"product_tag","embeddable":true,"href":"https:\/\/novaluxeurope.com\/en\/wp-json\/wp\/v2\/product_tag?post=3239"}],"curies":[{"name":"wp","href":"https:\/\/api.w.org\/{rel}","templated":true}]}}