{"id":3231,"date":"2026-04-11T00:01:47","date_gmt":"2026-04-11T00:01:47","guid":{"rendered":"https:\/\/novaluxeurope.com\/producto\/armaf-dunescape-edp-u-100-ml\/"},"modified":"2026-04-24T13:13:45","modified_gmt":"2026-04-24T13:13:45","slug":"armaf-dunescape-edp-u-100-ml","status":"publish","type":"product","link":"https:\/\/novaluxeurope.com\/en\/product\/armaf-dunescape-edp-u-100-ml\/","title":{"rendered":"Armaf Dunescape"},"content":{"rendered":"<p>Armaf Dunescape Eau de Parfum 100 ml es una fragancia unisex moderna que refleja fuerza serena, claridad y confianza tranquila. Creada para aquellos que valoran el equilibrio por encima de los excesos, esta composici\u00f3n arom\u00e1tica foug\u00e8re-amaderada mezcla la energ\u00eda fresca de los c\u00edtricos con acentos herbales y una base c\u00e1lida y compuesta. Dunescape es contempor\u00e1nea y vers\u00e1til, adecuada tanto para mujeres como para hombres que prefieren un aroma refinado que pase naturalmente del d\u00eda a la noche. La fragancia se abre con una v\u00edvida mezcla de lim\u00f3n, mandarina, bergamota y naranja sanguina, que proporciona una brillante oleada c\u00edtrica realzada por la nitidez arom\u00e1tica del jengibre, el enebro y la salvia. Esta apertura se siente fresca y vigorizante, evocando la apertura, el movimiento y el aire fresco a trav\u00e9s de paisajes iluminados por el sol. A medida que la composici\u00f3n evoluciona, el coraz\u00f3n se vuelve m\u00e1s limpio y moderno. El Cashmeran introduce una suave textura amaderada y almizclada, realzada por un aireado acorde oz\u00f3nico. Los toques florales del geranio y la rosa se equilibran con la fresca claridad de la manzana, dando al coraz\u00f3n un car\u00e1cter suave y contempor\u00e1neo. En la fase seca, Dunescape se asienta en una base tranquila y duradera de \u00e1mbar seco, almizcle y s\u00e1ndalo. Estas notas aportan calidez y profundidad sin pesadez, dejando una estela suave y sutilmente sensual que se mantiene cerca de la piel con tranquila confianza. Armaf Dunescape Eau de Parfum es ideal como fragancia de firma para todas las estaciones, perfecta para llevar a diario y para transiciones sin esfuerzo de momentos informales a ocasiones m\u00e1s elegantes. NOTAS DE PERFUME Notas de salida: Lim\u00f3n, mandarina, bergamota, naranja sanguina, jengibre, enebro, salvia Notas medias: Cashmeran, Acorde Oz\u00f3nico, Geranio, Rosa, Manzana Notas de Fondo: \u00c1mbar seco, Almizcle, S\u00e1ndalo<\/p>\n<h4>Pir\u00e1mide olfativa<\/h4>\n<ul>\n<li><strong>Notas de entrada:<\/strong> Lim\u00f3n, Mandar\u00edn, Bergamota, Naranja sanguina, Aceite de jengibre, Juniper, Salvia<\/li>\n<li><strong>Notas de coraz\u00f3n:<\/strong> Cashmeran, Acuerdo Oz\u00f3nico, Geranio, Rosa, Manzana<\/li>\n<li><strong>Notas de salida:<\/strong> \u00c1mbar seco, Almizcle, S\u00e1ndalo<\/li>\n<\/ul>","protected":false},"excerpt":{"rendered":"<p>Armaf Dunescape Eau de Parfum 100 ml es una fragancia unisex moderna que refleja fuerza serena, claridad y confianza tranquila. Creada para aquellos que valoran el equilibrio por encima de los excesos, esta composici\u00f3n arom\u00e1tica foug\u00e8re-amaderada mezcla la energ\u00eda fresca de los c\u00edtricos con acentos herbales y una base c\u00e1lida y compuesta. Dunescape es contempor\u00e1nea [&hellip;]<\/p>\n","protected":false},"featured_media":3230,"comment_status":"open","ping_status":"closed","template":"","meta":[],"product_brand":[535],"product_cat":[225],"product_tag":[610,611,59,612,102,121,131,592,140,122,88,412,49,242,174],"class_list":{"0":"post-3231","1":"product","2":"type-product","3":"status-publish","4":"has-post-thumbnail","6":"product_brand-armaf","7":"product_cat-perfumes-y-fragancias","8":"product_tag-aceite-de-jengibre","9":"product_tag-acuerdo-ozonico","10":"product_tag-almizcle","11":"product_tag-ambar-seco","12":"product_tag-bergamota","13":"product_tag-cashmeran","14":"product_tag-geranio","15":"product_tag-juniper","16":"product_tag-limon","17":"product_tag-mandarin","18":"product_tag-manzana","19":"product_tag-naranja-sanguina","20":"product_tag-rosa","21":"product_tag-salvia","22":"product_tag-sandalo","24":"first","25":"outofstock","26":"taxable","27":"shipping-taxable","28":"product-type-simple"},"_links":{"self":[{"href":"https:\/\/novaluxeurope.com\/en\/wp-json\/wp\/v2\/product\/3231","targetHints":{"allow":["GET"]}}],"collection":[{"href":"https:\/\/novaluxeurope.com\/en\/wp-json\/wp\/v2\/product"}],"about":[{"href":"https:\/\/novaluxeurope.com\/en\/wp-json\/wp\/v2\/types\/product"}],"replies":[{"embeddable":true,"href":"https:\/\/novaluxeurope.com\/en\/wp-json\/wp\/v2\/comments?post=3231"}],"wp:featuredmedia":[{"embeddable":true,"href":"https:\/\/novaluxeurope.com\/en\/wp-json\/wp\/v2\/media\/3230"}],"wp:attachment":[{"href":"https:\/\/novaluxeurope.com\/en\/wp-json\/wp\/v2\/media?parent=3231"}],"wp:term":[{"taxonomy":"product_brand","embeddable":true,"href":"https:\/\/novaluxeurope.com\/en\/wp-json\/wp\/v2\/product_brand?post=3231"},{"taxonomy":"product_cat","embeddable":true,"href":"https:\/\/novaluxeurope.com\/en\/wp-json\/wp\/v2\/product_cat?post=3231"},{"taxonomy":"product_tag","embeddable":true,"href":"https:\/\/novaluxeurope.com\/en\/wp-json\/wp\/v2\/product_tag?post=3231"}],"curies":[{"name":"wp","href":"https:\/\/api.w.org\/{rel}","templated":true}]}}