{"id":3223,"date":"2026-04-11T00:01:44","date_gmt":"2026-04-11T00:01:44","guid":{"rendered":"https:\/\/novaluxeurope.com\/producto\/armaf-cotton-candy-edp-u-70-ml\/"},"modified":"2026-04-24T13:31:57","modified_gmt":"2026-04-24T13:31:57","slug":"armaf-cotton-candy-edp-u-70-ml","status":"publish","type":"product","link":"https:\/\/novaluxeurope.com\/en\/product\/armaf-cotton-candy-edp-u-70-ml\/","title":{"rendered":"Armaf Cotton Candy"},"content":{"rendered":"<p>Armaf Cotton Candy Eau de Parfum 70 ml es una encantadora fragancia unisex que celebra la dulzura de una forma refinada y moderna. Creada para aquellos que disfrutan de las fragancias gourmand con elegancia en lugar de exceso, esta composici\u00f3n frutal-gourmand se siente juguetona pero bien equilibrada. Desenfadado pero refinado, Cotton Candy aporta una sensaci\u00f3n de confort y alegr\u00eda, convirti\u00e9ndolo en una firma f\u00e1cil de llevar para momentos cotidianos y ocasiones relajadas. La fragancia se abre con una atractiva mezcla de frambuesa, pimienta rosa y cacao. La jugosidad frutal se combina con una sutil chispa especiada y una cremosa calidez gourmand, creando una apertura que resulta alegre y placentera sin resultar abrumadora. Esta primera impresi\u00f3n es suave, adictiva e inmediatamente reconfortante. A medida que la fragancia se desarrolla, el coraz\u00f3n revela una suave capa floral en la que el Jazm\u00edn y la Rosa suavizan la dulzura y a\u00f1aden una delicada elegancia. Estas notas florales equilibran el car\u00e1cter gourmand, confiriendo a la composici\u00f3n una suavidad refinada y ponible que realza su atractivo unisex. En la fase de secado, aparece un c\u00e1lido fondo de vainilla, benju\u00ed y madera de cedro. El resultado es una estela cremosa, ligeramente resinosa y suavemente amaderada que perdura maravillosamente en la piel, a\u00f1adiendo profundidad y una sutil sensualidad a la vez que mantiene un aura acogedora y acogedora. Armaf Cotton Candy Eau de Parfum es ideal para la primavera y el verano, salidas diurnas o momentos en los que se desea una fragancia dulce pero de buen gusto. Con su equilibrado perfil gourmand y su acabado suave y elegante, es una deliciosa elecci\u00f3n para cualquiera que disfrute de la dulzura juguetona con un toque refinado. NOTAS DE PERFUME Notas de salida: Frambuesa, Pimienta rosa, Cacao Notas medias: Jazm\u00edn, Rosa Notas de Fondo: Vainilla, Benju\u00ed, Cedro<\/p>\n<h4>Pir\u00e1mide olfativa<\/h4>\n<ul>\n<li><strong>Notas de entrada:<\/strong> Frambuesa, Pimienta rosa, Cacao<\/li>\n<li><strong>Notas de coraz\u00f3n:<\/strong> Jazm\u00edn, Rosa<\/li>\n<li><strong>Notas de salida:<\/strong> Vainilla, Benju\u00ed Resinoide, Madera de cedro<\/li>\n<\/ul>","protected":false},"excerpt":{"rendered":"<p>Armaf Cotton Candy Eau de Parfum 70 ml es una encantadora fragancia unisex que celebra la dulzura de una forma refinada y moderna. Creada para aquellos que disfrutan de las fragancias gourmand con elegancia en lugar de exceso, esta composici\u00f3n frutal-gourmand se siente juguetona pero bien equilibrada. Desenfadado pero refinado, Cotton Candy aporta una sensaci\u00f3n [&hellip;]<\/p>\n","protected":false},"featured_media":3222,"comment_status":"open","ping_status":"closed","template":"","meta":[],"product_brand":[535],"product_cat":[225],"product_tag":[609,259,97,56,46,141,49,63],"class_list":{"0":"post-3223","1":"product","2":"type-product","3":"status-publish","4":"has-post-thumbnail","6":"product_brand-armaf","7":"product_cat-perfumes-y-fragancias","8":"product_tag-benjui-resinoide","9":"product_tag-cacao","10":"product_tag-frambuesa","11":"product_tag-jazmin","12":"product_tag-madera-de-cedro","13":"product_tag-pimienta-rosa","14":"product_tag-rosa","15":"product_tag-vainilla","17":"first","18":"instock","19":"taxable","20":"shipping-taxable","21":"product-type-simple"},"_links":{"self":[{"href":"https:\/\/novaluxeurope.com\/en\/wp-json\/wp\/v2\/product\/3223","targetHints":{"allow":["GET"]}}],"collection":[{"href":"https:\/\/novaluxeurope.com\/en\/wp-json\/wp\/v2\/product"}],"about":[{"href":"https:\/\/novaluxeurope.com\/en\/wp-json\/wp\/v2\/types\/product"}],"replies":[{"embeddable":true,"href":"https:\/\/novaluxeurope.com\/en\/wp-json\/wp\/v2\/comments?post=3223"}],"wp:featuredmedia":[{"embeddable":true,"href":"https:\/\/novaluxeurope.com\/en\/wp-json\/wp\/v2\/media\/3222"}],"wp:attachment":[{"href":"https:\/\/novaluxeurope.com\/en\/wp-json\/wp\/v2\/media?parent=3223"}],"wp:term":[{"taxonomy":"product_brand","embeddable":true,"href":"https:\/\/novaluxeurope.com\/en\/wp-json\/wp\/v2\/product_brand?post=3223"},{"taxonomy":"product_cat","embeddable":true,"href":"https:\/\/novaluxeurope.com\/en\/wp-json\/wp\/v2\/product_cat?post=3223"},{"taxonomy":"product_tag","embeddable":true,"href":"https:\/\/novaluxeurope.com\/en\/wp-json\/wp\/v2\/product_tag?post=3223"}],"curies":[{"name":"wp","href":"https:\/\/api.w.org\/{rel}","templated":true}]}}