{"id":3217,"date":"2026-04-11T00:01:41","date_gmt":"2026-04-11T00:01:41","guid":{"rendered":"https:\/\/novaluxeurope.com\/producto\/armaf-club-de-nuit-woman-shower-gel-360-ml\/"},"modified":"2026-04-24T13:13:45","modified_gmt":"2026-04-24T13:13:45","slug":"armaf-club-de-nuit-woman-shower-gel-360-ml","status":"publish","type":"product","link":"https:\/\/novaluxeurope.com\/en\/product\/armaf-club-de-nuit-woman-shower-gel-360-ml\/","title":{"rendered":"Armaf Club de Nuit Woman shower gel"},"content":{"rendered":"<p>El Gel de Ducha Armaf Club de Nuit Woman 360 ml es un limpiador corporal lujoso y elegante creado para las mujeres que disfrutan de las fragancias sofisticadas y duraderas. Perteneciente a la familia Floriental, este gel de ducha enriquece su rutina diaria combinando una limpieza suave con la fragancia caracter\u00edstica de Armaf Club de Nuit Woman, dejando la piel delicadamente perfumada y revitalizada. La fragancia se abre con notas de salida frescas y chispeantes de naranja, pomelo, bergamota y melocot\u00f3n, que proporcionan una introducci\u00f3n brillante, jugosa y estimulante. El coraz\u00f3n se despliega con un rico bouquet floral de rosa, geranio, jazm\u00edn y lichi, que aporta feminidad, elegancia y una sutil profundidad floral y afrutada. El fondo se desarrolla en notas c\u00e1lidas y sensuales de pachul\u00ed, vainilla, almizcle y vetiver, creando un acabado cremoso y duradero que perdura maravillosamente. El Gel de Ducha Armaf Club de Nuit Woman es perfecto para el uso diario, ya que ofrece una limpieza refrescante a la vez que envuelve al usuario en un aroma refinado y cautivador que refleja la elegancia y sofisticaci\u00f3n del Eau de Parfum. NOTAS DE PERFUME Notas de salida: Naranja, Pomelo, Bergamota, Melocot\u00f3n Notas medias: Rosa, Geranio, Jazm\u00edn, Litchi Notas de Fondo: Pachul\u00ed, Vainilla, Almizcle, Vetiver<\/p>\n<h4>Pir\u00e1mide olfativa<\/h4>\n<ul>\n<li><strong>Notas de entrada:<\/strong> Naranja, Pomelo, Bergamota, Melocot\u00f3n<\/li>\n<li><strong>Notas de coraz\u00f3n:<\/strong> Rosa, Geranio, Jazm\u00edn, Litchi<\/li>\n<li><strong>Notas de salida:<\/strong> Pachul\u00ed, Vainilla, Almizcle, Vetiver<\/li>\n<\/ul>","protected":false},"excerpt":{"rendered":"<p>El Gel de Ducha Armaf Club de Nuit Woman 360 ml es un limpiador corporal lujoso y elegante creado para las mujeres que disfrutan de las fragancias sofisticadas y duraderas. Perteneciente a la familia Floriental, este gel de ducha enriquece su rutina diaria combinando una limpieza suave con la fragancia caracter\u00edstica de Armaf Club de [&hellip;]<\/p>\n","protected":false},"featured_media":3216,"comment_status":"open","ping_status":"closed","template":"","meta":[],"product_brand":[535],"product_cat":[225],"product_tag":[59,102,131,56,361,186,98,67,245,49,63,50],"class_list":{"0":"post-3217","1":"product","2":"type-product","3":"status-publish","4":"has-post-thumbnail","6":"product_brand-armaf","7":"product_cat-perfumes-y-fragancias","8":"product_tag-almizcle","9":"product_tag-bergamota","10":"product_tag-geranio","11":"product_tag-jazmin","12":"product_tag-litchi","13":"product_tag-melocoton","14":"product_tag-naranja","15":"product_tag-pachuli","16":"product_tag-pomelo","17":"product_tag-rosa","18":"product_tag-vainilla","19":"product_tag-vetiver","21":"first","22":"outofstock","23":"taxable","24":"shipping-taxable","25":"product-type-simple"},"_links":{"self":[{"href":"https:\/\/novaluxeurope.com\/en\/wp-json\/wp\/v2\/product\/3217","targetHints":{"allow":["GET"]}}],"collection":[{"href":"https:\/\/novaluxeurope.com\/en\/wp-json\/wp\/v2\/product"}],"about":[{"href":"https:\/\/novaluxeurope.com\/en\/wp-json\/wp\/v2\/types\/product"}],"replies":[{"embeddable":true,"href":"https:\/\/novaluxeurope.com\/en\/wp-json\/wp\/v2\/comments?post=3217"}],"wp:featuredmedia":[{"embeddable":true,"href":"https:\/\/novaluxeurope.com\/en\/wp-json\/wp\/v2\/media\/3216"}],"wp:attachment":[{"href":"https:\/\/novaluxeurope.com\/en\/wp-json\/wp\/v2\/media?parent=3217"}],"wp:term":[{"taxonomy":"product_brand","embeddable":true,"href":"https:\/\/novaluxeurope.com\/en\/wp-json\/wp\/v2\/product_brand?post=3217"},{"taxonomy":"product_cat","embeddable":true,"href":"https:\/\/novaluxeurope.com\/en\/wp-json\/wp\/v2\/product_cat?post=3217"},{"taxonomy":"product_tag","embeddable":true,"href":"https:\/\/novaluxeurope.com\/en\/wp-json\/wp\/v2\/product_tag?post=3217"}],"curies":[{"name":"wp","href":"https:\/\/api.w.org\/{rel}","templated":true}]}}