{"id":3211,"date":"2026-04-11T00:01:39","date_gmt":"2026-04-11T00:01:39","guid":{"rendered":"https:\/\/novaluxeurope.com\/producto\/armaf-club-de-nuit-precieux-10\/"},"modified":"2026-05-14T12:01:33","modified_gmt":"2026-05-14T12:01:33","slug":"armaf-club-de-nuit-precieux-10","status":"publish","type":"product","link":"https:\/\/novaluxeurope.com\/en\/product\/armaf-club-de-nuit-precieux-10\/","title":{"rendered":"Armaf Club de Nuit Woman EDP W 105 ml"},"content":{"rendered":"<p>Sum\u00e9rjase en la lujosa esencia de Club De Nuit de Armaf , una fragancia meticulosamente elaborada para la mujer sofisticada . Este encantador perfume pertenece a la familia olfativa Floral Frutal y ofrece una deliciosa mezcla de notas frescas y dulces que cautivan los sentidos. El viaje comienza con unas vibrantes notas de salida de bergamota, pomelo, melocot\u00f3n y naranja, que crean una apertura vigorizante y refrescante. A medida que la fragancia se despliega, las notas de coraz\u00f3n revelan un elegante bouquet de rosa, jazm\u00edn, geranio y lichi, que a\u00f1aden un toque de encanto rom\u00e1ntico. Por \u00faltimo, las notas de fondo de vainilla, almizcle, pachul\u00ed y vetiver proporcionan un acabado c\u00e1lido y persistente, garantizando una impresi\u00f3n duradera. Dise\u00f1ado por la prestigiosa casa Armaf, Club De Nuit forma parte de su renombrada colecci\u00f3n, c\u00e9lebre por sus exquisitas composiciones. Este Eau de Parfum (EDP) en aerosol, de 105 ml, es perfecto para el uso diario o para ocasiones especiales, por lo que es una adici\u00f3n vers\u00e1til a cualquier armario de fragancias. Experimente el encanto y la sofisticaci\u00f3n de Armaf Ladies Club De Nuit EDP Spray. Con su cautivadora mezcla de notas florales y afrutadas, esta fragancia se convertir\u00e1 en una de sus favoritas. Descubra la esencia de la elegancia con cada rociada. NOTAS DE PERFUME Notas de salida: Bergamota, Pomelo, Melocot\u00f3n, Naranja Notas medias: Geranio, Jazm\u00edn, Litchi, Rosa Notas de Fondo: Pachul\u00ed, Vainilla, Vetiver, Almizcle<\/p>\n<h4>Pir\u00e1mide olfativa<\/h4>\n<ul>\n<li><strong>Notas de entrada:<\/strong> Bergamota, Pomelo, Melocot\u00f3n, Naranja<\/li>\n<li><strong>Notas de coraz\u00f3n:<\/strong> Geranio, Jazm\u00edn, Litchi, Rosa<\/li>\n<li><strong>Notas de salida:<\/strong> Pachul\u00ed, Vainilla, Vetiver, Almizcle<\/li>\n<\/ul>","protected":false},"excerpt":{"rendered":"<p>Sum\u00e9rjase en la lujosa esencia de Club De Nuit de Armaf , una fragancia meticulosamente elaborada para la mujer sofisticada . Este encantador perfume pertenece a la familia olfativa Floral Frutal y ofrece una deliciosa mezcla de notas frescas y dulces que cautivan los sentidos. El viaje comienza con unas vibrantes notas de salida de [&hellip;]<\/p>\n","protected":false},"featured_media":6122,"comment_status":"open","ping_status":"closed","template":"","meta":[],"product_brand":[535],"product_cat":[225],"product_tag":[169,52,76,154,102,60,69,56,140,85,536,46,61,67,112,323,181,101,63],"class_list":{"0":"post-3211","1":"product","2":"type-product","3":"status-publish","4":"has-post-thumbnail","6":"product_brand-armaf","7":"product_cat-perfumes-y-fragancias","8":"product_tag-almizcle-blanco","9":"product_tag-ambar","10":"product_tag-ambroxan","11":"product_tag-anis","12":"product_tag-bergamota","13":"product_tag-caramelo","14":"product_tag-cuero","15":"product_tag-jazmin","16":"product_tag-limon","17":"product_tag-lirio-de-los-valles","18":"product_tag-madera-blanca","19":"product_tag-madera-de-cedro","20":"product_tag-musgo-de-roble","21":"product_tag-pachuli","22":"product_tag-pera","23":"product_tag-pimienta-negra","24":"product_tag-pimienta-rosada","25":"product_tag-pina","26":"product_tag-vainilla","28":"first","29":"instock","30":"taxable","31":"shipping-taxable","32":"product-type-simple"},"_links":{"self":[{"href":"https:\/\/novaluxeurope.com\/en\/wp-json\/wp\/v2\/product\/3211","targetHints":{"allow":["GET"]}}],"collection":[{"href":"https:\/\/novaluxeurope.com\/en\/wp-json\/wp\/v2\/product"}],"about":[{"href":"https:\/\/novaluxeurope.com\/en\/wp-json\/wp\/v2\/types\/product"}],"replies":[{"embeddable":true,"href":"https:\/\/novaluxeurope.com\/en\/wp-json\/wp\/v2\/comments?post=3211"}],"wp:featuredmedia":[{"embeddable":true,"href":"https:\/\/novaluxeurope.com\/en\/wp-json\/wp\/v2\/media\/6122"}],"wp:attachment":[{"href":"https:\/\/novaluxeurope.com\/en\/wp-json\/wp\/v2\/media?parent=3211"}],"wp:term":[{"taxonomy":"product_brand","embeddable":true,"href":"https:\/\/novaluxeurope.com\/en\/wp-json\/wp\/v2\/product_brand?post=3211"},{"taxonomy":"product_cat","embeddable":true,"href":"https:\/\/novaluxeurope.com\/en\/wp-json\/wp\/v2\/product_cat?post=3211"},{"taxonomy":"product_tag","embeddable":true,"href":"https:\/\/novaluxeurope.com\/en\/wp-json\/wp\/v2\/product_tag?post=3211"}],"curies":[{"name":"wp","href":"https:\/\/api.w.org\/{rel}","templated":true}]}}