{"id":3209,"date":"2026-04-11T00:01:38","date_gmt":"2026-04-11T00:01:38","guid":{"rendered":"https:\/\/novaluxeurope.com\/producto\/armaf-club-de-nuit-urban-man-elixir-2\/"},"modified":"2026-04-24T13:13:48","modified_gmt":"2026-04-24T13:13:48","slug":"armaf-club-de-nuit-urban-man-elixir-2","status":"publish","type":"product","link":"https:\/\/novaluxeurope.com\/en\/product\/armaf-club-de-nuit-urban-man-elixir-2\/","title":{"rendered":"Armaf Club De Nuit Urban Man Elixir"},"content":{"rendered":"<p><strong>La nueva visi\u00f3n de la masculinidad<\/strong><\/p>\n<p>Pres\u00e9ntate ante el mundo con confianza en ti mismo y una energ\u00eda vital inagotable. El eau de parfum para hombre Armaf Club De Nuit Urban Man Elixir resalta tu fuerza masculina, anim\u00e1ndote a superar todos los retos.<\/p>\n<ul>\n<li>fragancia especiada con notas c\u00edtricas y herb\u00e1ceas<\/li>\n<li>notas de fondo arom\u00e1ticas de \u00e1mbar\u00a0<\/li>\n<li>fragancia adecuada para uso diario<\/li>\n<\/ul>\n<p> <strong>Composici\u00f3n de la fragancia:<\/strong><br \/>Cuando pruebes por primera vez el eau de parfum Armaf Club De Nuit Urban Man Elixir, llamar\u00e1 tu atenci\u00f3n el toque floral a jazm\u00edn y flor de azahar en combinaci\u00f3n con la bergamota y la especiada pimienta rosa. A continuaci\u00f3n, en las notas de coraz\u00f3n, la fragancia adquiere car\u00e1cter floral gracias a la combinaci\u00f3n de lavanda, azafr\u00e1n, geranio y marigold, envuelta en el frescor de la hierba tropical vetiver. Al final sentir\u00e1s el pachuli, cuyo ex\u00f3tico aroma conforma, junto con el \u00e1mbar, el cedro y el l\u00e1dano, las notas de fondo del eau de parfum, uniendo todos sus ingredientes en un placer sensual.<\/p>\n<p> <strong>Historia de la fragancia:<\/strong><br \/>La marca Armaf naci\u00f3 de una tradici\u00f3n familiar y, seg\u00fan las palabras de Fakhruddin, su fundador, su misi\u00f3n principal es llevar el \u00e9xito a todo el mundo, incluidos sus clientes. Por eso, el eau de parfum Armaf Club De Nuit Urban Man Elixir quiere despertar la masculinidad, la energ\u00eda y la confianza en todos los hombres que lo lleven.<\/p>\n<h4>Pir\u00e1mide olfativa<\/h4>\n<ul>\n<li><strong>Notas de entrada:<\/strong> bergamota, pimienta rosada, jazm\u00edn, flor de naranjo<\/li>\n<li><strong>Notas de coraz\u00f3n:<\/strong> lavanda, geranio, elemi, vetiver, azafr\u00e1n<\/li>\n<li><strong>Notas de salida:<\/strong> ambroxan, pachuli, \u00e1mbar, cedro, l\u00e1dano<\/li>\n<\/ul>","protected":false},"excerpt":{"rendered":"<p>La nueva visi\u00f3n de la masculinidad Pres\u00e9ntate ante el mundo con confianza en ti mismo y una energ\u00eda vital inagotable. El eau de parfum para hombre Armaf Club De Nuit Urban Man Elixir resalta tu fuerza masculina, anim\u00e1ndote a superar todos los retos. fragancia especiada con notas c\u00edtricas y herb\u00e1ceas notas de fondo arom\u00e1ticas de [&hellip;]<\/p>\n","protected":false},"featured_media":2865,"comment_status":"open","ping_status":"closed","template":"","meta":[],"product_brand":[535],"product_cat":[225],"product_tag":[52,76,87,102,53,107,84,131,56,70,73,67,181,50],"class_list":{"0":"post-3209","1":"product","2":"type-product","3":"status-publish","4":"has-post-thumbnail","6":"product_brand-armaf","7":"product_cat-perfumes-y-fragancias","8":"product_tag-ambar","9":"product_tag-ambroxan","10":"product_tag-azafran","11":"product_tag-bergamota","12":"product_tag-cedro","13":"product_tag-elemi","14":"product_tag-flor-de-naranjo","15":"product_tag-geranio","16":"product_tag-jazmin","17":"product_tag-ladano","18":"product_tag-lavanda","19":"product_tag-pachuli","20":"product_tag-pimienta-rosada","21":"product_tag-vetiver","23":"first","24":"outofstock","25":"taxable","26":"shipping-taxable","27":"product-type-simple"},"_links":{"self":[{"href":"https:\/\/novaluxeurope.com\/en\/wp-json\/wp\/v2\/product\/3209","targetHints":{"allow":["GET"]}}],"collection":[{"href":"https:\/\/novaluxeurope.com\/en\/wp-json\/wp\/v2\/product"}],"about":[{"href":"https:\/\/novaluxeurope.com\/en\/wp-json\/wp\/v2\/types\/product"}],"replies":[{"embeddable":true,"href":"https:\/\/novaluxeurope.com\/en\/wp-json\/wp\/v2\/comments?post=3209"}],"wp:featuredmedia":[{"embeddable":true,"href":"https:\/\/novaluxeurope.com\/en\/wp-json\/wp\/v2\/media\/2865"}],"wp:attachment":[{"href":"https:\/\/novaluxeurope.com\/en\/wp-json\/wp\/v2\/media?parent=3209"}],"wp:term":[{"taxonomy":"product_brand","embeddable":true,"href":"https:\/\/novaluxeurope.com\/en\/wp-json\/wp\/v2\/product_brand?post=3209"},{"taxonomy":"product_cat","embeddable":true,"href":"https:\/\/novaluxeurope.com\/en\/wp-json\/wp\/v2\/product_cat?post=3209"},{"taxonomy":"product_tag","embeddable":true,"href":"https:\/\/novaluxeurope.com\/en\/wp-json\/wp\/v2\/product_tag?post=3209"}],"curies":[{"name":"wp","href":"https:\/\/api.w.org\/{rel}","templated":true}]}}