{"id":3197,"date":"2026-04-11T00:01:36","date_gmt":"2026-04-11T00:01:36","guid":{"rendered":"https:\/\/novaluxeurope.com\/producto\/armaf-club-de-nuit-untold-edp-105-mi-deostick-75-g-body-iotion-100-ml\/"},"modified":"2026-04-24T13:13:48","modified_gmt":"2026-04-24T13:13:48","slug":"armaf-club-de-nuit-untold-edp-105-mi-deostick-75-g-body-iotion-100-ml","status":"publish","type":"product","link":"https:\/\/novaluxeurope.com\/en\/product\/armaf-club-de-nuit-untold-edp-105-mi-deostick-75-g-body-iotion-100-ml\/","title":{"rendered":"Armaf Club de Nuit Untold &#8211; 105 mI +deostick +body Iotion"},"content":{"rendered":"<p>Presentamos el Armaf Club De Nuit Untold Gift Set , una cautivadora colecci\u00f3n de fragancias lanzada en 2022. Esta fragancia unisex de la renombrada casa de dise\u00f1o Armaf pertenece a la categor\u00eda de fragancias de Oriente Medio y ofrece una mezcla \u00fanica de notas lujosas. Perfecto tanto para hombres como para mujeres, este set de regalo es un fant\u00e1stico complemento para cualquier colecci\u00f3n de fragancias. Club De Nuit Untold pertenece a la familia olfativa Ambarina Amaderada y desprende un aroma rico y c\u00e1lido. Las notas de salida de azafr\u00e1n y jazm\u00edn crean una apertura acogedora y ex\u00f3tica. A medida que la fragancia evoluciona, las notas de coraz\u00f3n de madera de \u00e1mbar y \u00e1mbar gris proporcionan un n\u00facleo profundo y resinoso que destila sofisticaci\u00f3n. Por \u00faltimo, las notas de fondo de resina de abeto y cedro a\u00f1aden un acabado amaderado y terroso, haciendo que esta fragancia sea realmente inolvidable. El set de regalo Armaf Club De Nuit Untold incluye un EDP de 105 ml, una loci\u00f3n corporal de 100 ml y una barra desodorante de 75 g, que proporcionan una experiencia olfativa completa. Tanto si desea darse un capricho como si busca el regalo perfecto, este set le impresionar\u00e1. Cada uno de los art\u00edculos del set contiene la misma fragancia hipnotizadora, para que te sientas y huelas fant\u00e1sticamente durante todo el d\u00eda. Dise\u00f1ado con atenci\u00f3n al detalle, el Set de Regalo Club De Nuit Untold no es s\u00f3lo una fragancia, sino una experiencia. El elegante envase y los ingredientes de alta calidad reflejan la elegancia y la artesan\u00eda de Armaf. NOTAS DE PERFUME Notas de salida: Azafr\u00e1n, Jazm\u00edn Notas medias: Madera de \u00e1mbar, \u00e1mbar gris Notas de fondo: Resina de abeto, Cedro<\/p>\n<h4>Pir\u00e1mide olfativa<\/h4>\n<ul>\n<li><strong>Notas de entrada:<\/strong> Azafr\u00e1n, Jazm\u00edn<\/li>\n<li><strong>Notas de coraz\u00f3n:<\/strong> Amberwood, Ambergris<\/li>\n<li><strong>Notas de salida:<\/strong> Resina de abeto, Cedro<\/li>\n<\/ul>","protected":false},"excerpt":{"rendered":"<p>Presentamos el Armaf Club De Nuit Untold Gift Set , una cautivadora colecci\u00f3n de fragancias lanzada en 2022. Esta fragancia unisex de la renombrada casa de dise\u00f1o Armaf pertenece a la categor\u00eda de fragancias de Oriente Medio y ofrece una mezcla \u00fanica de notas lujosas. Perfecto tanto para hombres como para mujeres, este set de [&hellip;]<\/p>\n","protected":false},"featured_media":3196,"comment_status":"open","ping_status":"closed","template":"","meta":[],"product_brand":[535],"product_cat":[225],"product_tag":[234,120,87,53,56,489],"class_list":{"0":"post-3197","1":"product","2":"type-product","3":"status-publish","4":"has-post-thumbnail","6":"product_brand-armaf","7":"product_cat-perfumes-y-fragancias","8":"product_tag-ambergris","9":"product_tag-amberwood","10":"product_tag-azafran","11":"product_tag-cedro","12":"product_tag-jazmin","13":"product_tag-resina-de-abeto","15":"first","16":"outofstock","17":"taxable","18":"shipping-taxable","19":"product-type-simple"},"_links":{"self":[{"href":"https:\/\/novaluxeurope.com\/en\/wp-json\/wp\/v2\/product\/3197","targetHints":{"allow":["GET"]}}],"collection":[{"href":"https:\/\/novaluxeurope.com\/en\/wp-json\/wp\/v2\/product"}],"about":[{"href":"https:\/\/novaluxeurope.com\/en\/wp-json\/wp\/v2\/types\/product"}],"replies":[{"embeddable":true,"href":"https:\/\/novaluxeurope.com\/en\/wp-json\/wp\/v2\/comments?post=3197"}],"wp:featuredmedia":[{"embeddable":true,"href":"https:\/\/novaluxeurope.com\/en\/wp-json\/wp\/v2\/media\/3196"}],"wp:attachment":[{"href":"https:\/\/novaluxeurope.com\/en\/wp-json\/wp\/v2\/media?parent=3197"}],"wp:term":[{"taxonomy":"product_brand","embeddable":true,"href":"https:\/\/novaluxeurope.com\/en\/wp-json\/wp\/v2\/product_brand?post=3197"},{"taxonomy":"product_cat","embeddable":true,"href":"https:\/\/novaluxeurope.com\/en\/wp-json\/wp\/v2\/product_cat?post=3197"},{"taxonomy":"product_tag","embeddable":true,"href":"https:\/\/novaluxeurope.com\/en\/wp-json\/wp\/v2\/product_tag?post=3197"}],"curies":[{"name":"wp","href":"https:\/\/api.w.org\/{rel}","templated":true}]}}