{"id":3194,"date":"2026-04-11T00:01:35","date_gmt":"2026-04-11T00:01:35","guid":{"rendered":"https:\/\/novaluxeurope.com\/producto\/armaf-club-de-nuit-sillage-5\/"},"modified":"2026-04-24T13:13:48","modified_gmt":"2026-04-24T13:13:48","slug":"armaf-club-de-nuit-sillage-5","status":"publish","type":"product","link":"https:\/\/novaluxeurope.com\/en\/product\/armaf-club-de-nuit-sillage-5\/","title":{"rendered":"Armaf Club de Nuit Sillage"},"content":{"rendered":"<p>Emprende un viaje espiritual por el desierto en busca del autoconocimiento. El eau de parfum para hombre Armaf Club de Nuit Sillage te ofrece un frescor duradero para lograrlo. Aunque es una fragancia fresca y jugosa, no carece de masculinidad ni de fuerza, que resaltar\u00e1n tu car\u00e1cter a la perfecci\u00f3n. Descubre a cada paso un poco m\u00e1s de tu propio temperamento.<\/p>\n<ul>\n<li>fragancia c\u00edtrica con notas amaderadas<\/li>\n<li>resalta tu car\u00e1cter masculino \u00fanico<\/li>\n<li>te refresca agradablemente en los calurosos d\u00edas de verano<\/li>\n<\/ul>\n<p> <strong>Composici\u00f3n de la fragancia:<\/strong><br \/>Con la primera gota te espera un frescor maravilloso gracias a la bergamota, el lim\u00f3n y la lima en combinaci\u00f3n con el intenso jengibre, la delicada hoja de violeta y la dulce grosella negra. Las notas de coraz\u00f3n florales ofrecen un aroma a rosa, iris y jazm\u00edn. En las de fondo, la fuerza de la masculinidad se ve reforzada por el peculiar almizcle con notas amaderadas de s\u00e1ndalo y cedro, as\u00ed como dulce ambroxan.<\/p>\n<p> <strong>Historia de la fragancia:<\/strong><br \/>La fragancia\u00a0Armaf Club de Nuit Sillage vio la luz en el a\u00f1o 2020. Se basa sobre todo en un aroma c\u00edtrico que, por tanto, resulta ideal para refrescarte en los meses de verano, tanto si tienes una cita como si vas a la oficina o a tomar una copa. Su frasco plateado de dise\u00f1o tambi\u00e9n te enamorar\u00e1 desde el primer momento.<\/p>\n<h4>Pir\u00e1mide olfativa<\/h4>\n<ul>\n<li><strong>Notas de entrada:<\/strong> rosa, geranio, azafr\u00e1n<\/li>\n<li><strong>Notas de coraz\u00f3n:<\/strong> comino, nuez moscada, violeta, pimiento<\/li>\n<li><strong>Notas de salida:<\/strong> \u00e1mbar, oud, vainilla, pachuli<\/li>\n<\/ul>","protected":false},"excerpt":{"rendered":"<p>Emprende un viaje espiritual por el desierto en busca del autoconocimiento. El eau de parfum para hombre Armaf Club de Nuit Sillage te ofrece un frescor duradero para lograrlo. Aunque es una fragancia fresca y jugosa, no carece de masculinidad ni de fuerza, que resaltar\u00e1n tu car\u00e1cter a la perfecci\u00f3n. Descubre a cada paso un [&hellip;]<\/p>\n","protected":false},"featured_media":2857,"comment_status":"open","ping_status":"closed","template":"","meta":[],"product_brand":[535],"product_cat":[225],"product_tag":[52,87,170,131,95,48,67,381,49,63,51],"class_list":{"0":"post-3194","1":"product","2":"type-product","3":"status-publish","4":"has-post-thumbnail","6":"product_brand-armaf","7":"product_cat-perfumes-y-fragancias","8":"product_tag-ambar","9":"product_tag-azafran","10":"product_tag-comino","11":"product_tag-geranio","12":"product_tag-nuez-moscada","13":"product_tag-oud","14":"product_tag-pachuli","15":"product_tag-pimiento","16":"product_tag-rosa","17":"product_tag-vainilla","18":"product_tag-violeta","20":"first","21":"outofstock","22":"taxable","23":"shipping-taxable","24":"product-type-simple"},"_links":{"self":[{"href":"https:\/\/novaluxeurope.com\/en\/wp-json\/wp\/v2\/product\/3194","targetHints":{"allow":["GET"]}}],"collection":[{"href":"https:\/\/novaluxeurope.com\/en\/wp-json\/wp\/v2\/product"}],"about":[{"href":"https:\/\/novaluxeurope.com\/en\/wp-json\/wp\/v2\/types\/product"}],"replies":[{"embeddable":true,"href":"https:\/\/novaluxeurope.com\/en\/wp-json\/wp\/v2\/comments?post=3194"}],"wp:featuredmedia":[{"embeddable":true,"href":"https:\/\/novaluxeurope.com\/en\/wp-json\/wp\/v2\/media\/2857"}],"wp:attachment":[{"href":"https:\/\/novaluxeurope.com\/en\/wp-json\/wp\/v2\/media?parent=3194"}],"wp:term":[{"taxonomy":"product_brand","embeddable":true,"href":"https:\/\/novaluxeurope.com\/en\/wp-json\/wp\/v2\/product_brand?post=3194"},{"taxonomy":"product_cat","embeddable":true,"href":"https:\/\/novaluxeurope.com\/en\/wp-json\/wp\/v2\/product_cat?post=3194"},{"taxonomy":"product_tag","embeddable":true,"href":"https:\/\/novaluxeurope.com\/en\/wp-json\/wp\/v2\/product_tag?post=3194"}],"curies":[{"name":"wp","href":"https:\/\/api.w.org\/{rel}","templated":true}]}}